{"id":510,"date":"2014-12-17T13:12:49","date_gmt":"2014-12-17T13:12:49","guid":{"rendered":"http:\/\/uenf.br\/cct\/leciv\/?page_id=510"},"modified":"2016-03-03T11:35:22","modified_gmt":"2016-03-03T11:35:22","slug":"coordenacao","status":"publish","type":"page","link":"https:\/\/uenf.br\/cct\/leciv\/pos-graduacao\/coordenacao\/","title":{"rendered":"Coordena\u00e7\u00e3o"},"content":{"rendered":"<div id=\"tituloPrincipal\"><strong>Composi\u00e7\u00e3o da Coordena\u00e7\u00e3o<\/strong><\/div>\n<p>&nbsp;<\/p>\n<div id=\"materiaPrincipal\">\n<p class=\"western\"><strong>&#8211; Coordenador de P\u00f3s-Gradua\u00e7\u00e3o:<br \/>\nAldo Durand Farf\u00e1n\u00a0. <\/strong>&#8211;\u00a0<a href=\"mailto:aldo@uenf.br\">aldo@uenf.br<\/a><\/p>\n<p align=\"justify\"><strong> \u00a0 &#8211; Colegiado Docente:<br \/>\n<\/strong>S\u00e9rgio Luis Gonz\u00e1lez Garcia &#8211;\u00a0<a href=\"mailto:liluiser@uenf.br\">liluiser@uenf.br<\/a>\u00a0&#8211; Representante do Setor de\u00a0Estruturas<br \/>\nS\u00e9rgio Tibana\u00a0&#8211;\u00a0<a href=\"mailto:tibana@uenf.br\">tibana@uenf.br<\/a>\u00a0&#8211; Representante do Setor de Geotecnia<\/p>\n<p align=\"justify\"><strong>&#8211; Colegiado Discente:<\/strong><br \/>\nNiander Aguiar Cerqueira &#8211; Representante<\/p>\n<p align=\"justify\"><strong>&#8211; Secretaria Acad\u00eamica de P\u00f3s-Gradua\u00e7\u00e3o:<br \/>\n<\/strong> <a href=\"mailto:ppgec@uenf.br\">ppgec@uenf.br<\/a><\/p>\n<\/div>\n","protected":false},"excerpt":{"rendered":"<p>Composi\u00e7\u00e3o da Coordena\u00e7\u00e3o &nbsp; &#8211; Coordenador de P\u00f3s-Gradua\u00e7\u00e3o: Aldo Durand Farf\u00e1n\u00a0. &#8211;\u00a0aldo@uenf.br \u00a0 &#8211; Colegiado Docente: S\u00e9rgio Luis Gonz\u00e1lez Garcia&#8230;<\/p>\n","protected":false},"author":8,"featured_media":0,"parent":502,"menu_order":4,"comment_status":"open","ping_status":"open","template":"","meta":{"footnotes":""},"class_list":["post-510","page","type-page","status-publish","hentry"],"_links":{"self":[{"href":"https:\/\/uenf.br\/cct\/leciv\/wp-json\/wp\/v2\/pages\/510","targetHints":{"allow":["GET"]}}],"collection":[{"href":"https:\/\/uenf.br\/cct\/leciv\/wp-json\/wp\/v2\/pages"}],"about":[{"href":"https:\/\/uenf.br\/cct\/leciv\/wp-json\/wp\/v2\/types\/page"}],"author":[{"embeddable":true,"href":"https:\/\/uenf.br\/cct\/leciv\/wp-json\/wp\/v2\/users\/8"}],"replies":[{"embeddable":true,"href":"https:\/\/uenf.br\/cct\/leciv\/wp-json\/wp\/v2\/comments?post=510"}],"version-history":[{"count":0,"href":"https:\/\/uenf.br\/cct\/leciv\/wp-json\/wp\/v2\/pages\/510\/revisions"}],"up":[{"embeddable":true,"href":"https:\/\/uenf.br\/cct\/leciv\/wp-json\/wp\/v2\/pages\/502"}],"wp:attachment":[{"href":"https:\/\/uenf.br\/cct\/leciv\/wp-json\/wp\/v2\/media?parent=510"}],"curies":[{"name":"wp","href":"https:\/\/api.w.org\/{rel}","templated":true}]}}