{"id":519,"date":"2014-12-17T13:22:05","date_gmt":"2014-12-17T13:22:05","guid":{"rendered":"http:\/\/uenf.br\/cct\/leciv\/?page_id=519"},"modified":"2016-04-07T12:46:55","modified_gmt":"2016-04-07T12:46:55","slug":"oficinas-de-ensino-e-pesquisa","status":"publish","type":"page","link":"https:\/\/uenf.br\/cct\/leciv\/pos-graduacao\/oficinas-de-ensino-e-pesquisa\/","title":{"rendered":"Oficinas de Ensino e Pesquisa"},"content":{"rendered":"<p>Para desenvolvimento de suas atividades de ensino e pesquisa, o LECIV conta com modernos laborat\u00f3rios (oficinas) nas respectivas \u00e1reas de atua\u00e7\u00e3o.<\/p>\n<p>&nbsp;<\/p>\n<p><a href=\"http:\/\/uenf.br\/cct\/leciv\/pos-graduacao\/oficinas-de-ensino-e-pesquisa\/centrifuga\/\">Centr\u00edfuga<\/a><\/p>\n<p><a href=\"http:\/\/uenf.br\/cct\/leciv\/pos-graduacao\/oficinas-de-ensino-e-pesquisa\/oficina-de-calcinacao\/\">Oficina de Calcina\u00e7\u00e3o<\/a><\/p>\n<p><a href=\"http:\/\/uenf.br\/cct\/leciv\/pos-graduacao\/oficinas-de-ensino-e-pesquisa\/oficina-de-ceramica\/\">Oficina de Cer\u00e2mica<\/a><\/p>\n<p><a href=\"http:\/\/uenf.br\/cct\/leciv\/pos-graduacao\/oficinas-de-ensino-e-pesquisa\/oficina-de-degradacao\/\">Laborat\u00f3rio de Ensaios de Durabilidade<\/a><\/p>\n<p><a href=\"http:\/\/uenf.br\/cct\/leciv\/apresentacao\/estrutura\/nucleo-de-excelencia-em-materiais-cimenticios-nexmat\/\">N\u00facleo de Excel\u00eancia em Materiais Ciment\u00edcios (NexMat) da UENF.<\/a><\/p>\n<p><a href=\"http:\/\/uenf.br\/cct\/leciv\/pos-graduacao\/oficinas-de-ensino-e-pesquisa\/oficina-de-ensaios-de-caracterizacao\/\">Oficina de Ensaios de Caracteriza\u00e7\u00e3o<\/a><\/p>\n<p><a href=\"http:\/\/uenf.br\/cct\/leciv\/pos-graduacao\/oficinas-de-ensino-e-pesquisa\/oficina-de-ensaios-especiais-em-geotecnia\/\">Oficina de Ensaios Especiais em Geotecnia<\/a><\/p>\n<p><a href=\"http:\/\/uenf.br\/cct\/leciv\/pos-graduacao\/oficinas-de-ensino-e-pesquisa\/oficina-de-geologia-e-geoprocessamento\/\">Oficina de Geologia e Geoprocessamento<\/a><\/p>\n<p><a href=\"http:\/\/uenf.br\/cct\/leciv\/pos-graduacao\/oficinas-de-ensino-e-pesquisa\/oficina-de-geotecnia\/\">Oficina de Geotecnia<\/a><\/p>\n<p><a href=\"http:\/\/uenf.br\/cct\/leciv\/pos-graduacao\/oficinas-de-ensino-e-pesquisa\/oficina-de-materiais-de-construcao\/\">Oficina de Estrutura e Materiais de Constru\u00e7\u00e3o<\/a><\/p>\n<p><a href=\"http:\/\/uenf.br\/cct\/leciv\/pos-graduacao\/oficinas-de-ensino-e-pesquisa\/oficina-de-micro-analise\/\">Oficina de Micro-An\u00e1lise<\/a><\/p>\n<p><a href=\"http:\/\/uenf.br\/cct\/leciv\/pos-graduacao\/oficinas-de-ensino-e-pesquisa\/oficina-de-modelos-reduzidos\/\">Oficina de Modelos Reduzidos<\/a><\/p>\n<p><a href=\"http:\/\/uenf.br\/cct\/leciv\/pos-graduacao\/oficinas-de-ensino-e-pesquisa\/oficina-de-moldagem-e-ensaios-mecanicos\/\">Oficina de Moldagem e Ensaios Mec\u00e2nicos<\/a><\/p>\n<p><a href=\"http:\/\/uenf.br\/cct\/leciv\/pos-graduacao\/oficinas-de-ensino-e-pesquisa\/sala-de-computacao\/\">Sala de Computa\u00e7\u00e3o<\/a><\/p>\n<p><a href=\"http:\/\/uenf.br\/cct\/leciv\/pos-graduacao\/oficinas-de-ensino-e-pesquisa\/sala-de-seminarios\/\">Sala de Semin\u00e1rios<\/a><\/p>\n","protected":false},"excerpt":{"rendered":"<p>Para desenvolvimento de suas atividades de ensino e pesquisa, o LECIV conta com modernos laborat\u00f3rios (oficinas) nas respectivas \u00e1reas de&#8230;<\/p>\n","protected":false},"author":8,"featured_media":0,"parent":502,"menu_order":8,"comment_status":"open","ping_status":"open","template":"","meta":{"footnotes":""},"class_list":["post-519","page","type-page","status-publish","hentry"],"_links":{"self":[{"href":"https:\/\/uenf.br\/cct\/leciv\/wp-json\/wp\/v2\/pages\/519","targetHints":{"allow":["GET"]}}],"collection":[{"href":"https:\/\/uenf.br\/cct\/leciv\/wp-json\/wp\/v2\/pages"}],"about":[{"href":"https:\/\/uenf.br\/cct\/leciv\/wp-json\/wp\/v2\/types\/page"}],"author":[{"embeddable":true,"href":"https:\/\/uenf.br\/cct\/leciv\/wp-json\/wp\/v2\/users\/8"}],"replies":[{"embeddable":true,"href":"https:\/\/uenf.br\/cct\/leciv\/wp-json\/wp\/v2\/comments?post=519"}],"version-history":[{"count":0,"href":"https:\/\/uenf.br\/cct\/leciv\/wp-json\/wp\/v2\/pages\/519\/revisions"}],"up":[{"embeddable":true,"href":"https:\/\/uenf.br\/cct\/leciv\/wp-json\/wp\/v2\/pages\/502"}],"wp:attachment":[{"href":"https:\/\/uenf.br\/cct\/leciv\/wp-json\/wp\/v2\/media?parent=519"}],"curies":[{"name":"wp","href":"https:\/\/api.w.org\/{rel}","templated":true}]}}