{"id":538,"date":"2014-12-17T13:47:52","date_gmt":"2014-12-17T13:47:52","guid":{"rendered":"http:\/\/uenf.br\/cct\/leciv\/?page_id=538"},"modified":"2016-04-07T12:38:01","modified_gmt":"2016-04-07T12:38:01","slug":"oficina-de-geologia-e-geoprocessamento","status":"publish","type":"page","link":"https:\/\/uenf.br\/cct\/leciv\/pos-graduacao\/oficinas-de-ensino-e-pesquisa\/oficina-de-geologia-e-geoprocessamento\/","title":{"rendered":"Oficina de Geologia e Geoprocessamento"},"content":{"rendered":"<p>A Oficina de Geologia e Geoprocessamento desenvolve a linha de pesquisa: An\u00e1lise de Meio F\u00edsico para o Uso e Ocupa\u00e7\u00e3o do Solo, envolvendo diferentes projetos relacionados basicamente\u00a0a estudos de problemas regionais (ambientais, ocupa\u00e7\u00e3o urbana, habita\u00e7\u00e3o, recursos h\u00eddricos, turismo etc).<\/p>\n<p>O munic\u00edpio de Campos dos Goytacazes \u2013 R.J., assim como a maioria dos munic\u00edpios brasileiros, encontra-se carente de mapas e instrumentos que orientem os planejadores em suas atividades. Os tradicionais m\u00e9todos de mapeamento agilizam os levantamentos e a gera\u00e7\u00e3o de novos dados, tornando-se indiscut\u00edvel o seu uso na perspectiva moderna de gest\u00e3o territorial.<\/p>\n","protected":false},"excerpt":{"rendered":"<p>A Oficina de Geologia e Geoprocessamento desenvolve a linha de pesquisa: An\u00e1lise de Meio F\u00edsico para o Uso e Ocupa\u00e7\u00e3o&#8230;<\/p>\n","protected":false},"author":8,"featured_media":0,"parent":519,"menu_order":7,"comment_status":"open","ping_status":"open","template":"","meta":{"footnotes":""},"class_list":["post-538","page","type-page","status-publish","hentry"],"_links":{"self":[{"href":"https:\/\/uenf.br\/cct\/leciv\/wp-json\/wp\/v2\/pages\/538","targetHints":{"allow":["GET"]}}],"collection":[{"href":"https:\/\/uenf.br\/cct\/leciv\/wp-json\/wp\/v2\/pages"}],"about":[{"href":"https:\/\/uenf.br\/cct\/leciv\/wp-json\/wp\/v2\/types\/page"}],"author":[{"embeddable":true,"href":"https:\/\/uenf.br\/cct\/leciv\/wp-json\/wp\/v2\/users\/8"}],"replies":[{"embeddable":true,"href":"https:\/\/uenf.br\/cct\/leciv\/wp-json\/wp\/v2\/comments?post=538"}],"version-history":[{"count":0,"href":"https:\/\/uenf.br\/cct\/leciv\/wp-json\/wp\/v2\/pages\/538\/revisions"}],"up":[{"embeddable":true,"href":"https:\/\/uenf.br\/cct\/leciv\/wp-json\/wp\/v2\/pages\/519"}],"wp:attachment":[{"href":"https:\/\/uenf.br\/cct\/leciv\/wp-json\/wp\/v2\/media?parent=538"}],"curies":[{"name":"wp","href":"https:\/\/api.w.org\/{rel}","templated":true}]}}