{"id":540,"date":"2014-12-17T13:48:20","date_gmt":"2014-12-17T13:48:20","guid":{"rendered":"http:\/\/uenf.br\/cct\/leciv\/?page_id=540"},"modified":"2016-04-07T12:37:29","modified_gmt":"2016-04-07T12:37:29","slug":"oficina-de-geotecnia","status":"publish","type":"page","link":"https:\/\/uenf.br\/cct\/leciv\/pos-graduacao\/oficinas-de-ensino-e-pesquisa\/oficina-de-geotecnia\/","title":{"rendered":"Oficina de Geotecnia"},"content":{"rendered":"<p>O Setor de Geotecnia consiste nas realiza\u00e7\u00f5es de ensaios f\u00edsicos na \u00e1rea de cer\u00e2mica, bem como:<\/p>\n<p>&nbsp;<\/p>\n<p><em>Determina\u00e7\u00e3o das Varia\u00e7\u00f5es das Dimens\u00f5es Lineares ou Retra\u00e7\u00e3o Linear;<\/em><\/p>\n<p><em>Determina\u00e7\u00e3o da Absor\u00e7\u00e3o de \u00c1gua Aparente;<\/em><\/p>\n<p><em>Determina\u00e7\u00e3o da Porosidade Aparente<strong>;<\/strong><\/em><\/p>\n<p><em>Determina\u00e7\u00e3o da Massa Espec\u00edfica Aparente;<\/em><\/p>\n<p><em>Determina\u00e7\u00e3o da Tens\u00e3o de Ruptura \u00e1 Frex\u00e3o.<\/em><\/p>\n","protected":false},"excerpt":{"rendered":"<p>O Setor de Geotecnia consiste nas realiza\u00e7\u00f5es de ensaios f\u00edsicos na \u00e1rea de cer\u00e2mica, bem como: &nbsp; Determina\u00e7\u00e3o das Varia\u00e7\u00f5es&#8230;<\/p>\n","protected":false},"author":8,"featured_media":0,"parent":519,"menu_order":8,"comment_status":"open","ping_status":"open","template":"","meta":{"footnotes":""},"class_list":["post-540","page","type-page","status-publish","hentry"],"_links":{"self":[{"href":"https:\/\/uenf.br\/cct\/leciv\/wp-json\/wp\/v2\/pages\/540","targetHints":{"allow":["GET"]}}],"collection":[{"href":"https:\/\/uenf.br\/cct\/leciv\/wp-json\/wp\/v2\/pages"}],"about":[{"href":"https:\/\/uenf.br\/cct\/leciv\/wp-json\/wp\/v2\/types\/page"}],"author":[{"embeddable":true,"href":"https:\/\/uenf.br\/cct\/leciv\/wp-json\/wp\/v2\/users\/8"}],"replies":[{"embeddable":true,"href":"https:\/\/uenf.br\/cct\/leciv\/wp-json\/wp\/v2\/comments?post=540"}],"version-history":[{"count":0,"href":"https:\/\/uenf.br\/cct\/leciv\/wp-json\/wp\/v2\/pages\/540\/revisions"}],"up":[{"embeddable":true,"href":"https:\/\/uenf.br\/cct\/leciv\/wp-json\/wp\/v2\/pages\/519"}],"wp:attachment":[{"href":"https:\/\/uenf.br\/cct\/leciv\/wp-json\/wp\/v2\/media?parent=540"}],"curies":[{"name":"wp","href":"https:\/\/api.w.org\/{rel}","templated":true}]}}