{"id":544,"date":"2014-12-17T13:49:58","date_gmt":"2014-12-17T13:49:58","guid":{"rendered":"http:\/\/uenf.br\/cct\/leciv\/?page_id=544"},"modified":"2016-04-07T12:36:20","modified_gmt":"2016-04-07T12:36:20","slug":"oficina-de-materiais-de-construcao","status":"publish","type":"page","link":"https:\/\/uenf.br\/cct\/leciv\/pos-graduacao\/oficinas-de-ensino-e-pesquisa\/oficina-de-materiais-de-construcao\/","title":{"rendered":"Oficina de Estrutura e Materiais de Constru\u00e7\u00e3o"},"content":{"rendered":"<p><a href=\"http:\/\/uenf.br\/cct\/leciv\/files\/2014\/12\/oficina-materiais-de-contru\u00e7\u00e3o.jpg\"><img loading=\"lazy\" decoding=\"async\" class=\"alignleft wp-image-545\" src=\"http:\/\/uenf.br\/cct\/leciv\/files\/2014\/12\/oficina-materiais-de-contru\u00e7\u00e3o.jpg\" alt=\"oficina materiais de contru\u00e7\u00e3o\" width=\"276\" height=\"207\" srcset=\"https:\/\/uenf.br\/cct\/leciv\/files\/2014\/12\/oficina-materiais-de-contru\u00e7\u00e3o.jpg 640w, https:\/\/uenf.br\/cct\/leciv\/files\/2014\/12\/oficina-materiais-de-contru\u00e7\u00e3o-300x225.jpg 300w, https:\/\/uenf.br\/cct\/leciv\/files\/2014\/12\/oficina-materiais-de-contru\u00e7\u00e3o-150x112.jpg 150w, https:\/\/uenf.br\/cct\/leciv\/files\/2014\/12\/oficina-materiais-de-contru\u00e7\u00e3o-400x300.jpg 400w\" sizes=\"auto, (max-width: 276px) 100vw, 276px\" \/><\/a><\/p>\n<p>Neste local trabalha-se com os concretos, alvenarias, etc.. Aulas pr\u00e1ticas das disciplinas de Materiais de Constru\u00e7\u00e3o e Constru\u00e7\u00e3o Civil, do curso de gradua\u00e7\u00e3o em Engenharia Civil, al\u00e9m dos trabalhos de pesquisa dos p\u00f3s-graduandos, s\u00e3o regularmente desenvolvidos nesta oficina. Os equipamentos aqui existentes s\u00e3o os seguintes:<\/p>\n<p>&nbsp;<\/p>\n<p><em><strong>Betoneiras<\/strong> (duas unidades): Usadas na confec\u00e7\u00e3o de concretos. Uma com capacidade de 400 litros e outra menor para 145 litros.<\/em><\/p>\n<p><em><strong>Peneiradores:<\/strong> (duas unidades): Peneirador el\u00e9trico com peneiras maiores (50 x 50 x 10 cm<sup>3<\/sup>) para peneiramento de agregados gra\u00fados e um menor, com peneiras circulares (8&#8243; de di\u00e2metro e 2&#8243; de altura) para agregados mi\u00fados.<\/em><\/p>\n<p><em><strong>Prensa eletr\u00f4nica:<\/strong> Utilizada para ensaios mec\u00e2nicos, rompendo corpos de prova de concreto, blocos, pequenas vigas, etc. Sua capacidade \u00e9 de at\u00e9 250 kN.<\/em><\/p>\n<p><em><strong>Prensa manual:<\/strong> Utilizada para romper corpos de prova de concreto. Sua capacidade \u00e9 de at\u00e9 1200 kN <\/em><\/p>\n<p><em><strong>Prensa de Tijolos:<\/strong> Este equipamento \u00e9 utilizado na confec\u00e7\u00e3o de tijolos de solo-cimento. Trata-se de uma prensa manual com capacidade de produ\u00e7\u00e3o di\u00e1ria de centenas de tijolos.<\/em><\/p>\n","protected":false},"excerpt":{"rendered":"<p>Neste local trabalha-se com os concretos, alvenarias, etc.. Aulas pr\u00e1ticas das disciplinas de Materiais de Constru\u00e7\u00e3o e Constru\u00e7\u00e3o Civil, do&#8230;<\/p>\n","protected":false},"author":8,"featured_media":0,"parent":519,"menu_order":10,"comment_status":"open","ping_status":"open","template":"","meta":{"footnotes":""},"class_list":["post-544","page","type-page","status-publish","hentry"],"_links":{"self":[{"href":"https:\/\/uenf.br\/cct\/leciv\/wp-json\/wp\/v2\/pages\/544","targetHints":{"allow":["GET"]}}],"collection":[{"href":"https:\/\/uenf.br\/cct\/leciv\/wp-json\/wp\/v2\/pages"}],"about":[{"href":"https:\/\/uenf.br\/cct\/leciv\/wp-json\/wp\/v2\/types\/page"}],"author":[{"embeddable":true,"href":"https:\/\/uenf.br\/cct\/leciv\/wp-json\/wp\/v2\/users\/8"}],"replies":[{"embeddable":true,"href":"https:\/\/uenf.br\/cct\/leciv\/wp-json\/wp\/v2\/comments?post=544"}],"version-history":[{"count":0,"href":"https:\/\/uenf.br\/cct\/leciv\/wp-json\/wp\/v2\/pages\/544\/revisions"}],"up":[{"embeddable":true,"href":"https:\/\/uenf.br\/cct\/leciv\/wp-json\/wp\/v2\/pages\/519"}],"wp:attachment":[{"href":"https:\/\/uenf.br\/cct\/leciv\/wp-json\/wp\/v2\/media?parent=544"}],"curies":[{"name":"wp","href":"https:\/\/api.w.org\/{rel}","templated":true}]}}