{"id":549,"date":"2014-12-17T13:54:11","date_gmt":"2014-12-17T13:54:11","guid":{"rendered":"http:\/\/uenf.br\/cct\/leciv\/?page_id=549"},"modified":"2016-04-07T12:33:33","modified_gmt":"2016-04-07T12:33:33","slug":"oficina-de-modelos-reduzidos","status":"publish","type":"page","link":"https:\/\/uenf.br\/cct\/leciv\/pos-graduacao\/oficinas-de-ensino-e-pesquisa\/oficina-de-modelos-reduzidos\/","title":{"rendered":"Oficina de Modelos Reduzidos"},"content":{"rendered":"<p>Nesta sala situa-se uma <strong>Prensa Eletr\u00f4nica<\/strong>, com capacidade m\u00e1xima de 250 kN onde s\u00e3o rompidos os corpos de prova de menor porte (argamassas) e de concreto de resist\u00eancia n\u00e3o muito elevada.<\/p>\n<p>H\u00e1 ainda um equipamento para simular ensaios de flex\u00e3o em vigas, o <strong>Quadro de Ensaios de Flex\u00e3o<\/strong>. Nele h\u00e1 a possibilidade de se ensaiar uma viga bi-apoiada com balan\u00e7o, com varia\u00e7\u00e3o do carregamento aplicado. O equipamento fornece o valor do momento fletor numa dada se\u00e7\u00e3o da viga. Estes ensaios s\u00e3o executados em aulas pr\u00e1ticas para os alunos de Engenharia Civil, na disciplina An\u00e1lise Estrutural I.<\/p>\n","protected":false},"excerpt":{"rendered":"<p>Nesta sala situa-se uma Prensa Eletr\u00f4nica, com capacidade m\u00e1xima de 250 kN onde s\u00e3o rompidos os corpos de prova de&#8230;<\/p>\n","protected":false},"author":8,"featured_media":0,"parent":519,"menu_order":12,"comment_status":"open","ping_status":"open","template":"","meta":{"footnotes":""},"class_list":["post-549","page","type-page","status-publish","hentry"],"_links":{"self":[{"href":"https:\/\/uenf.br\/cct\/leciv\/wp-json\/wp\/v2\/pages\/549","targetHints":{"allow":["GET"]}}],"collection":[{"href":"https:\/\/uenf.br\/cct\/leciv\/wp-json\/wp\/v2\/pages"}],"about":[{"href":"https:\/\/uenf.br\/cct\/leciv\/wp-json\/wp\/v2\/types\/page"}],"author":[{"embeddable":true,"href":"https:\/\/uenf.br\/cct\/leciv\/wp-json\/wp\/v2\/users\/8"}],"replies":[{"embeddable":true,"href":"https:\/\/uenf.br\/cct\/leciv\/wp-json\/wp\/v2\/comments?post=549"}],"version-history":[{"count":0,"href":"https:\/\/uenf.br\/cct\/leciv\/wp-json\/wp\/v2\/pages\/549\/revisions"}],"up":[{"embeddable":true,"href":"https:\/\/uenf.br\/cct\/leciv\/wp-json\/wp\/v2\/pages\/519"}],"wp:attachment":[{"href":"https:\/\/uenf.br\/cct\/leciv\/wp-json\/wp\/v2\/media?parent=549"}],"curies":[{"name":"wp","href":"https:\/\/api.w.org\/{rel}","templated":true}]}}