{"id":556,"date":"2014-12-17T13:57:28","date_gmt":"2014-12-17T13:57:28","guid":{"rendered":"http:\/\/uenf.br\/cct\/leciv\/?page_id=556"},"modified":"2016-04-07T12:31:42","modified_gmt":"2016-04-07T12:31:42","slug":"sala-de-seminarios","status":"publish","type":"page","link":"https:\/\/uenf.br\/cct\/leciv\/pos-graduacao\/oficinas-de-ensino-e-pesquisa\/sala-de-seminarios\/","title":{"rendered":"Sala de Semin\u00e1rios"},"content":{"rendered":"<p><a href=\"http:\/\/uenf.br\/cct\/leciv\/files\/2014\/12\/sala-semin\u00e1rios.jpg\"><img loading=\"lazy\" decoding=\"async\" class=\"alignleft wp-image-557\" src=\"http:\/\/uenf.br\/cct\/leciv\/files\/2014\/12\/sala-semin\u00e1rios.jpg\" alt=\"sala semin\u00e1rios\" width=\"253\" height=\"190\" srcset=\"https:\/\/uenf.br\/cct\/leciv\/files\/2014\/12\/sala-semin\u00e1rios.jpg 640w, https:\/\/uenf.br\/cct\/leciv\/files\/2014\/12\/sala-semin\u00e1rios-300x225.jpg 300w, https:\/\/uenf.br\/cct\/leciv\/files\/2014\/12\/sala-semin\u00e1rios-150x112.jpg 150w, https:\/\/uenf.br\/cct\/leciv\/files\/2014\/12\/sala-semin\u00e1rios-400x300.jpg 400w\" sizes=\"auto, (max-width: 253px) 100vw, 253px\" \/><\/a><\/p>\n<p>O Laborat\u00f3rio de Engenharia Civil da UENF conta com espa\u00e7o dedicado exclusivamente para a realiza\u00e7\u00e3o de semin\u00e1rios, palestras e defesas de trabalhos. A Sala de Semin\u00e1rios foi projetada para comportar at\u00e9 30 pessoas e possui todos os recursos multim\u00eddia para a realiza\u00e7\u00e3o destas atividades de ensino.<\/p>\n","protected":false},"excerpt":{"rendered":"<p>O Laborat\u00f3rio de Engenharia Civil da UENF conta com espa\u00e7o dedicado exclusivamente para a realiza\u00e7\u00e3o de semin\u00e1rios, palestras e defesas&#8230;<\/p>\n","protected":false},"author":8,"featured_media":0,"parent":519,"menu_order":15,"comment_status":"open","ping_status":"open","template":"","meta":{"footnotes":""},"class_list":["post-556","page","type-page","status-publish","hentry"],"_links":{"self":[{"href":"https:\/\/uenf.br\/cct\/leciv\/wp-json\/wp\/v2\/pages\/556","targetHints":{"allow":["GET"]}}],"collection":[{"href":"https:\/\/uenf.br\/cct\/leciv\/wp-json\/wp\/v2\/pages"}],"about":[{"href":"https:\/\/uenf.br\/cct\/leciv\/wp-json\/wp\/v2\/types\/page"}],"author":[{"embeddable":true,"href":"https:\/\/uenf.br\/cct\/leciv\/wp-json\/wp\/v2\/users\/8"}],"replies":[{"embeddable":true,"href":"https:\/\/uenf.br\/cct\/leciv\/wp-json\/wp\/v2\/comments?post=556"}],"version-history":[{"count":0,"href":"https:\/\/uenf.br\/cct\/leciv\/wp-json\/wp\/v2\/pages\/556\/revisions"}],"up":[{"embeddable":true,"href":"https:\/\/uenf.br\/cct\/leciv\/wp-json\/wp\/v2\/pages\/519"}],"wp:attachment":[{"href":"https:\/\/uenf.br\/cct\/leciv\/wp-json\/wp\/v2\/media?parent=556"}],"curies":[{"name":"wp","href":"https:\/\/api.w.org\/{rel}","templated":true}]}}