{"id":560,"date":"2015-01-05T11:58:59","date_gmt":"2015-01-05T11:58:59","guid":{"rendered":"http:\/\/uenf.br\/cct\/leciv\/?page_id=560"},"modified":"2015-01-05T11:58:59","modified_gmt":"2015-01-05T11:58:59","slug":"linhas-de-pesquisa","status":"publish","type":"page","link":"https:\/\/uenf.br\/cct\/leciv\/pos-graduacao\/linhas-de-pesquisa\/","title":{"rendered":"Linhas de Pesquisa"},"content":{"rendered":"<p><strong>Linhas de Pesquisa da \u00c1rea de Geotecnia<\/strong><\/p>\n<div id=\"materiaPrincipal\">\n<div align=\"justify\"><strong>Geotecnia Ambiental (in\u00edcio: 1997)<br \/>\n<\/strong>Estudo do impacto ambiental ao meio f\u00edsico por a\u00e7\u00f5es antr\u00f3picas \u2013 contamina\u00e7\u00e3o do solo e da \u00e1gua subterr\u00e2nea. Gest\u00e3o de recursos h\u00eddricos e hidrogeologia de bacias hidrogr\u00e1ficas.<\/p>\n<p><em>Projetos<\/em><br \/>\n&#8211; Disposi\u00e7\u00e3o de res\u00edduos s\u00f3lidos urbanos;<br \/>\n&#8211; Gest\u00e3o de recursos h\u00eddricos e hidrogeologia de bacias hidrogr\u00e1ficas;<br \/>\n&#8211; Mitiga\u00e7\u00e3o dos impactos ambientais decorrentes de lavra de rochas ornamentais atrav\u00e9s do estudo das tens\u00f5es naturais dos maci\u00e7os rochosos;<br \/>\n&#8211; Zoneamento ambiental para desenvolvimento sustent\u00e1vel.<\/p>\n<p><strong>Investiga\u00e7\u00e3o Geol\u00f3gico-Geot\u00e9cnica (in\u00edcio: 1994)<\/strong><br \/>\nEstudo das propriedades, caracteriza\u00e7\u00e3o, altera\u00e7\u00e3o e alterabilidade de materiais geot\u00e9cnicos. Investiga\u00e7\u00e3o de campo e laborat\u00f3rio. Mapeamento e estudo de mat\u00e9rias primas e incorpora\u00e7\u00e3o de res\u00edduos para a ind\u00fastria cer\u00e2mica. Caracteriza\u00e7\u00e3o de maci\u00e7os rochosos.<\/p>\n<p><em>Projetos<\/em><br \/>\n&#8211; Aplica\u00e7\u00e3o de centrifuga\u00e7\u00e3o nas \u00e1reas de petr\u00f3leo e g\u00e1s;<br \/>\n&#8211; Avalia\u00e7\u00e3o da intera\u00e7\u00e3o solo-estrutura;<br \/>\n&#8211; Avalia\u00e7\u00e3o das funda\u00e7\u00f5es na regi\u00e3o de Campos dos Goytacazes;<br \/>\n&#8211; Determina\u00e7\u00e3o de par\u00e2metros dos solos atrav\u00e9s de ensaio de campo e de laborat\u00f3rio para a avalia\u00e7\u00e3o da sensibilidade e probabilidade em obras geot\u00e9cnicas;<br \/>\n&#8211; Estudo da altera\u00e7\u00e3o e alterabilidade de materiais geot\u00e9cnicos;<br \/>\n&#8211; Estudo de misturas e incorpora\u00e7\u00e3o de res\u00edduos em argilas para cer\u00e2mica;<br \/>\n&#8211; Mapeamento de \u00e1reas de extra\u00e7\u00e3o da mat\u00e9rias primas para cer\u00e2mica vermelha.<\/p>\n<p><strong>Modelagem Num\u00e9rica, Tratamento de Dados e Sistemas Inteligentes em Geotecnia (in\u00edcio: 1994)<\/strong><br \/>\nModelos constitutivos para materiais geot\u00e9cnicos. Aplica\u00e7\u00e3o do m\u00e9todo de elementos finitos e do m\u00e9todo das diferen\u00e7as finitas em obras geot\u00e9cnicas. Utiliza\u00e7\u00e3o de an\u00e1lise limite L\u00f3gica fuzzy e estat\u00edstica em obras geot\u00e9cnicas (dutos, barragens etc.).<\/p>\n<p><em>Projetos<\/em><br \/>\n&#8211; An\u00e1lise Limite Aplicada a Problemas Geot\u00e9cnicos;<br \/>\n&#8211; L\u00f3gica Fuzzy, M\u00e9todos Estat\u00edsticos e Confiabilidade em Geologia Aplicada;<br \/>\n&#8211; M\u00e9todos Num\u00e9ricos Aplicados \u00e0 Geotecnia.<\/p>\n<\/div>\n<div align=\"justify\">\n<div id=\"materiaPrincipal\">\n<p align=\"justify\"><strong>Dimensionamento e An\u00e1lise Experimental de Estruturas (in\u00edcio: 2000)<\/strong><br \/>\nEstudos sobre a constitui\u00e7\u00e3o dos materiais para atender a aplica\u00e7\u00f5es espec\u00edficas, objetivando o melhor desempenho de materiais utilizados na engenharia.<\/p>\n<p><em>Projetos<br \/>\n<\/em>&#8211; Influ\u00eancia da Resist\u00eancia do Concreto no Dimensionamento de Estruturas de Concreto Atrav\u00e9s de Modelos de Bielas e Tirantes;<br \/>\n&#8211; Propriedades e Caracter\u00edsticas das Uni\u00f5es de Tubos de Dep\u00f3sito de Fibra de Vidro para Aplica\u00e7\u00f5es Mar\u00edtimas;<br \/>\n&#8211; Taxa de Armadura Transversal M\u00ednima em Vigas Realizadas com Cimentos Geopolim\u00e9ricos.<\/p>\n<p><strong>Modelagens Num\u00e9ricas e Simula\u00e7\u00f5es Computacionais (in\u00edcio: 1996)<br \/>\n<\/strong>Modelagem computacional e desenvolvimento de formula\u00e7\u00f5es com o M\u00e9todo dos Elementos Finitos (MEF) e com o M\u00e9todo dos Elementos de Contorno (MEC), bem como o uso de t\u00e9cnicas de otimiza\u00e7\u00e3o estrutural.<\/p>\n<p><em>Projetos<\/em><br \/>\n&#8211; An\u00e1lise de Confiabilidade Estrutural em Estruturas em A\u00e7o;<br \/>\n&#8211; An\u00e1lise e Projeto \u00d3timo de Estruturas Utilizadas na Engenharia Civil;<br \/>\n&#8211; Modelagem Num\u00e9rica de Comp\u00f3sitos com Matrizes \u00e0 Base de Cimentos;<br \/>\n&#8211; Otimiza\u00e7\u00e3o de Torres de Transi\u00e7\u00e3o;<br \/>\n&#8211; Simula\u00e7\u00e3o de uma Colhedora de Cana-de-a\u00e7\u00facar Autopropelida para uma Linha.<\/p>\n<p><strong>Materiais e Tecnologias N\u00e3o Convencionais (in\u00edcio: 1998)<\/strong><br \/>\nDesenvolve-se nesta linha de pesquisa projetos que tem como objetivo a pesquisa de novos materiais e novas tecnologias na \u00e1rea de engenharia civil.<\/p>\n<p><em>Projetos<\/em><br \/>\n&#8211; Ativa\u00e7\u00e3o Alcalina de Pozolanas Naturais e de Res\u00edduos Agroindustriais para a Obten\u00e7\u00e3o de Aglomerantes Especiais para a Constru\u00e7\u00e3o Civil;<br \/>\n&#8211; Caracteriza\u00e7\u00e3o, Desenvolvimento e Modelagem Num\u00e9rica de Novos Materiais para Engenharia Civil;<br \/>\n&#8211; Casa Demonstrativa do Parque Modelo de Energia Alternativa da UENF;<br \/>\n&#8211; Estudo Tecnol\u00f3gico e Morfologia de Blocos Cer\u00e2micos Utilizados em Alven\u00e1ria Estrutural;<br \/>\n&#8211; Estudos de Novas Morfologias para Blocos Cer\u00e2micos Estruturais e dos Efeitos de Agentes Agressivos sobre suas Propriedades Tecnol\u00f3gicas;<br \/>\n&#8211; Estudos sobre Adi\u00e7\u00f5es e\/ou Substitui\u00e7\u00f5es Minerais (inertes) e Durabilidade de Matrizes Cer\u00e2micas, Ciment\u00edcias e Geopolim\u00e9ricas;<br \/>\n&#8211; Experimenta\u00e7\u00e3o e Modelagem Num\u00e9rica de Materiais e Estruturas de Baixo Impacto Ambiental;<br \/>\n&#8211; O uso do Bloco de Solo-Cimento como Alternativa da Constru\u00e7\u00e3o de Casas Populares;<br \/>\n&#8211; Reciclagem de Res\u00edduos Industriais Gerados pela Companhia Vale do Rio Doce (Parte 2): Estudo de Incorpora\u00e7\u00e3o de Res\u00edduos de Brita e Solo Contaminados por \u00d3leo e Graxa em Matriz Ciment\u00edcia (Concreto).<\/p>\n<\/div>\n<\/div>\n<\/div>\n","protected":false},"excerpt":{"rendered":"<p>Linhas de Pesquisa da \u00c1rea de Geotecnia Geotecnia Ambiental (in\u00edcio: 1997) Estudo do impacto ambiental ao meio f\u00edsico por a\u00e7\u00f5es&#8230;<\/p>\n","protected":false},"author":8,"featured_media":0,"parent":502,"menu_order":9,"comment_status":"open","ping_status":"open","template":"","meta":{"footnotes":""},"class_list":["post-560","page","type-page","status-publish","hentry"],"_links":{"self":[{"href":"https:\/\/uenf.br\/cct\/leciv\/wp-json\/wp\/v2\/pages\/560","targetHints":{"allow":["GET"]}}],"collection":[{"href":"https:\/\/uenf.br\/cct\/leciv\/wp-json\/wp\/v2\/pages"}],"about":[{"href":"https:\/\/uenf.br\/cct\/leciv\/wp-json\/wp\/v2\/types\/page"}],"author":[{"embeddable":true,"href":"https:\/\/uenf.br\/cct\/leciv\/wp-json\/wp\/v2\/users\/8"}],"replies":[{"embeddable":true,"href":"https:\/\/uenf.br\/cct\/leciv\/wp-json\/wp\/v2\/comments?post=560"}],"version-history":[{"count":0,"href":"https:\/\/uenf.br\/cct\/leciv\/wp-json\/wp\/v2\/pages\/560\/revisions"}],"up":[{"embeddable":true,"href":"https:\/\/uenf.br\/cct\/leciv\/wp-json\/wp\/v2\/pages\/502"}],"wp:attachment":[{"href":"https:\/\/uenf.br\/cct\/leciv\/wp-json\/wp\/v2\/media?parent=560"}],"curies":[{"name":"wp","href":"https:\/\/api.w.org\/{rel}","templated":true}]}}