{"id":562,"date":"2015-01-05T12:01:17","date_gmt":"2015-01-05T12:01:17","guid":{"rendered":"http:\/\/uenf.br\/cct\/leciv\/?page_id=562"},"modified":"2016-11-30T18:33:37","modified_gmt":"2016-11-30T18:33:37","slug":"disciplinas-ementas","status":"publish","type":"page","link":"https:\/\/uenf.br\/cct\/leciv\/pos-graduacao\/disciplinas-ementas\/","title":{"rendered":"Disciplinas &amp; Ementas"},"content":{"rendered":"<p><strong>ESTRUTURAS &#8211; Disciplinas Obrigat\u00f3rias &#8211; <em>(n\u00ba de Cr\u00e9ditos &#8211; Carga Hor\u00e1ria)<\/em> <\/strong><\/p>\n<p>An\u00e1lise estrutural avan\u00e7ada \u2013 3 \u2013 51 \u00a0<a href=\"http:\/\/uenf.br\/cct\/leciv\/pos-graduacao\/disciplinas-ementas\/567-2\/\">(CIV1651)<br \/>\n<\/a>C\u00e1lculo num\u00e9rico Aplicado \u00e0 Engenharia \u2013 3 \u2013 51<br \/>\nMatem\u00e1tica Aplicada \u00e0 Engenharia \u2013 4 \u2013 68\u00a0<a href=\"http:\/\/uenf.br\/cct\/leciv\/pos-graduacao\/disciplinas-ementas\/matematica-aplicada-a-engenharia\/\">(CIV1600)<\/a><\/p>\n<p>&nbsp;<br \/>\nSemin\u00e1rio em Engenharia Civil I \u2013 1 &#8211; 34<br \/>\nSemin\u00e1rio em Engenharia Civil II \u2013 0 &#8211; 34<\/p>\n<p><strong>Disciplinas Eletivas &#8211; <em>(n\u00ba de Cr\u00e9ditos &#8211; Carga Hor\u00e1ria)<\/em> <\/strong><\/p>\n<p>Algoritmo e Estrutura de Dados \u2013 3 \u2013 51<br \/>\nAn\u00e1lise Matricial das Estruturas \u2013 3 \u2013 51<br \/>\nAn\u00e1lise N\u00e3o Linear de Estruturas \u2013 3 \u2013 51<br \/>\nConcreto Protendido \u2013 3 \u2013 51<br \/>\nDin\u00e2mica das Estruturas \u2013 3 \u2013 51<br \/>\nDosagem e Crit\u00e9rios de Desempenho de Concretos \u2013 3 \u2013 51<br \/>\nEstudo Dirigido em Engenharia Estrutural \u2013 1 \u2013 17<br \/>\nInstabilidade das Estruturas \u2013 3 \u2013 85<br \/>\nM\u00e9todo dos Elementos de Contorno \u2013 3 \u2013 51<br \/>\nM\u00e9todos Experimentais para An\u00e1lise de Estruturas \u2013 3 \u2013 51<br \/>\nM\u00e9todos Num\u00e9ricos em Engenharia \u2013 4 \u2013 68<br \/>\nM\u00e9todos Num\u00e9ricos para Estruturas de Concreto \u2013 3 \u2013 51<br \/>\nOtimiza\u00e7\u00e3o Estrutural \u2013 3 \u2013 51<br \/>\nPatologia e Reparo de Estruturas de Concreto \u2013 3 \u2013 51<br \/>\nPesquisa Bibliogr\u00e1fica para Mestrado \u2013 1 \u2013 17<br \/>\nPropriedades F\u00edsico-Qu\u00edmicas do Concreto Fresco \u2013 3 \u2013 51<br \/>\nPropriedades Mec\u00e2nicas do Concreto Endurecido \u2013 3 \u2013 51<br \/>\nMateriais Comp\u00f3sitos &#8211; 3 &#8211; 51<br \/>\nT\u00f3picos Especiais em Engenharia Estrutural &#8211; 3 -51<br \/>\nTratamento de Dados Experimentais &#8211; 3 &#8211; 51<br \/>\nUso do M\u00f3dulo Civil FEM do ANSYS p\/ Dimensionamento de Pe\u00e7as de Concreto Protendido &#8211; 2- 34<br \/>\nDimensionamento de Pe\u00e7as de Concreto por Meio de Bielas e Tirantes &#8211; 3 &#8211; 51<br \/>\nModelagem Estrutural &#8211; 3 &#8211; 68<br \/>\nMonitora\u00e7\u00e3o de Estruturas &#8211; 3 &#8211; 51<br \/>\nSemin\u00e1rio em Engenharia Estrutural \u2013 1 \u2013 17<br \/>\nTecnologia em Cer\u00e2mica Vermelha \u2013 3 \u2013 68<\/p>\n<p><strong>GEOTECNIA &#8211; Disciplinas Obrigat\u00f3rias &#8211; <em>(n<sup>o<\/sup> de Cr\u00e9ditos &#8211; Carga Hor\u00e1ria)<br \/>\n<\/em><\/strong><br \/>\nElasticidade e Plasticidade &#8211; 2 &#8211; 34<br \/>\nMatem\u00e1tica Aplicada \u00e0 Engenharia &#8211; 4 -68<br \/>\nMec\u00e2nica das Rochas &#8211; 2 &#8211; 34<br \/>\nMec\u00e2nica dos Solos Avan\u00e7ada &#8211; 3 &#8211; 51<br \/>\nPercola\u00e7\u00e3o e Adensamento &#8211; 2 \u2013 34<br \/>\nSemin\u00e1rio em Engenharia Civil I \u2013 1 &#8211; 34<br \/>\nSemin\u00e1rio em Engenharia Civil II \u2013 0 &#8211; 34<\/p>\n<p><strong>Disciplinas Eletivas &#8211; <em>(n<sup>o<\/sup> de Cr\u00e9ditos &#8211; Carga Hor\u00e1ria)<\/em><\/strong><\/p>\n<p>Empuxo de Terra e Estabilidade dos Taludes &#8211; 3 &#8211; 51<br \/>\nEnsaios de Campo e Laborat\u00f3rio e Instrumenta\u00e7\u00e3o Geot\u00e9cnica &#8211; 3 -51<br \/>\nEstudo Dirigido em Engenharia Geot\u00e9cnica &#8211; 1 -17<br \/>\nGeologia &#8211; 3 -51<br \/>\nGeologia de Engenharia &#8211; 4 &#8211; 68<br \/>\nGeoprocessamento I &#8211; 2 &#8211; 34<br \/>\nGeoprocessamento II &#8211; 2 -34<br \/>\nGeotecnia Ambiental &#8211; 3 &#8211; 51<br \/>\nGeotecnia das Funda\u00e7\u00f5es &#8211; 3 -51<br \/>\nLevantamento Detalhado de Campo<br \/>\nMateriais Comp\u00f3sitos &#8211; 3 &#8211; 51<br \/>\nMec\u00e2nica do Cont\u00ednuo &#8211; 3 &#8211; 51<br \/>\nMec\u00e2nica dos Solos\u00a0a Luz dos Estados Cr\u00edticos &#8211; 3 &#8211; 51<br \/>\nMelhoria, Estabilidade e Refor\u00e7o dos Solos &#8211; 3 &#8211; 51<br \/>\nM\u00e9todo dos Elementos Finitos &#8211; 3 &#8211; 51<br \/>\nM\u00e9todos Num\u00e9ricos em Engenharia &#8211; 4 &#8211; 68<br \/>\nModelos Construtivos para Materiais Geot\u00e9cnicos &#8211; 3 &#8211; 51<br \/>\nPesquisa Bibliogr\u00e1fica para Mestrado &#8211; 1 -17<br \/>\nSemin\u00e1rio em Engenharia Geot\u00e9cnica &#8211; 1 -17<br \/>\nTeoria das cascas e Placas &#8211; 3 &#8211; 51<br \/>\nT\u00f3picos Especiais em Engenharia Geot\u00e9cnica &#8211; 3 &#8211; 51<br \/>\nTratamento de Dados Experimentais &#8211; 3- 51<\/p>\n<p>Leia mais&#8230;<\/p>\n<ul class=\"children\">\n<li class=\"page_item page-item-567\"><a href=\"http:\/\/uenf.br\/cct\/leciv\/pos-graduacao\/disciplinas-ementas\/567-2\/\">An\u00e1lise Estrutural Avan\u00e7ada<\/a><\/li>\n<li class=\"page_item page-item-572\"><a href=\"http:\/\/uenf.br\/cct\/leciv\/pos-graduacao\/disciplinas-ementas\/analise-matricial-das-estruturas\/\">An\u00e1lise Matricial das Estruturas<\/a><\/li>\n<li class=\"page_item page-item-575\"><a href=\"http:\/\/uenf.br\/cct\/leciv\/pos-graduacao\/disciplinas-ementas\/analise-nao-linear-de-estruturas\/\">An\u00e1lise N\u00e3o-linear de Estruturas<\/a><\/li>\n<li class=\"page_item page-item-578\"><a href=\"http:\/\/uenf.br\/cct\/leciv\/pos-graduacao\/disciplinas-ementas\/calculo-numerico-aplicado-a-engenharia\/\">Calculo Num\u00e9rico Aplicado \u00e0 Engenharia<\/a><\/li>\n<li class=\"page_item page-item-581\"><a href=\"http:\/\/uenf.br\/cct\/leciv\/pos-graduacao\/disciplinas-ementas\/cimentos-especiais\/\">Cimentos Especiais<\/a><\/li>\n<li class=\"page_item page-item-584\"><a href=\"http:\/\/uenf.br\/cct\/leciv\/pos-graduacao\/disciplinas-ementas\/concreto-protendido\/\">Concreto Protendido<\/a><\/li>\n<li class=\"page_item page-item-587\"><a href=\"http:\/\/uenf.br\/cct\/leciv\/pos-graduacao\/disciplinas-ementas\/dimensionamento-de-pecas-de-concreto-por-meio-de-modelos-de-bielas-e-tirantes\/\">Dimensionamento de Pe\u00e7as de Concreto por Meio de Modelos de Bielas e Tirantes<\/a><\/li>\n<li class=\"page_item page-item-593\"><a href=\"http:\/\/uenf.br\/cct\/leciv\/pos-graduacao\/disciplinas-ementas\/dinamica-das-estruturas\/\">Din\u00e2mica das Estruturas<\/a><\/li>\n<li class=\"page_item page-item-596\"><a href=\"http:\/\/uenf.br\/cct\/leciv\/pos-graduacao\/disciplinas-ementas\/dosagem-e-criterios-de-desempenho-do-concreto\/\">Dosagem e Crit\u00e9rios de Desempenho do Concreto<\/a><\/li>\n<li class=\"page_item page-item-599\"><a href=\"http:\/\/uenf.br\/cct\/leciv\/pos-graduacao\/disciplinas-ementas\/elasticidade-e-plasticidade\/\">Elasticidade e Plasticidade<\/a><\/li>\n<li class=\"page_item page-item-605\"><a href=\"http:\/\/uenf.br\/cct\/leciv\/pos-graduacao\/disciplinas-ementas\/empuxo-de-terra-e-estabilidade-de-taludes\/\">Empuxo de Terra e Estabilidade de Taludes<\/a><\/li>\n<li class=\"page_item page-item-608\"><a href=\"http:\/\/uenf.br\/cct\/leciv\/pos-graduacao\/disciplinas-ementas\/ensaios-de-campo-e-laboratorio-e-instrumentacao-geotecnica\/\">Ensaios de Campo e Laborat\u00f3rio e Instrumenta\u00e7\u00e3o Geot\u00e9cnica<\/a><\/li>\n<li class=\"page_item page-item-611\"><a href=\"http:\/\/uenf.br\/cct\/leciv\/pos-graduacao\/disciplinas-ementas\/estatistica-para-tratamento-de-dados\/\">Estat\u00edstica para Tratamento de Dados<\/a><\/li>\n<li class=\"page_item page-item-614\"><a href=\"http:\/\/uenf.br\/cct\/leciv\/pos-graduacao\/disciplinas-ementas\/geoprocessamento-ii\/\">Geoprocessamento II<\/a><\/li>\n<li class=\"page_item page-item-617\"><a href=\"http:\/\/uenf.br\/cct\/leciv\/pos-graduacao\/disciplinas-ementas\/geotecnia-das-fundacoes\/\">Geotecnia das Funda\u00e7\u00f5es<\/a><\/li>\n<li class=\"page_item page-item-620\"><a href=\"http:\/\/uenf.br\/cct\/leciv\/pos-graduacao\/disciplinas-ementas\/instabilidade-das-estruturas\/\">Instabilidade das Estruturas<\/a><\/li>\n<li class=\"page_item page-item-623\"><a href=\"http:\/\/uenf.br\/cct\/leciv\/pos-graduacao\/disciplinas-ementas\/matematica-aplicada-a-engenharia\/\">Matem\u00e1tica Aplicada \u00e0 Engenharia<\/a><\/li>\n<li class=\"page_item page-item-626\"><a href=\"http:\/\/uenf.br\/cct\/leciv\/pos-graduacao\/disciplinas-ementas\/materiais-compositos\/\">Materiais Comp\u00f3sitos<\/a><\/li>\n<li class=\"page_item page-item-629\"><a href=\"http:\/\/uenf.br\/cct\/leciv\/pos-graduacao\/disciplinas-ementas\/mecanica-das-rochas\/\">Mec\u00e2nica das Rochas<\/a><\/li>\n<li class=\"page_item page-item-632\"><a href=\"http:\/\/uenf.br\/cct\/leciv\/pos-graduacao\/disciplinas-ementas\/mecanica-do-continuo\/\">Mec\u00e2nica do Cont\u00ednuo<\/a><\/li>\n<li class=\"page_item page-item-637\"><a href=\"http:\/\/uenf.br\/cct\/leciv\/pos-graduacao\/disciplinas-ementas\/mecanica-dos-solos-avancada\/\">Mec\u00e2nica dos Solos Avan\u00e7ada<\/a><\/li>\n<li class=\"page_item page-item-639\"><a href=\"http:\/\/uenf.br\/cct\/leciv\/pos-graduacao\/disciplinas-ementas\/mecanismos-de-interacao-solo-estrutura\/\">Mecanismos de Intera\u00e7\u00e3o Solo Estrutura<\/a><\/li>\n<li class=\"page_item page-item-642\"><a href=\"http:\/\/uenf.br\/cct\/leciv\/pos-graduacao\/disciplinas-ementas\/melhoria-estabilizacao-e-reforco-de-solos\/\">Melhoria, Estabiliza\u00e7\u00e3o e Refor\u00e7o de Solos<\/a><\/li>\n<li class=\"page_item page-item-645\"><a href=\"http:\/\/uenf.br\/cct\/leciv\/pos-graduacao\/disciplinas-ementas\/metodo-dos-elementos-de-contorno\/\">M\u00e9todo dos Elementos de Contorno<\/a><\/li>\n<li class=\"page_item page-item-648\"><a href=\"http:\/\/uenf.br\/cct\/leciv\/pos-graduacao\/disciplinas-ementas\/metodo-dos-elementos-finitos\/\">M\u00e9todo dos Elementos Finitos<\/a><\/li>\n<li class=\"page_item page-item-651\"><a href=\"http:\/\/uenf.br\/cct\/leciv\/pos-graduacao\/disciplinas-ementas\/metodos-experimentais-para-analise-de-estruturas\/\">M\u00e9todos Experimentais para An\u00e1lise de Estruturas<\/a><\/li>\n<li class=\"page_item page-item-654\"><a href=\"http:\/\/uenf.br\/cct\/leciv\/pos-graduacao\/disciplinas-ementas\/metodos-numericos-em-engenharia\/\">M\u00e9todos Num\u00e9ricos em Engenharia<\/a><\/li>\n<li class=\"page_item page-item-657\"><a href=\"http:\/\/uenf.br\/cct\/leciv\/pos-graduacao\/disciplinas-ementas\/modelagem-estrutural\/\">Modelagem Estrutural<\/a><\/li>\n<li class=\"page_item page-item-660\"><a href=\"http:\/\/uenf.br\/cct\/leciv\/pos-graduacao\/disciplinas-ementas\/modelos-constitutivos-para-materiais-geotecnicos\/\">Modelos Constitutivos para Materiais Geot\u00e9cnicos<\/a><\/li>\n<li class=\"page_item page-item-663\"><a href=\"http:\/\/uenf.br\/cct\/leciv\/pos-graduacao\/disciplinas-ementas\/monitoracao-de-estruturas\/\">Monitora\u00e7\u00e3o de Estruturas<\/a><\/li>\n<li class=\"page_item page-item-666\"><a href=\"http:\/\/uenf.br\/cct\/leciv\/pos-graduacao\/disciplinas-ementas\/otimizacao-estrutural\/\">Otimiza\u00e7\u00e3o Estrutural<\/a><\/li>\n<li class=\"page_item page-item-669\"><a href=\"http:\/\/uenf.br\/cct\/leciv\/pos-graduacao\/disciplinas-ementas\/patologia-e-reparo-de-estruturas-de-concreto\/\">Patologia e Reparo de Estruturas de Concreto<\/a><\/li>\n<li class=\"page_item page-item-673\"><a href=\"http:\/\/uenf.br\/cct\/leciv\/pos-graduacao\/disciplinas-ementas\/pesquisa-bibliografica-para-mestrado\/\">Pesquisa Bibliogr\u00e1fica para Mestrado<\/a><\/li>\n<li class=\"page_item page-item-676\"><a href=\"http:\/\/uenf.br\/cct\/leciv\/pos-graduacao\/disciplinas-ementas\/propriedades-fisico-quimicas-do-concreto-fresco\/\">Propriedades F\u00edsico-Qu\u00edmicas do Concreto Fresco<\/a><\/li>\n<li class=\"page_item page-item-679\"><a href=\"http:\/\/uenf.br\/cct\/leciv\/pos-graduacao\/disciplinas-ementas\/seminarios-em-engenharia-estrutural\/\">Semin\u00e1rios em Engenharia Estrutural<\/a><\/li>\n<li class=\"page_item page-item-683\"><a href=\"http:\/\/uenf.br\/cct\/leciv\/pos-graduacao\/disciplinas-ementas\/seminarios-em-engenharia-geotecnica\/\">Semin\u00e1rios em Engenharia Geot\u00e9cnica<\/a><\/li>\n<li class=\"page_item page-item-687\"><a href=\"http:\/\/uenf.br\/cct\/leciv\/pos-graduacao\/disciplinas-ementas\/tecnologia-em-ceramica-vermelha\/\">Tecnologia em Cer\u00e2mica vermelha<\/a><\/li>\n<li class=\"page_item page-item-690\"><a href=\"http:\/\/uenf.br\/cct\/leciv\/pos-graduacao\/disciplinas-ementas\/teoria-das-placas-e-cascas\/\">Teoria das Placas e Cascas<\/a><\/li>\n<li class=\"page_item page-item-694 current_page_item\"><a href=\"http:\/\/uenf.br\/cct\/leciv\/pos-graduacao\/disciplinas-ementas\/topicos-especiais-simulacao-computacional-via-programa-abaqus\/\">T\u00f3picos Especiais \u2013 Simula\u00e7\u00e3o Computacional via Programa ABAQUS<\/a><\/li>\n<\/ul>\n<p>&nbsp;<\/p>\n","protected":false},"excerpt":{"rendered":"<p>ESTRUTURAS &#8211; Disciplinas Obrigat\u00f3rias &#8211; (n\u00ba de Cr\u00e9ditos &#8211; Carga Hor\u00e1ria) An\u00e1lise estrutural avan\u00e7ada \u2013 3 \u2013 51 \u00a0(CIV1651) C\u00e1lculo&#8230;<\/p>\n","protected":false},"author":8,"featured_media":0,"parent":502,"menu_order":10,"comment_status":"open","ping_status":"open","template":"","meta":{"footnotes":""},"class_list":["post-562","page","type-page","status-publish","hentry"],"_links":{"self":[{"href":"https:\/\/uenf.br\/cct\/leciv\/wp-json\/wp\/v2\/pages\/562","targetHints":{"allow":["GET"]}}],"collection":[{"href":"https:\/\/uenf.br\/cct\/leciv\/wp-json\/wp\/v2\/pages"}],"about":[{"href":"https:\/\/uenf.br\/cct\/leciv\/wp-json\/wp\/v2\/types\/page"}],"author":[{"embeddable":true,"href":"https:\/\/uenf.br\/cct\/leciv\/wp-json\/wp\/v2\/users\/8"}],"replies":[{"embeddable":true,"href":"https:\/\/uenf.br\/cct\/leciv\/wp-json\/wp\/v2\/comments?post=562"}],"version-history":[{"count":0,"href":"https:\/\/uenf.br\/cct\/leciv\/wp-json\/wp\/v2\/pages\/562\/revisions"}],"up":[{"embeddable":true,"href":"https:\/\/uenf.br\/cct\/leciv\/wp-json\/wp\/v2\/pages\/502"}],"wp:attachment":[{"href":"https:\/\/uenf.br\/cct\/leciv\/wp-json\/wp\/v2\/media?parent=562"}],"curies":[{"name":"wp","href":"https:\/\/api.w.org\/{rel}","templated":true}]}}