{"id":575,"date":"2015-01-05T12:12:03","date_gmt":"2015-01-05T12:12:03","guid":{"rendered":"http:\/\/uenf.br\/cct\/leciv\/?page_id=575"},"modified":"2016-12-08T11:09:26","modified_gmt":"2016-12-08T11:09:26","slug":"analise-nao-linear-de-estruturas","status":"publish","type":"page","link":"https:\/\/uenf.br\/cct\/leciv\/pos-graduacao\/disciplinas-ementas\/analise-nao-linear-de-estruturas\/","title":{"rendered":"An\u00e1lise N\u00e3o-linear de Estruturas"},"content":{"rendered":"<p><strong>Ementa: <\/strong>Introdu\u00e7\u00e3o \u00e0 n\u00e3o-linearidade f\u00edsica e \u00e0 n\u00e3o-linearidade geom\u00e9trica. Grandes deslocamentos e grandes deforma\u00e7\u00f5es. Comportamento inel\u00e1stico dos materiais. M\u00e9todos incrementais e iterativos de solu\u00e7\u00e3o. Aplica\u00e7\u00f5es utilizando o m\u00e9todo dos elementos finitos e o m\u00e9todo dos elementos de contorno.<\/p>\n<p>&nbsp;<\/p>\n<p><a href=\"http:\/\/uenf.br\/cct\/leciv\/files\/2015\/01\/An\u00e1lise-N\u00e3o-linear-de-Estruturas.pdf\">Download aqui!<\/a><\/p>\n","protected":false},"excerpt":{"rendered":"<p>Ementa: Introdu\u00e7\u00e3o \u00e0 n\u00e3o-linearidade f\u00edsica e \u00e0 n\u00e3o-linearidade geom\u00e9trica. Grandes deslocamentos e grandes deforma\u00e7\u00f5es. Comportamento inel\u00e1stico dos materiais. M\u00e9todos incrementais&#8230;<\/p>\n","protected":false},"author":8,"featured_media":0,"parent":562,"menu_order":2,"comment_status":"open","ping_status":"open","template":"","meta":{"footnotes":""},"class_list":["post-575","page","type-page","status-publish","hentry"],"_links":{"self":[{"href":"https:\/\/uenf.br\/cct\/leciv\/wp-json\/wp\/v2\/pages\/575","targetHints":{"allow":["GET"]}}],"collection":[{"href":"https:\/\/uenf.br\/cct\/leciv\/wp-json\/wp\/v2\/pages"}],"about":[{"href":"https:\/\/uenf.br\/cct\/leciv\/wp-json\/wp\/v2\/types\/page"}],"author":[{"embeddable":true,"href":"https:\/\/uenf.br\/cct\/leciv\/wp-json\/wp\/v2\/users\/8"}],"replies":[{"embeddable":true,"href":"https:\/\/uenf.br\/cct\/leciv\/wp-json\/wp\/v2\/comments?post=575"}],"version-history":[{"count":0,"href":"https:\/\/uenf.br\/cct\/leciv\/wp-json\/wp\/v2\/pages\/575\/revisions"}],"up":[{"embeddable":true,"href":"https:\/\/uenf.br\/cct\/leciv\/wp-json\/wp\/v2\/pages\/562"}],"wp:attachment":[{"href":"https:\/\/uenf.br\/cct\/leciv\/wp-json\/wp\/v2\/media?parent=575"}],"curies":[{"name":"wp","href":"https:\/\/api.w.org\/{rel}","templated":true}]}}