{"id":62,"date":"2014-12-10T13:36:53","date_gmt":"2014-12-10T13:36:53","guid":{"rendered":"http:\/\/uenf.br\/cct\/leciv\/?page_id=62"},"modified":"2023-06-15T14:23:35","modified_gmt":"2023-06-15T14:23:35","slug":"administracao","status":"publish","type":"page","link":"https:\/\/uenf.br\/cct\/leciv\/apresentacao\/administracao\/","title":{"rendered":"Administra\u00e7\u00e3o"},"content":{"rendered":"<ul>\n<li>Chefe de Laborat\u00f3rio: Prof. Aldo Durand Farf\u00e1n &#8211; <a href=\"mailto:aldo@uenf.br\">aldo@uenf.br<\/a><\/li>\n<li>Coordenador do Curso de Gradua\u00e7\u00e3o: Prof. Ranc\u00e9s Castillo Lara &#8211; <a href=\"mailto:rcl@uenf.br\">rcl@uenf.br<\/a><\/li>\n<li>Coordenador do Programa de P\u00f3s-Gradua\u00e7\u00e3o: Prof. Fernando Saboya Albuquerque Jr. &#8211; <a href=\"mailto:aldo@uenf.br\">saboya@uenf.br<\/a><\/li>\n<li>Secret\u00e1rias: Fl\u00e1via da Silva Oliveira &#8211; <a href=\"mailto:flaviaso@uenf.br\">flaviaso@uenf.br<\/a>\u00a0 \u00a0e\u00a0 Tatiana do Nascimento Chagas &#8211; <a href=\"mailto:tnchagas@uenf.br\">tnchagas@uenf.br<\/a><\/li>\n<\/ul>\n","protected":false},"excerpt":{"rendered":"<p>Chefe de Laborat\u00f3rio: Prof. Aldo Durand Farf\u00e1n &#8211; aldo@uenf.br Coordenador do Curso de Gradua\u00e7\u00e3o: Prof. Ranc\u00e9s Castillo Lara &#8211; rcl@uenf.br&#8230;<\/p>\n","protected":false},"author":8,"featured_media":0,"parent":5,"menu_order":3,"comment_status":"open","ping_status":"open","template":"","meta":{"footnotes":""},"class_list":["post-62","page","type-page","status-publish","hentry"],"_links":{"self":[{"href":"https:\/\/uenf.br\/cct\/leciv\/wp-json\/wp\/v2\/pages\/62","targetHints":{"allow":["GET"]}}],"collection":[{"href":"https:\/\/uenf.br\/cct\/leciv\/wp-json\/wp\/v2\/pages"}],"about":[{"href":"https:\/\/uenf.br\/cct\/leciv\/wp-json\/wp\/v2\/types\/page"}],"author":[{"embeddable":true,"href":"https:\/\/uenf.br\/cct\/leciv\/wp-json\/wp\/v2\/users\/8"}],"replies":[{"embeddable":true,"href":"https:\/\/uenf.br\/cct\/leciv\/wp-json\/wp\/v2\/comments?post=62"}],"version-history":[{"count":0,"href":"https:\/\/uenf.br\/cct\/leciv\/wp-json\/wp\/v2\/pages\/62\/revisions"}],"up":[{"embeddable":true,"href":"https:\/\/uenf.br\/cct\/leciv\/wp-json\/wp\/v2\/pages\/5"}],"wp:attachment":[{"href":"https:\/\/uenf.br\/cct\/leciv\/wp-json\/wp\/v2\/media?parent=62"}],"curies":[{"name":"wp","href":"https:\/\/api.w.org\/{rel}","templated":true}]}}