{"id":623,"date":"2015-01-06T11:23:43","date_gmt":"2015-01-06T11:23:43","guid":{"rendered":"http:\/\/uenf.br\/cct\/leciv\/?page_id=623"},"modified":"2016-11-29T12:01:01","modified_gmt":"2016-11-29T12:01:01","slug":"matematica-aplicada-a-engenharia","status":"publish","type":"page","link":"https:\/\/uenf.br\/cct\/leciv\/pos-graduacao\/disciplinas-ementas\/matematica-aplicada-a-engenharia\/","title":{"rendered":"Matem\u00e1tica Aplicada \u00e0 Engenharia"},"content":{"rendered":"<p><strong>Ementa:<\/strong> Revis\u00e3o de \u00e1lgebra matricial. Solu\u00e7\u00f5es de equa\u00e7\u00f5es diferenciais. Problemas de valor inicial (P.V.I) e de problemas de valor de contorno (P.V.C.). Aplica\u00e7\u00e3o a equa\u00e7\u00f5es diferenciais parciais da f\u00edsica matem\u00e1tica. Calculo variacional.<\/p>\n<p>&nbsp;<\/p>\n<p><a href=\"http:\/\/uenf.br\/cct\/leciv\/files\/2015\/01\/Matem\u00e1tica-Aplicada.pdf\">Download aqui!<\/a><\/p>\n","protected":false},"excerpt":{"rendered":"<p>Ementa: Revis\u00e3o de \u00e1lgebra matricial. Solu\u00e7\u00f5es de equa\u00e7\u00f5es diferenciais. Problemas de valor inicial (P.V.I) e de problemas de valor de&#8230;<\/p>\n","protected":false},"author":8,"featured_media":0,"parent":562,"menu_order":17,"comment_status":"open","ping_status":"open","template":"","meta":{"footnotes":""},"class_list":["post-623","page","type-page","status-publish","hentry"],"_links":{"self":[{"href":"https:\/\/uenf.br\/cct\/leciv\/wp-json\/wp\/v2\/pages\/623","targetHints":{"allow":["GET"]}}],"collection":[{"href":"https:\/\/uenf.br\/cct\/leciv\/wp-json\/wp\/v2\/pages"}],"about":[{"href":"https:\/\/uenf.br\/cct\/leciv\/wp-json\/wp\/v2\/types\/page"}],"author":[{"embeddable":true,"href":"https:\/\/uenf.br\/cct\/leciv\/wp-json\/wp\/v2\/users\/8"}],"replies":[{"embeddable":true,"href":"https:\/\/uenf.br\/cct\/leciv\/wp-json\/wp\/v2\/comments?post=623"}],"version-history":[{"count":0,"href":"https:\/\/uenf.br\/cct\/leciv\/wp-json\/wp\/v2\/pages\/623\/revisions"}],"up":[{"embeddable":true,"href":"https:\/\/uenf.br\/cct\/leciv\/wp-json\/wp\/v2\/pages\/562"}],"wp:attachment":[{"href":"https:\/\/uenf.br\/cct\/leciv\/wp-json\/wp\/v2\/media?parent=623"}],"curies":[{"name":"wp","href":"https:\/\/api.w.org\/{rel}","templated":true}]}}