{"id":629,"date":"2015-01-06T11:26:01","date_gmt":"2015-01-06T11:26:01","guid":{"rendered":"http:\/\/uenf.br\/cct\/leciv\/?page_id=629"},"modified":"2016-11-29T12:01:30","modified_gmt":"2016-11-29T12:01:30","slug":"mecanica-das-rochas","status":"publish","type":"page","link":"https:\/\/uenf.br\/cct\/leciv\/pos-graduacao\/disciplinas-ementas\/mecanica-das-rochas\/","title":{"rendered":"Mec\u00e2nica das Rochas"},"content":{"rendered":"<p><strong>Ementa:<\/strong> Teoria da elasticidade aplicada a materiais rochosos. Classifica\u00e7\u00e3o dos meios rochosos do ponto de vista de engenharia. Tens\u00f5es in situ em forma\u00e7\u00f5es rochosas. Propriedades mec\u00e2nicas das rochas: Tens\u00e3o x deforma\u00e7\u00e3o em rochas intactas; par\u00e2metros de deformabilidade.. Crit\u00e9rio de ruptura em rochas. Ensaios in situ : Propriedades mec\u00e2nicas das massa rochosas. Resist\u00eancia ao cisalhamento de descontinuidades. Estabilidade de taludes em meios rochosos. T\u00faneis. Proje\u00e7\u00e3o estereogr\u00e1fica, projetos de revestimento.<\/p>\n<p>&nbsp;<\/p>\n<p><a href=\"http:\/\/uenf.br\/cct\/leciv\/files\/2015\/01\/Mec\u00e2nica-das-Rochas.pdf\">Download aqui!<\/a><\/p>\n","protected":false},"excerpt":{"rendered":"<p>Ementa: Teoria da elasticidade aplicada a materiais rochosos. Classifica\u00e7\u00e3o dos meios rochosos do ponto de vista de engenharia. Tens\u00f5es in&#8230;<\/p>\n","protected":false},"author":8,"featured_media":0,"parent":562,"menu_order":19,"comment_status":"open","ping_status":"open","template":"","meta":{"footnotes":""},"class_list":["post-629","page","type-page","status-publish","hentry"],"_links":{"self":[{"href":"https:\/\/uenf.br\/cct\/leciv\/wp-json\/wp\/v2\/pages\/629","targetHints":{"allow":["GET"]}}],"collection":[{"href":"https:\/\/uenf.br\/cct\/leciv\/wp-json\/wp\/v2\/pages"}],"about":[{"href":"https:\/\/uenf.br\/cct\/leciv\/wp-json\/wp\/v2\/types\/page"}],"author":[{"embeddable":true,"href":"https:\/\/uenf.br\/cct\/leciv\/wp-json\/wp\/v2\/users\/8"}],"replies":[{"embeddable":true,"href":"https:\/\/uenf.br\/cct\/leciv\/wp-json\/wp\/v2\/comments?post=629"}],"version-history":[{"count":0,"href":"https:\/\/uenf.br\/cct\/leciv\/wp-json\/wp\/v2\/pages\/629\/revisions"}],"up":[{"embeddable":true,"href":"https:\/\/uenf.br\/cct\/leciv\/wp-json\/wp\/v2\/pages\/562"}],"wp:attachment":[{"href":"https:\/\/uenf.br\/cct\/leciv\/wp-json\/wp\/v2\/media?parent=629"}],"curies":[{"name":"wp","href":"https:\/\/api.w.org\/{rel}","templated":true}]}}