{"id":632,"date":"2015-01-06T11:27:09","date_gmt":"2015-01-06T11:27:09","guid":{"rendered":"http:\/\/uenf.br\/cct\/leciv\/?page_id=632"},"modified":"2016-11-29T12:02:17","modified_gmt":"2016-11-29T12:02:17","slug":"mecanica-do-continuo","status":"publish","type":"page","link":"https:\/\/uenf.br\/cct\/leciv\/pos-graduacao\/disciplinas-ementas\/mecanica-do-continuo\/","title":{"rendered":"Mec\u00e2nica do Cont\u00ednuo"},"content":{"rendered":"<p><strong>Ementa: <\/strong>Tensores. Autovalores e autovetores. Diferencia\u00e7\u00e3o. Corpo, deforma\u00e7\u00e3o, movimento, trajet\u00f3ria. Princ\u00edpios da din\u00e2mica e termodin\u00e2mica. Fluidos ideais, fluidos el\u00e1sticos, fluidos newtonianos.<\/p>\n<p>&nbsp;<\/p>\n<p><a href=\"http:\/\/uenf.br\/cct\/leciv\/files\/2015\/01\/Mec\u00e2nica-do-Cont\u00ednuo.pdf\">Download aqui!<\/a><\/p>\n","protected":false},"excerpt":{"rendered":"<p>Ementa: Tensores. Autovalores e autovetores. Diferencia\u00e7\u00e3o. Corpo, deforma\u00e7\u00e3o, movimento, trajet\u00f3ria. Princ\u00edpios da din\u00e2mica e termodin\u00e2mica. Fluidos ideais, fluidos el\u00e1sticos, fluidos&#8230;<\/p>\n","protected":false},"author":8,"featured_media":0,"parent":562,"menu_order":20,"comment_status":"open","ping_status":"open","template":"","meta":{"footnotes":""},"class_list":["post-632","page","type-page","status-publish","hentry"],"_links":{"self":[{"href":"https:\/\/uenf.br\/cct\/leciv\/wp-json\/wp\/v2\/pages\/632","targetHints":{"allow":["GET"]}}],"collection":[{"href":"https:\/\/uenf.br\/cct\/leciv\/wp-json\/wp\/v2\/pages"}],"about":[{"href":"https:\/\/uenf.br\/cct\/leciv\/wp-json\/wp\/v2\/types\/page"}],"author":[{"embeddable":true,"href":"https:\/\/uenf.br\/cct\/leciv\/wp-json\/wp\/v2\/users\/8"}],"replies":[{"embeddable":true,"href":"https:\/\/uenf.br\/cct\/leciv\/wp-json\/wp\/v2\/comments?post=632"}],"version-history":[{"count":0,"href":"https:\/\/uenf.br\/cct\/leciv\/wp-json\/wp\/v2\/pages\/632\/revisions"}],"up":[{"embeddable":true,"href":"https:\/\/uenf.br\/cct\/leciv\/wp-json\/wp\/v2\/pages\/562"}],"wp:attachment":[{"href":"https:\/\/uenf.br\/cct\/leciv\/wp-json\/wp\/v2\/media?parent=632"}],"curies":[{"name":"wp","href":"https:\/\/api.w.org\/{rel}","templated":true}]}}