{"id":637,"date":"2015-01-06T12:50:26","date_gmt":"2015-01-06T12:50:26","guid":{"rendered":"http:\/\/uenf.br\/cct\/leciv\/?page_id=637"},"modified":"2016-11-29T12:03:30","modified_gmt":"2016-11-29T12:03:30","slug":"mecanica-dos-solos-avancada","status":"publish","type":"page","link":"https:\/\/uenf.br\/cct\/leciv\/pos-graduacao\/disciplinas-ementas\/mecanica-dos-solos-avancada\/","title":{"rendered":"Mec\u00e2nica dos Solos Avan\u00e7ada"},"content":{"rendered":"<p><strong>Ementa:<\/strong> Introdu\u00e7\u00e3o \u00e0 mec\u00e2nica dos solos e meios particulados. Trajet\u00f3ria de tens\u00f5es. Curva tens\u00e3o x deforma\u00e7\u00e3o. Gera\u00e7\u00e3o de Poro-Press\u00e3o. Varia\u00e7\u00e3o de volume: Contra\u00e7\u00e3o e dilat\u00e2ncia. Crit\u00e9rios de Plastifica\u00e7\u00e3o. Teoria do Estado Cr\u00edtico: Areias densas, areias fofas, argilas normalmente e pr\u00e9-adensadas. Solicita\u00e7\u00f5es drenadas e n\u00e3o drenadas. Introdu\u00e7\u00e3o a CamClay.<\/p>\n<p>&nbsp;<\/p>\n<p><a href=\"http:\/\/uenf.br\/cct\/leciv\/files\/2015\/01\/Mec\u00e2nica-dos-Solos-Avan\u00e7ada.pdf\">Download aqui!<\/a><\/p>\n","protected":false},"excerpt":{"rendered":"<p>Ementa: Introdu\u00e7\u00e3o \u00e0 mec\u00e2nica dos solos e meios particulados. Trajet\u00f3ria de tens\u00f5es. Curva tens\u00e3o x deforma\u00e7\u00e3o. Gera\u00e7\u00e3o de Poro-Press\u00e3o. Varia\u00e7\u00e3o&#8230;<\/p>\n","protected":false},"author":8,"featured_media":0,"parent":562,"menu_order":21,"comment_status":"open","ping_status":"open","template":"","meta":{"footnotes":""},"class_list":["post-637","page","type-page","status-publish","hentry"],"_links":{"self":[{"href":"https:\/\/uenf.br\/cct\/leciv\/wp-json\/wp\/v2\/pages\/637","targetHints":{"allow":["GET"]}}],"collection":[{"href":"https:\/\/uenf.br\/cct\/leciv\/wp-json\/wp\/v2\/pages"}],"about":[{"href":"https:\/\/uenf.br\/cct\/leciv\/wp-json\/wp\/v2\/types\/page"}],"author":[{"embeddable":true,"href":"https:\/\/uenf.br\/cct\/leciv\/wp-json\/wp\/v2\/users\/8"}],"replies":[{"embeddable":true,"href":"https:\/\/uenf.br\/cct\/leciv\/wp-json\/wp\/v2\/comments?post=637"}],"version-history":[{"count":0,"href":"https:\/\/uenf.br\/cct\/leciv\/wp-json\/wp\/v2\/pages\/637\/revisions"}],"up":[{"embeddable":true,"href":"https:\/\/uenf.br\/cct\/leciv\/wp-json\/wp\/v2\/pages\/562"}],"wp:attachment":[{"href":"https:\/\/uenf.br\/cct\/leciv\/wp-json\/wp\/v2\/media?parent=637"}],"curies":[{"name":"wp","href":"https:\/\/api.w.org\/{rel}","templated":true}]}}