{"id":64,"date":"2014-12-10T13:38:24","date_gmt":"2014-12-10T13:38:24","guid":{"rendered":"http:\/\/uenf.br\/cct\/leciv\/?page_id=64"},"modified":"2014-12-10T13:38:24","modified_gmt":"2014-12-10T13:38:24","slug":"cursos","status":"publish","type":"page","link":"https:\/\/uenf.br\/cct\/leciv\/apresentacao\/cursos\/","title":{"rendered":"Cursos"},"content":{"rendered":"<ul>\n<li><strong>Gradua\u00e7\u00e3o em Engenharia Civil<\/strong><br \/>\nIn\u00edcio: 28\/07\/1993<br \/>\nHabilita\u00e7\u00e3o: Engenheiro Civil<br \/>\nReconhecimento: Conselho Estadual de Educa\u00e7\u00e3o<br \/>\nN\u00famero de Cr\u00e9ditos (Horas\/Aula): 190 cr\u00e9ditos &#8211; 3500 horas\/aula<\/li>\n<\/ul>\n<p>&nbsp;<\/p>\n<ul>\n<li><strong>Mestrado Acad\u00eamico e Doutorado em Engenharia Civil<\/strong><br \/>\nIn\u00edcio:\u00a0\u00a0 Mestrado Acad\u00eamico 17\/05\/1994 ( recomendado em 2003 pela CAPES)<br \/>\nDoutorado ( recomendado em 2009 pela CAPES)<br \/>\nT\u00edtulos: Mestre em Engenharia Civil e Doutor em Engenharia Civil<br \/>\nAvalia\u00e7\u00e3o Capes: Conceito Mestrado Acad\u00eamico 4 e Doutorado 4<br \/>\n\u00c1reas de Concentra\u00e7\u00e3o: Estruturas e Geotecnia<br \/>\nN\u00famero de Cr\u00e9ditos para mestrado: 25 cr\u00e9ditos<br \/>\nN\u00famero de Cr\u00e9ditos para doutorado: 35 cr\u00e9ditos<\/li>\n<\/ul>\n","protected":false},"excerpt":{"rendered":"<p>Gradua\u00e7\u00e3o em Engenharia Civil In\u00edcio: 28\/07\/1993 Habilita\u00e7\u00e3o: Engenheiro Civil Reconhecimento: Conselho Estadual de Educa\u00e7\u00e3o N\u00famero de Cr\u00e9ditos (Horas\/Aula): 190 cr\u00e9ditos&#8230;<\/p>\n","protected":false},"author":8,"featured_media":0,"parent":5,"menu_order":4,"comment_status":"open","ping_status":"open","template":"","meta":{"footnotes":""},"class_list":["post-64","page","type-page","status-publish","hentry"],"_links":{"self":[{"href":"https:\/\/uenf.br\/cct\/leciv\/wp-json\/wp\/v2\/pages\/64","targetHints":{"allow":["GET"]}}],"collection":[{"href":"https:\/\/uenf.br\/cct\/leciv\/wp-json\/wp\/v2\/pages"}],"about":[{"href":"https:\/\/uenf.br\/cct\/leciv\/wp-json\/wp\/v2\/types\/page"}],"author":[{"embeddable":true,"href":"https:\/\/uenf.br\/cct\/leciv\/wp-json\/wp\/v2\/users\/8"}],"replies":[{"embeddable":true,"href":"https:\/\/uenf.br\/cct\/leciv\/wp-json\/wp\/v2\/comments?post=64"}],"version-history":[{"count":0,"href":"https:\/\/uenf.br\/cct\/leciv\/wp-json\/wp\/v2\/pages\/64\/revisions"}],"up":[{"embeddable":true,"href":"https:\/\/uenf.br\/cct\/leciv\/wp-json\/wp\/v2\/pages\/5"}],"wp:attachment":[{"href":"https:\/\/uenf.br\/cct\/leciv\/wp-json\/wp\/v2\/media?parent=64"}],"curies":[{"name":"wp","href":"https:\/\/api.w.org\/{rel}","templated":true}]}}