{"id":68,"date":"2014-12-10T13:40:58","date_gmt":"2014-12-10T13:40:58","guid":{"rendered":"http:\/\/uenf.br\/cct\/leciv\/?page_id=68"},"modified":"2016-07-28T20:58:14","modified_gmt":"2016-07-28T20:58:14","slug":"corpo-tecnico","status":"publish","type":"page","link":"https:\/\/uenf.br\/cct\/leciv\/apresentacao\/corpo-tecnico\/","title":{"rendered":"Corpo T\u00e9cnico"},"content":{"rendered":"<div><\/div>\n<div>\n<p>Quadro de Servidores do Laborat\u00f3rio de Engenharia Civil<\/p>\n<p><a href=\"http:\/\/uenf.br\/cct\/leciv\/files\/2014\/12\/foto-Andr\u00e9-2.jpg\"><br \/>\n<\/a><a href=\"http:\/\/uenf.br\/cct\/leciv\/files\/2014\/12\/foto-Andr\u00e9-3.jpg\"><img loading=\"lazy\" decoding=\"async\" class=\"alignleft wp-image-2894\" src=\"http:\/\/uenf.br\/cct\/leciv\/files\/2014\/12\/foto-Andr\u00e9-3.jpg\" alt=\"foto Andr\u00e9\" width=\"200\" height=\"200\" \/><\/a><\/p>\n<\/div>\n<p>&nbsp;<\/p>\n<div>\n<p>Andr\u00e9 Luis Flor Manh\u00e3es<br \/>\n(T\u00e9cnico Profissional) &#8211; <a href=\"mailto:amanhaes@uenf.br\">amanhaes@uenf.br<br \/>\n<\/a><strong>Ramal:<\/strong> 273<strong>97382<\/strong> &#8211; Centr\u00edfuga Geot\u00e9cnica<\/p>\n<\/div>\n<p>&nbsp;<\/p>\n<p>&nbsp;<\/p>\n<p>&nbsp;<\/p>\n<p>&nbsp;<\/p>\n<p><a href=\"http:\/\/uenf.br\/cct\/leciv\/files\/2014\/12\/foto-Jose-Renato-2.jpg\"><img loading=\"lazy\" decoding=\"async\" class=\"alignleft wp-image-2898\" src=\"http:\/\/uenf.br\/cct\/leciv\/files\/2014\/12\/foto-Jose-Renato-2.jpg\" alt=\"foto-Jose-Renato (2)\" width=\"200\" height=\"199\" \/><\/a><\/p>\n<p>&nbsp;<\/p>\n<p>&nbsp;<\/p>\n<p>Jos\u00e9 Renato de Freitas<br \/>\n(T\u00e9cnico de N\u00edvel Superior &#8211; Engenharia Civil) &#8211; <a href=\"mailto:jrfreitas@uenf.br\">jrfreitas@uenf.br<br \/>\n<\/a><strong>Ramal:<\/strong> 273<strong>97379<\/strong> &#8211; Laborat\u00f3rio de Estruturas<\/p>\n<p>&nbsp;<\/p>\n<p>&nbsp;<\/p>\n<p>&nbsp;<\/p>\n<p><a href=\"http:\/\/uenf.br\/cct\/leciv\/files\/2014\/12\/C\u00f3pia-de-foto-Milton.jpg\"><img loading=\"lazy\" decoding=\"async\" class=\"alignleft wp-image-2896\" src=\"http:\/\/uenf.br\/cct\/leciv\/files\/2014\/12\/C\u00f3pia-de-foto-Milton.jpg\" alt=\"C\u00f3pia de foto Milton\" width=\"200\" height=\"200\" \/><\/a><\/p>\n<div id=\"materiaPrincipal\">\n<p>&nbsp;<\/p>\n<p>&nbsp;<\/p>\n<p>Milton Pereira Soares J\u00fanior<br \/>\n(T\u00e9cnico Especializado) &#8211; <a href=\"mailto:giovanini@uenf.br\">giovanini@uenf.br<\/a><strong><br \/>\nRamal:<\/strong> 273<strong>97378<\/strong> &#8211; Laborat\u00f3rio de Ensaios Especiais<\/p>\n<\/div>\n<p>&nbsp;<\/p>\n<p>&nbsp;<\/p>\n<p>&nbsp;<\/p>\n<p><a href=\"http:\/\/uenf.br\/cct\/leciv\/files\/2014\/12\/foto-vanuzia-2.jpg\"><img loading=\"lazy\" decoding=\"async\" class=\"alignleft wp-image-2895\" src=\"http:\/\/uenf.br\/cct\/leciv\/files\/2014\/12\/foto-vanuzia-2.jpg\" alt=\"foto vanuzia\" width=\"200\" height=\"200\" \/><\/a><\/p>\n<div id=\"materiaPrincipal\">\n<p>&nbsp;<\/p>\n<p>&nbsp;<\/p>\n<p>Vanuzia Almeida dos Santos<br \/>\n(T\u00e9cnica Profissional) &#8211; <a href=\"mailto:vanuzia@uenf.br\">vanuzia@uenf.br<br \/>\n<\/a><strong>Ramal:<\/strong> 273<strong>97377<\/strong> &#8211; Laborat\u00f3rio de Caracteriza\u00e7\u00e3o<\/p>\n<\/div>\n<p>&nbsp;<\/p>\n<p>&nbsp;<\/p>\n<p>&nbsp;<\/p>\n<div id=\"materiaPrincipal\">\n<p><a href=\"http:\/\/uenf.br\/cct\/leciv\/files\/2014\/12\/Nadson.jpg\"><img loading=\"lazy\" decoding=\"async\" class=\"alignleft wp-image-2897\" src=\"http:\/\/uenf.br\/cct\/leciv\/files\/2014\/12\/Nadson.jpg\" alt=\"Nadson\" width=\"200\" height=\"200\" \/><\/a><\/p>\n<\/div>\n<p>&nbsp;<\/p>\n<div><\/div>\n<div><\/div>\n<div id=\"materiaPrincipal\">Nadson Quintanilha Couto<br \/>\n(T\u00e9cnico de N\u00edvel Fundamental) &#8211;\u00a0<a href=\"mailto:nqc@hotmail.com\">nqc@hotmail.com.br<br \/>\n<\/a><b>Local: \u00a0<\/b>Laborat\u00f3rio de\u00a0Ensaios em Durabilidade<\/div>\n","protected":false},"excerpt":{"rendered":"<p>Quadro de Servidores do Laborat\u00f3rio de Engenharia Civil &nbsp; Andr\u00e9 Luis Flor Manh\u00e3es (T\u00e9cnico Profissional) &#8211; amanhaes@uenf.br Ramal: 27397382 &#8211;&#8230;<\/p>\n","protected":false},"author":8,"featured_media":0,"parent":5,"menu_order":6,"comment_status":"open","ping_status":"open","template":"","meta":{"footnotes":""},"class_list":["post-68","page","type-page","status-publish","hentry"],"_links":{"self":[{"href":"https:\/\/uenf.br\/cct\/leciv\/wp-json\/wp\/v2\/pages\/68","targetHints":{"allow":["GET"]}}],"collection":[{"href":"https:\/\/uenf.br\/cct\/leciv\/wp-json\/wp\/v2\/pages"}],"about":[{"href":"https:\/\/uenf.br\/cct\/leciv\/wp-json\/wp\/v2\/types\/page"}],"author":[{"embeddable":true,"href":"https:\/\/uenf.br\/cct\/leciv\/wp-json\/wp\/v2\/users\/8"}],"replies":[{"embeddable":true,"href":"https:\/\/uenf.br\/cct\/leciv\/wp-json\/wp\/v2\/comments?post=68"}],"version-history":[{"count":0,"href":"https:\/\/uenf.br\/cct\/leciv\/wp-json\/wp\/v2\/pages\/68\/revisions"}],"up":[{"embeddable":true,"href":"https:\/\/uenf.br\/cct\/leciv\/wp-json\/wp\/v2\/pages\/5"}],"wp:attachment":[{"href":"https:\/\/uenf.br\/cct\/leciv\/wp-json\/wp\/v2\/media?parent=68"}],"curies":[{"name":"wp","href":"https:\/\/api.w.org\/{rel}","templated":true}]}}