{"id":701,"date":"2015-01-07T13:23:39","date_gmt":"2015-01-07T13:23:39","guid":{"rendered":"http:\/\/uenf.br\/cct\/leciv\/?page_id=701"},"modified":"2015-01-07T13:24:52","modified_gmt":"2015-01-07T13:24:52","slug":"regimento-geral-da-pos-graduacao","status":"publish","type":"page","link":"https:\/\/uenf.br\/cct\/leciv\/pos-graduacao\/regimento-geral-da-pos-graduacao\/","title":{"rendered":"Regimento Geral da P\u00f3s-Gradua\u00e7\u00e3o"},"content":{"rendered":"<p><a href=\"http:\/\/uenf.br\/pos-graduacao\/regimento-geral-da-pos-graduacao\/\" target=\"_blank\">Link para acesso.<\/a><\/p>\n","protected":false},"excerpt":{"rendered":"<p>Link para acesso.<\/p>\n","protected":false},"author":8,"featured_media":0,"parent":502,"menu_order":11,"comment_status":"open","ping_status":"open","template":"","meta":{"footnotes":""},"class_list":["post-701","page","type-page","status-publish","hentry"],"_links":{"self":[{"href":"https:\/\/uenf.br\/cct\/leciv\/wp-json\/wp\/v2\/pages\/701","targetHints":{"allow":["GET"]}}],"collection":[{"href":"https:\/\/uenf.br\/cct\/leciv\/wp-json\/wp\/v2\/pages"}],"about":[{"href":"https:\/\/uenf.br\/cct\/leciv\/wp-json\/wp\/v2\/types\/page"}],"author":[{"embeddable":true,"href":"https:\/\/uenf.br\/cct\/leciv\/wp-json\/wp\/v2\/users\/8"}],"replies":[{"embeddable":true,"href":"https:\/\/uenf.br\/cct\/leciv\/wp-json\/wp\/v2\/comments?post=701"}],"version-history":[{"count":0,"href":"https:\/\/uenf.br\/cct\/leciv\/wp-json\/wp\/v2\/pages\/701\/revisions"}],"up":[{"embeddable":true,"href":"https:\/\/uenf.br\/cct\/leciv\/wp-json\/wp\/v2\/pages\/502"}],"wp:attachment":[{"href":"https:\/\/uenf.br\/cct\/leciv\/wp-json\/wp\/v2\/media?parent=701"}],"curies":[{"name":"wp","href":"https:\/\/api.w.org\/{rel}","templated":true}]}}