{"id":743,"date":"2015-01-09T10:55:05","date_gmt":"2015-01-09T10:55:05","guid":{"rendered":"http:\/\/uenf.br\/cct\/leciv\/?page_id=743"},"modified":"2015-01-09T10:55:05","modified_gmt":"2015-01-09T10:55:05","slug":"alunos-especiais","status":"publish","type":"page","link":"https:\/\/uenf.br\/cct\/leciv\/pos-graduacao\/alunos-especiais\/","title":{"rendered":"Alunos Especiais"},"content":{"rendered":"<p><strong>Sele\u00e7\u00e3o de Alunos Especiais<\/strong><\/p>\n<p>Resultado de sele\u00e7\u00e3o para o segundo semestre de 2013.<\/p>\n<p>&nbsp;<\/p>\n<p><a href=\"http:\/\/uenf.br\/cct\/leciv\/files\/2015\/01\/LECIV_8864_1377897135.doc\">Download aqui!<\/a><\/p>\n","protected":false},"excerpt":{"rendered":"<p>Sele\u00e7\u00e3o de Alunos Especiais Resultado de sele\u00e7\u00e3o para o segundo semestre de 2013. &nbsp; Download aqui!<\/p>\n","protected":false},"author":8,"featured_media":0,"parent":502,"menu_order":13,"comment_status":"open","ping_status":"open","template":"","meta":{"footnotes":""},"class_list":["post-743","page","type-page","status-publish","hentry"],"_links":{"self":[{"href":"https:\/\/uenf.br\/cct\/leciv\/wp-json\/wp\/v2\/pages\/743","targetHints":{"allow":["GET"]}}],"collection":[{"href":"https:\/\/uenf.br\/cct\/leciv\/wp-json\/wp\/v2\/pages"}],"about":[{"href":"https:\/\/uenf.br\/cct\/leciv\/wp-json\/wp\/v2\/types\/page"}],"author":[{"embeddable":true,"href":"https:\/\/uenf.br\/cct\/leciv\/wp-json\/wp\/v2\/users\/8"}],"replies":[{"embeddable":true,"href":"https:\/\/uenf.br\/cct\/leciv\/wp-json\/wp\/v2\/comments?post=743"}],"version-history":[{"count":0,"href":"https:\/\/uenf.br\/cct\/leciv\/wp-json\/wp\/v2\/pages\/743\/revisions"}],"up":[{"embeddable":true,"href":"https:\/\/uenf.br\/cct\/leciv\/wp-json\/wp\/v2\/pages\/502"}],"wp:attachment":[{"href":"https:\/\/uenf.br\/cct\/leciv\/wp-json\/wp\/v2\/media?parent=743"}],"curies":[{"name":"wp","href":"https:\/\/api.w.org\/{rel}","templated":true}]}}