{"id":788,"date":"2015-01-09T11:29:00","date_gmt":"2015-01-09T11:29:00","guid":{"rendered":"http:\/\/uenf.br\/cct\/leciv\/?page_id=788"},"modified":"2015-01-09T11:41:28","modified_gmt":"2015-01-09T11:41:28","slug":"formularios","status":"publish","type":"page","link":"https:\/\/uenf.br\/cct\/leciv\/pos-graduacao\/formularios\/","title":{"rendered":"Formul\u00e1rios"},"content":{"rendered":"<ul>\n<li>Espec\u00edficos para Alunos Regulares<\/li>\n<\/ul>\n<p><a href=\"http:\/\/uenf.br\/reitoria\/secacad\/pos-graduacao\/formularios-gerais\/\">Requerimento de Matr\u00edcula<\/a><\/p>\n<p><a href=\"http:\/\/uenf.br\/reitoria\/secacad\/pos-graduacao\/formularios-gerais\/\">Plano de Estudo<\/a><\/p>\n<p><a href=\"http:\/\/uenf.br\/reitoria\/secacad\/pos-graduacao\/formularios-gerais\/\">Ficha de Exclus\u00e3o de Disciplinas<\/a><\/p>\n<p><a href=\"http:\/\/uenf.br\/reitoria\/secacad\/pos-graduacao\/formularios-gerais\/\">Ficha de Inclus\u00e3o de Disciplinas<\/a><\/p>\n<p><a href=\"http:\/\/uenf.br\/reitoria\/secacad\/pos-graduacao\/formularios-gerais\/\">Inscri\u00e7\u00e3o no Programa<\/a><\/p>\n<p><a href=\"http:\/\/uenf.br\/reitoria\/secacad\/pos-graduacao\/formularios-gerais\/\">Inscri\u00e7\u00e3o de Profici\u00eancia em L\u00edngua Estrangeira<\/a><\/p>\n<p><a href=\"http:\/\/uenf.br\/reitoria\/secacad\/pos-graduacao\/formularios-gerais\/\">Modelo de Procura\u00e7\u00e3o para Renova\u00e7\u00e3o de Matr\u00edcula<\/a><\/p>\n<ul>\n<li>Bolsa UENF<\/li>\n<\/ul>\n<p><a href=\"http:\/\/www.uenf.br\/Uenf\/Pages\/Reitoria\/Dga\/Grh\/?&amp;modelo=1&amp;cod_pag=8178&amp;tabela=&amp;np=GRH&amp;nc=Bolsistas+\/+Estagi%E1rios&amp;buscaEdicao=&amp;grupo=GRH&amp;p=\">Formul\u00e1rio, documenta\u00e7\u00e3o e informa\u00e7\u00f5es sobre bolsa UENF<\/a><\/p>\n<ul>\n<li>Sele\u00e7\u00e3o de Alunos Especiais<\/li>\n<\/ul>\n<p><a href=\"http:\/\/uenf.br\/reitoria\/secacad\/pos-graduacao\/formularios-gerais\/\">Espec\u00edfico para Alunos Especiais- Sele\u00e7\u00e3o<\/a><\/p>\n<ul>\n<li>Solicita\u00e7\u00e3o de Servi\u00e7os GRC<\/li>\n<\/ul>\n<p><a href=\"http:\/\/uenf.br\/cct\/leciv\/files\/2015\/01\/LECIV_5305_1208178778.pdf\">Formul\u00e1rio aqui!<\/a><\/p>\n<p>&nbsp;<\/p>\n","protected":false},"excerpt":{"rendered":"<p>Espec\u00edficos para Alunos Regulares Requerimento de Matr\u00edcula Plano de Estudo Ficha de Exclus\u00e3o de Disciplinas Ficha de Inclus\u00e3o de Disciplinas&#8230;<\/p>\n","protected":false},"author":8,"featured_media":0,"parent":502,"menu_order":18,"comment_status":"open","ping_status":"open","template":"","meta":{"footnotes":""},"class_list":["post-788","page","type-page","status-publish","hentry"],"_links":{"self":[{"href":"https:\/\/uenf.br\/cct\/leciv\/wp-json\/wp\/v2\/pages\/788","targetHints":{"allow":["GET"]}}],"collection":[{"href":"https:\/\/uenf.br\/cct\/leciv\/wp-json\/wp\/v2\/pages"}],"about":[{"href":"https:\/\/uenf.br\/cct\/leciv\/wp-json\/wp\/v2\/types\/page"}],"author":[{"embeddable":true,"href":"https:\/\/uenf.br\/cct\/leciv\/wp-json\/wp\/v2\/users\/8"}],"replies":[{"embeddable":true,"href":"https:\/\/uenf.br\/cct\/leciv\/wp-json\/wp\/v2\/comments?post=788"}],"version-history":[{"count":0,"href":"https:\/\/uenf.br\/cct\/leciv\/wp-json\/wp\/v2\/pages\/788\/revisions"}],"up":[{"embeddable":true,"href":"https:\/\/uenf.br\/cct\/leciv\/wp-json\/wp\/v2\/pages\/502"}],"wp:attachment":[{"href":"https:\/\/uenf.br\/cct\/leciv\/wp-json\/wp\/v2\/media?parent=788"}],"curies":[{"name":"wp","href":"https:\/\/api.w.org\/{rel}","templated":true}]}}