{"id":796,"date":"2015-01-09T11:42:44","date_gmt":"2015-01-09T11:42:44","guid":{"rendered":"http:\/\/uenf.br\/cct\/leciv\/?page_id=796"},"modified":"2015-01-09T11:42:44","modified_gmt":"2015-01-09T11:42:44","slug":"linkes-uteis","status":"publish","type":"page","link":"https:\/\/uenf.br\/cct\/leciv\/pos-graduacao\/linkes-uteis\/","title":{"rendered":"Linkes \u00dateis"},"content":{"rendered":"<p><a href=\"http:\/\/www.abceram.org.br\/asp\/abc_0.asp\">ABCERAM<\/a><\/p>\n<p><a href=\"http:\/\/www.abms.com.br\/\">ABMS<\/a><\/p>\n<p><a href=\"http:\/\/uenf.br\/Uenf\/Pages\/Reitoria\/Associacao_Pos\/\">APG: ASSOCIA\u00c7\u00c3O de P\u00d3S-GRADUANDOS da UENF<\/a><\/p>\n<p><a href=\"http:\/\/www.capes.gov.br\/\">CAPES<\/a><\/p>\n<p><span style=\"text-decoration: underline\"><a href=\"http:\/\/qualis.capes.gov.br\/webqualis\/\">CAPES: WebQualis<\/a><\/span><\/p>\n<p><a href=\"http:\/\/www.cnpq.br\/\">CNPq<\/a><\/p>\n<p><a href=\"http:\/\/www.faperj.br\/\">FAPERJ<\/a><\/p>\n<p><a href=\"http:\/\/www.geopolymer.org\/\">FINEP<\/a><\/p>\n<p><a href=\"http:\/\/www.geopolymer.org\/\">GEOPOLYMER INSTITUTE<\/a><\/p>\n<p><a href=\"http:\/\/www.ibracon.org.br\/\">IBRACON<\/a><\/p>\n<p><a href=\"http:\/\/www.planetauniversitario.com\/\">PLANETA UNIVERSIT\u00c1RIO<\/a><\/p>\n<p><a href=\"http:\/\/buscatextual.cnpq.br\/buscatextual\/busca.do?metodo=apresentar\">PLATAFORMA <em>LATTES <\/em>CNPq &#8211; Busca Curr\u00edculo Lattes<\/a><\/p>\n<p><a href=\"http:\/\/www.uenf.br\/Uenf\/Pages\/Reitoria\/Pos-Graduacao\/index.html?grupo=POS-GRADUACAO\">PROPPG: PR\u00d3-REITORIA DE PESQUISA E P\u00d3S-GRADUA\u00c7\u00c3O da UENF<\/a><\/p>\n<p><a href=\"http:\/\/www.uenf.br\/Uenf\/Pages\/Reitoria\/SECACAD\/\">SECACAD-UENF: SECRETARIA DE P\u00d3SGRADUA\u00c7\u00c3O DA UENF<\/a><\/p>\n<p><a href=\"http:\/\/www.uenf.br\/Uenf\/Pages\/Reitoria\/Dga\/Gcom\/\">GCOM-UENF<\/a><\/p>\n<p><a href=\"http:\/\/www.compras.rj.gov.br\/publico\/\">SIGA-SISTEMA INTEGRADO DE GEST\u00c3O E AQUISI\u00c7\u00d5ES (utilizar o navegador Internet Explorer para este site)<\/a><\/p>\n","protected":false},"excerpt":{"rendered":"<p>ABCERAM ABMS APG: ASSOCIA\u00c7\u00c3O de P\u00d3S-GRADUANDOS da UENF CAPES CAPES: WebQualis CNPq FAPERJ FINEP GEOPOLYMER INSTITUTE IBRACON PLANETA UNIVERSIT\u00c1RIO PLATAFORMA&#8230;<\/p>\n","protected":false},"author":8,"featured_media":0,"parent":502,"menu_order":19,"comment_status":"open","ping_status":"open","template":"","meta":{"footnotes":""},"class_list":["post-796","page","type-page","status-publish","hentry"],"_links":{"self":[{"href":"https:\/\/uenf.br\/cct\/leciv\/wp-json\/wp\/v2\/pages\/796","targetHints":{"allow":["GET"]}}],"collection":[{"href":"https:\/\/uenf.br\/cct\/leciv\/wp-json\/wp\/v2\/pages"}],"about":[{"href":"https:\/\/uenf.br\/cct\/leciv\/wp-json\/wp\/v2\/types\/page"}],"author":[{"embeddable":true,"href":"https:\/\/uenf.br\/cct\/leciv\/wp-json\/wp\/v2\/users\/8"}],"replies":[{"embeddable":true,"href":"https:\/\/uenf.br\/cct\/leciv\/wp-json\/wp\/v2\/comments?post=796"}],"version-history":[{"count":0,"href":"https:\/\/uenf.br\/cct\/leciv\/wp-json\/wp\/v2\/pages\/796\/revisions"}],"up":[{"embeddable":true,"href":"https:\/\/uenf.br\/cct\/leciv\/wp-json\/wp\/v2\/pages\/502"}],"wp:attachment":[{"href":"https:\/\/uenf.br\/cct\/leciv\/wp-json\/wp\/v2\/media?parent=796"}],"curies":[{"name":"wp","href":"https:\/\/api.w.org\/{rel}","templated":true}]}}