{"id":801,"date":"2015-01-09T11:49:46","date_gmt":"2015-01-09T11:49:46","guid":{"rendered":"http:\/\/uenf.br\/cct\/leciv\/?page_id=801"},"modified":"2015-01-09T11:55:38","modified_gmt":"2015-01-09T11:55:38","slug":"publicacoes","status":"publish","type":"page","link":"https:\/\/uenf.br\/cct\/leciv\/pos-graduacao\/publicacoes\/","title":{"rendered":"Publica\u00e7\u00f5es"},"content":{"rendered":"<p>Produ\u00e7\u00e3o Cient\u00edfica<\/p>\n<table style=\"height: 259px\" width=\"560\">\n<tbody>\n<tr>\n<td colspan=\"2\" width=\"425\"><strong>Produ\u00e7\u00e3o bibliogr\u00e1fica<\/strong><\/td>\n<\/tr>\n<tr>\n<td width=\"389\">Artigo publicados em peri\u00f3dicos<\/td>\n<td width=\"36\">46<\/td>\n<\/tr>\n<tr>\n<td width=\"389\">Completos<\/td>\n<td width=\"36\">34<\/td>\n<\/tr>\n<tr>\n<td width=\"389\">Resumos<\/td>\n<td width=\"36\">9<\/td>\n<\/tr>\n<tr>\n<td width=\"389\">Trabalhos em eventos<\/td>\n<td width=\"36\">337<\/td>\n<\/tr>\n<tr>\n<td width=\"389\">Completos<\/td>\n<td width=\"36\">280<\/td>\n<\/tr>\n<tr>\n<td width=\"389\">Resumos<\/td>\n<td width=\"36\">57<\/td>\n<\/tr>\n<tr>\n<td width=\"389\">Livro e Cap\u00edtulos<\/td>\n<td width=\"36\">3<\/td>\n<\/tr>\n<tr>\n<td width=\"389\">Cap\u00edtulos de livros publicados<\/td>\n<td width=\"36\">3<\/td>\n<\/tr>\n<tr>\n<td width=\"389\">Textos de jornais ou revistas<\/td>\n<td width=\"36\">10<\/td>\n<\/tr>\n<tr>\n<td width=\"389\">Jornal de not\u00edcias<\/td>\n<td width=\"36\">9<\/td>\n<\/tr>\n<tr>\n<td width=\"389\">Revistas<\/td>\n<td width=\"36\">1<\/td>\n<\/tr>\n<\/tbody>\n<\/table>\n<p>&nbsp;<\/p>\n<table style=\"height: 489px\" width=\"557\">\n<tbody>\n<tr>\n<td colspan=\"2\" width=\"425\"><strong>Produ\u00e7\u00e3o t\u00e9cnica<\/strong><\/td>\n<\/tr>\n<tr>\n<td colspan=\"2\" width=\"425\">Softwares<\/td>\n<\/tr>\n<tr>\n<td width=\"389\">Softwares sem registro ou patente<\/td>\n<td width=\"36\">10<\/td>\n<\/tr>\n<tr>\n<td colspan=\"2\" width=\"425\">Produtos tecnol\u00f3gicos<\/td>\n<\/tr>\n<tr>\n<td width=\"389\">Produtos tecnol\u00f3gicos sem registro ou patente<\/td>\n<td width=\"36\">11<\/td>\n<\/tr>\n<tr>\n<td width=\"389\">Trabalhos T\u00e9cnicos<\/td>\n<td width=\"36\">19<\/td>\n<\/tr>\n<tr>\n<td width=\"389\">Demais tipos de produ\u00e7\u00e3o t\u00e9cnica<\/td>\n<td width=\"36\">7<\/td>\n<\/tr>\n<tr>\n<td colspan=\"2\" width=\"425\">Orienta\u00e7\u00f5es conclu\u00eddas<\/td>\n<\/tr>\n<tr>\n<td width=\"389\">Inicia\u00e7\u00e3o Cient\u00edfica<\/td>\n<td width=\"36\">30<\/td>\n<\/tr>\n<tr>\n<td width=\"389\">Gradua\u00e7\u00e3o<\/td>\n<td width=\"36\">13<\/td>\n<\/tr>\n<tr>\n<td width=\"389\">Mestrado<\/td>\n<td width=\"36\">29<\/td>\n<\/tr>\n<tr>\n<td width=\"389\">Orientador Principal<\/td>\n<td width=\"36\">26<\/td>\n<\/tr>\n<tr>\n<td width=\"389\">Co-Orientador<\/td>\n<td width=\"36\">3<\/td>\n<\/tr>\n<tr>\n<td width=\"389\">Doutorado<\/td>\n<td width=\"36\">2<\/td>\n<\/tr>\n<tr>\n<td width=\"389\">Orientador Principal<\/td>\n<td width=\"36\">1<\/td>\n<\/tr>\n<tr>\n<td width=\"389\">Co-Orientador<\/td>\n<td width=\"36\">1<\/td>\n<\/tr>\n<\/tbody>\n<\/table>\n<p>&nbsp;<\/p>\n<table style=\"height: 127px\" width=\"565\">\n<tbody>\n<tr>\n<td colspan=\"2\" width=\"425\"><strong>Dados Complementares<\/strong><\/td>\n<\/tr>\n<tr>\n<td width=\"389\">Participa\u00e7\u00e3o em bancas examinadoras<\/td>\n<td width=\"36\">162<\/td>\n<\/tr>\n<tr>\n<td width=\"389\">Participa\u00e7\u00e3o em bancas de comiss\u00f5es julgadoras<\/td>\n<td width=\"36\">15<\/td>\n<\/tr>\n<tr>\n<td width=\"389\">Participa\u00e7\u00e3o em eventos<\/td>\n<td width=\"36\">107<\/td>\n<\/tr>\n<tr>\n<td width=\"389\">Orienta\u00e7\u00f5es em andamento<\/td>\n<td width=\"36\">73<\/td>\n<\/tr>\n<\/tbody>\n<\/table>\n","protected":false},"excerpt":{"rendered":"<p>Produ\u00e7\u00e3o Cient\u00edfica Produ\u00e7\u00e3o bibliogr\u00e1fica Artigo publicados em peri\u00f3dicos 46 Completos 34 Resumos 9 Trabalhos em eventos 337 Completos 280 Resumos&#8230;<\/p>\n","protected":false},"author":8,"featured_media":0,"parent":502,"menu_order":21,"comment_status":"open","ping_status":"open","template":"","meta":{"footnotes":""},"class_list":["post-801","page","type-page","status-publish","hentry"],"_links":{"self":[{"href":"https:\/\/uenf.br\/cct\/leciv\/wp-json\/wp\/v2\/pages\/801","targetHints":{"allow":["GET"]}}],"collection":[{"href":"https:\/\/uenf.br\/cct\/leciv\/wp-json\/wp\/v2\/pages"}],"about":[{"href":"https:\/\/uenf.br\/cct\/leciv\/wp-json\/wp\/v2\/types\/page"}],"author":[{"embeddable":true,"href":"https:\/\/uenf.br\/cct\/leciv\/wp-json\/wp\/v2\/users\/8"}],"replies":[{"embeddable":true,"href":"https:\/\/uenf.br\/cct\/leciv\/wp-json\/wp\/v2\/comments?post=801"}],"version-history":[{"count":0,"href":"https:\/\/uenf.br\/cct\/leciv\/wp-json\/wp\/v2\/pages\/801\/revisions"}],"up":[{"embeddable":true,"href":"https:\/\/uenf.br\/cct\/leciv\/wp-json\/wp\/v2\/pages\/502"}],"wp:attachment":[{"href":"https:\/\/uenf.br\/cct\/leciv\/wp-json\/wp\/v2\/media?parent=801"}],"curies":[{"name":"wp","href":"https:\/\/api.w.org\/{rel}","templated":true}]}}