{"id":809,"date":"2015-01-09T11:57:58","date_gmt":"2015-01-09T11:57:58","guid":{"rendered":"http:\/\/uenf.br\/cct\/leciv\/?page_id=809"},"modified":"2016-12-01T19:52:51","modified_gmt":"2016-12-01T19:52:51","slug":"adriano-cesar-magalhaes-monteiro-titulado-no-extinto-ppg-em-ciencias-de-engenharia-estruturas","status":"publish","type":"page","link":"https:\/\/uenf.br\/cct\/leciv\/pos-graduacao\/dissertacoes-de-mestrado\/adriano-cesar-magalhaes-monteiro-titulado-no-extinto-ppg-em-ciencias-de-engenharia-estruturas\/","title":{"rendered":"Adriano C\u00e9sar Magalh\u00e3es Monteiro &#8211; Titulado no Extinto PPG em Ci\u00eancias de Engenharia-Estruturas"},"content":{"rendered":"<p><strong>An\u00e1lise dos Efeitos Existentes nas Proximidades dos Bordos de Placas Submetidas \u00e0 Flex\u00e3o Utilizando Elementos de Contorno<br \/>\n<\/strong><br \/>\n<em>Orientador:<\/em> V\u00e2nia Jos\u00e9 Karam<br \/>\n<em>N\u00edvel: <\/em>Mestrado<br \/>\n<em>\u00c1rea de Concentra\u00e7\u00e3o: <\/em>Estruturas<br \/>\n<em>Situa\u00e7\u00e3o: <\/em>Conclu\u00edda \u2013 Junho\/2003<br \/>\n<em>Resumo: <\/em>Placas submetidas \u00e0 flex\u00e3o s\u00e3o analisadas neste trabalho considerando-se o m\u00e9todo dos elementos de contorno (MEC) aplicado \u00e0 teoria de placas de Reissner, v\u00e1lida para placas delgadas ou espessas. Analisam-se, especialmente, tanto qualitativa como quantitativamente, resultados de deslocamentos e esfor\u00e7os solicitantes para pontos pr\u00f3ximos aos bordos e cantos das placas. Sabe-se que, com o MEC, \u00e9 comum a ocorr\u00eancia de singularidades e imprecis\u00e3o nos resultados quando os pontos nos quais se quer determinar esses resultados est\u00e3o muito pr\u00f3ximos do contorno. Al\u00e9m disso, s\u00e3o estudadas as diferen\u00e7as existentes entre as condi\u00e7\u00f5es de contorno ditas hard e soft para os casos de bordos simplesmente apoiados e engastados.<br \/>\nInicialmente, apresenta-se um resumo das teorias de Kirchhoff e de Reissner para flex\u00e3o de placas. Em seguida, \u00e9 apresentado um resumo do MEC aplicado \u00e0 teoria de Reissner e, tamb\u00e9m, as solu\u00e7\u00f5es anal\u00edticas utilizadas. Ao final, s\u00e3o apresentados os resultados num\u00e9ricos e anal\u00edticos para os casos considerados e as respectivas an\u00e1lises de resultados. Foram analisadas placas retangulares, delgadas, com diferentes espessuras e condi\u00e7\u00f5es de contorno, que foram resolvidas tanto pelo MEC como de forma anal\u00edtica e, em ambos os casos, foi considerada a teoria de Reissner. Para a obten\u00e7\u00e3o dos resultados num\u00e9ricos, foi utilizado um programa computacional com a implementa\u00e7\u00e3o de uma transforma\u00e7\u00e3o de coordenadas do terceiro grau, com a finalidade de resolver o problema das integrais quase-singulares. Para a obten\u00e7\u00e3o das solu\u00e7\u00f5es anal\u00edticas, as respectivas express\u00f5es foram desenvolvidas e programadas computacionalmente.<\/p>\n","protected":false},"excerpt":{"rendered":"<p>An\u00e1lise dos Efeitos Existentes nas Proximidades dos Bordos de Placas Submetidas \u00e0 Flex\u00e3o Utilizando Elementos de Contorno Orientador: V\u00e2nia Jos\u00e9&#8230;<\/p>\n","protected":false},"author":8,"featured_media":0,"parent":807,"menu_order":2,"comment_status":"open","ping_status":"open","template":"","meta":{"footnotes":""},"class_list":["post-809","page","type-page","status-publish","hentry"],"_links":{"self":[{"href":"https:\/\/uenf.br\/cct\/leciv\/wp-json\/wp\/v2\/pages\/809","targetHints":{"allow":["GET"]}}],"collection":[{"href":"https:\/\/uenf.br\/cct\/leciv\/wp-json\/wp\/v2\/pages"}],"about":[{"href":"https:\/\/uenf.br\/cct\/leciv\/wp-json\/wp\/v2\/types\/page"}],"author":[{"embeddable":true,"href":"https:\/\/uenf.br\/cct\/leciv\/wp-json\/wp\/v2\/users\/8"}],"replies":[{"embeddable":true,"href":"https:\/\/uenf.br\/cct\/leciv\/wp-json\/wp\/v2\/comments?post=809"}],"version-history":[{"count":0,"href":"https:\/\/uenf.br\/cct\/leciv\/wp-json\/wp\/v2\/pages\/809\/revisions"}],"up":[{"embeddable":true,"href":"https:\/\/uenf.br\/cct\/leciv\/wp-json\/wp\/v2\/pages\/807"}],"wp:attachment":[{"href":"https:\/\/uenf.br\/cct\/leciv\/wp-json\/wp\/v2\/media?parent=809"}],"curies":[{"name":"wp","href":"https:\/\/api.w.org\/{rel}","templated":true}]}}