{"id":811,"date":"2015-01-09T11:59:01","date_gmt":"2015-01-09T11:59:01","guid":{"rendered":"http:\/\/uenf.br\/cct\/leciv\/?page_id=811"},"modified":"2015-01-09T11:59:01","modified_gmt":"2015-01-09T11:59:01","slug":"contato","status":"publish","type":"page","link":"https:\/\/uenf.br\/cct\/leciv\/pos-graduacao\/contato\/","title":{"rendered":"Contato"},"content":{"rendered":"<p><strong>Localiza\u00e7\u00e3o e Endere\u00e7o<\/strong><\/p>\n<p>&nbsp;<\/p>\n<div id=\"materiaPrincipal\">\n<p><strong>Universidade Estadual do Norte Fluminense &#8211; UENF <\/strong><\/p>\n<p><strong>Centro de Ci\u00eancia e Tecnologia &#8211; CCT<\/strong><\/p>\n<p><strong>Programa de P\u00f3s-Gradua\u00e7\u00e3o em Engenharia Civil &#8211; PPGEC<\/strong><\/p>\n<p><strong>Local<\/strong>: UENF\/CCT\/Pr\u00e9dio das Oficinas<\/p>\n<div><strong>Secretaria Acad\u00eamica do CCT<\/strong>: UENF\/CCT\/Secretaria Acad\u00eamica\/P\u00f3s-Gradua\u00e7\u00e3o em Engenharia Civil;<br \/>\n<strong>Endere\u00e7o: <\/strong>Avenida Alberto Lamego, n\u00ba: 2000, Sala: 101\/P5<strong>;<br \/>\nBairro<\/strong>: Parque Calif\u00f3rnia;<strong><br \/>\nCidade-Estado<\/strong>: Campos dos Goytacazes-RJ;<br \/>\n<strong>CEP<\/strong>: 28013-602;<strong><br \/>\nE-mail<\/strong>: ppgec@uenf.br<\/div>\n<\/div>\n","protected":false},"excerpt":{"rendered":"<p>Localiza\u00e7\u00e3o e Endere\u00e7o &nbsp; Universidade Estadual do Norte Fluminense &#8211; UENF Centro de Ci\u00eancia e Tecnologia &#8211; CCT Programa de&#8230;<\/p>\n","protected":false},"author":8,"featured_media":0,"parent":502,"menu_order":23,"comment_status":"open","ping_status":"open","template":"","meta":{"footnotes":""},"class_list":["post-811","page","type-page","status-publish","hentry"],"_links":{"self":[{"href":"https:\/\/uenf.br\/cct\/leciv\/wp-json\/wp\/v2\/pages\/811","targetHints":{"allow":["GET"]}}],"collection":[{"href":"https:\/\/uenf.br\/cct\/leciv\/wp-json\/wp\/v2\/pages"}],"about":[{"href":"https:\/\/uenf.br\/cct\/leciv\/wp-json\/wp\/v2\/types\/page"}],"author":[{"embeddable":true,"href":"https:\/\/uenf.br\/cct\/leciv\/wp-json\/wp\/v2\/users\/8"}],"replies":[{"embeddable":true,"href":"https:\/\/uenf.br\/cct\/leciv\/wp-json\/wp\/v2\/comments?post=811"}],"version-history":[{"count":0,"href":"https:\/\/uenf.br\/cct\/leciv\/wp-json\/wp\/v2\/pages\/811\/revisions"}],"up":[{"embeddable":true,"href":"https:\/\/uenf.br\/cct\/leciv\/wp-json\/wp\/v2\/pages\/502"}],"wp:attachment":[{"href":"https:\/\/uenf.br\/cct\/leciv\/wp-json\/wp\/v2\/media?parent=811"}],"curies":[{"name":"wp","href":"https:\/\/api.w.org\/{rel}","templated":true}]}}