{"id":817,"date":"2015-01-09T12:02:04","date_gmt":"2015-01-09T12:02:04","guid":{"rendered":"http:\/\/uenf.br\/cct\/leciv\/?page_id=817"},"modified":"2015-01-09T12:02:04","modified_gmt":"2015-01-09T12:02:04","slug":"projetos","status":"publish","type":"page","link":"https:\/\/uenf.br\/cct\/leciv\/extensao\/projetos\/","title":{"rendered":"Projetos"},"content":{"rendered":"<p><strong>Estudo Comparativo dos M\u00e9todos de C\u00e1lculo de Estabilidade de Taludes<br \/>\n<\/strong><em>Coordenador:<\/em> Aldo Duran Farf\u00e1n<br \/>\n<em>Aluno:<\/em> Jean Crispim Ferreira<br \/>\n<em>Resumo:<\/em> O presente trabalho faz uma an\u00e1lise comparativa da carga de ruptura e o mecanismo de ruptura de taludes, atrav\u00e9s da an\u00e1lise tens\u00e3o-deforma\u00e7\u00e3o (M\u00e9todo dos Elementos Finitos via programa comercial PLAXIS), An\u00e1lise limite num\u00e9rica (via programa LIMAG) e o m\u00e9todo de equil\u00edbrio limite (via programa comercial Geo-Slope). Foi constru\u00eddo de forma simplificada, um modelo matem\u00e1tico de um talude (terreno inclinado com 30\u00ba, 45\u00ba e 60\u00ba). Para a correla\u00e7\u00e3o dos resultados obtidos foi definido um fator denominado Fator de Redu\u00e7\u00e3o. A varia\u00e7\u00e3o deste fator aplicado aos par\u00e2metros de resist\u00eancia do solo reduz a compet\u00eancia do maci\u00e7o levando \u00e0 estrutura geot\u00e9cnica a uma imin\u00eancia de ruptura. Os resultados s\u00e3o plotados em curvas que relacionam o Fator de Redu\u00e7\u00e3o com o Fator de Colapso e o Fator de Seguran\u00e7a.<\/p>\n<p><strong>Materiais e Tecnologias Alternativas para Aplica\u00e7\u00f5es em Constru\u00e7\u00f5es Auto-Sustent\u00e1veis.<br \/>\n<\/strong><em>Coordenador:<\/em> Dylmar Penteado Dias<br \/>\n<em>Aluno:<\/em> Frederico Lopes Murta<br \/>\n<em>Resumo:<\/em> O projeto visa o desenvolvimento e a forma\u00e7\u00e3o de uma rede de conhecimento para a obten\u00e7\u00e3o de materiais alternativos de baixo impacto ambiental, os quais dever\u00e3o ser utilizados na constru\u00e7\u00e3o de edifica\u00e7\u00f5es auto-sustent\u00e1veis para comunidades de baixa renda.<\/p>\n<p><strong>Curso de Atualiza\u00e7\u00e3o e Aperfei\u00e7oamento para Aplica\u00e7\u00f5es em constru\u00e7\u00f5es Auto-Sustent\u00e1veis.<br \/>\n<\/strong><em>Coordenador:<\/em> Frederico Terra de Almeida<br \/>\n<em>Aluno:<\/em> Sem bolsista<br \/>\n<em>Resumo:<\/em> Este curso\/palestra \u00e9 um conv\u00eanio desenvolvido entre a ONG CNFCN e a PETROBR\u00c1S com objetivo de capacitar\/atualizar os professores da rede p\u00fablica de 12 munic\u00edpios que recebem royalty de petr\u00f3leo. Participamos (UENF \/ LEVIC) de palestras referentes aos assuntos de Educa\u00e7\u00e3o Ambiental em Gest\u00e3o de Res\u00edduos S\u00f3lidos e de Recursos H\u00eddricos.<\/p>\n<p><strong>Forma\u00e7\u00e3o de Recursos Humanos visando a constru\u00e7\u00e3o de moradias de baixo custa usando res\u00edduos industriais. <\/strong><br \/>\n<em>Coordenador:<\/em> Jean Marie D\u00e9sir<br \/>\n<em>Aluno:<\/em> Antonio Alves de oliveira Filho<br \/>\n<em>Resumo:<\/em> O objetivo \u00e9 capacitar profissionais para atuarem junto \u00e0s comunidades carentes, no sentido de difundir as t\u00e9cnicas de constru\u00e7\u00e3o de moradias de baixo custo com material reciclado e\/ou res\u00edduos industriais at\u00e9 se familiarizarem com as t\u00e9cnicas de constru\u00e7\u00e3o de habita\u00e7\u00f5es de interesse social.<br \/>\n<em>Dura\u00e7\u00e3o:<\/em> 2004-2006<\/p>\n<p><strong>Uso do res\u00edduo da ind\u00fastria de beneficiamento de rochas ornamentais como aditivo em argamassas e concretos de alto desempenho. <\/strong><br \/>\n<em>Coordenador:<\/em> Jonas Alexandre<br \/>\n<em>Aluno:<\/em> Anderson de Souza Sinfl\u00f3rio<br \/>\n<em>Resumo:<\/em> Estudar a efici\u00eancia da adi\u00e7\u00e3o de res\u00edduos provenientes do polimento de rochas ornamentais provenientes do munic\u00edpio de Italva-RJ, e de Cachoeiro do Itapemirim-ES, como aditivo pozol\u00e2nico e filler em argamassas e concretos de alto desempenho.<br \/>\n<em>Dura\u00e7\u00e3o:<\/em> 2004-2006<\/p>\n<p><strong>Implementa\u00e7\u00e3o do Turismo Geol\u00f3gico- Ecol\u00f3gico no Munic\u00edpio de Campos dos Goytacazes.<br \/>\n<\/strong><em>Coordenador:<\/em> Maria da Gl\u00f3ria Alves<br \/>\n<em>Aluno:<\/em> Liege de Almeida Pacheco<br \/>\n<em>Resumo:<\/em> Neste trabalho foram selecionados pontos de interesse tur\u00edstico e geol\u00f3gico, no Munic\u00edpio de Campos, com a finalidade de participar do projeto \u201cCaminhos Geol\u00f3gicos\u201d, desenvolvido pelo DRM\/RJ.<br \/>\nDura\u00e7\u00e3o: 2004-2005<\/p>\n<p><strong>Cria\u00e7\u00e3o de um projeto de casa na regi\u00e3o de Lagoa de Cima utilizando t\u00e9cnicas para preserva\u00e7\u00e3o e sustentabilidade do meio ambiente. <\/strong><br \/>\n<em>Aluno:<\/em> Larissa Azevedo Curty<br \/>\n<em>Resumo:<\/em> Cria\u00e7\u00e3o de uma moradia com uma arquitetura bioclim\u00e1tica, enfatizando o uso de materiais naturais, com o estudo da ventila\u00e7\u00e3o e ilumina\u00e7\u00e3o natural, topografia, tipo de solo, a profundidade do len\u00e7ol fre\u00e1tico, tratamentos naturais de \u00e1gua, sistemas de esgotamento sanit\u00e1rio eficiente etc.<\/p>\n<p><strong>Implementa\u00e7\u00e3o de Programas Computacionais para Divulga\u00e7\u00e3o e Desenvolvimento do Laborat\u00f3rio de Engenharia Civil da UENF <\/strong><br \/>\n<em>Coordenador:<\/em> Paulo C\u00e9sar Maia<br \/>\n<em>Aluno:<\/em> M\u00e1rcio Miranda de Ara\u00fajo \u2013 Designer Gr\u00e1fico, T\u00e9cnico em Inform\u00e1tica e Web Design;<br \/>\nDaniel Falc\u00e3o Wolf \u2013 Tecn\u00f3logo em Automa\u00e7\u00e3o e T\u00e9cnico em Telecomunica\u00e7\u00f5es<br \/>\n<em>Resumo:<\/em> O projeto tem por objetivo a implementa\u00e7\u00e3o de programa de computador para a aquisi\u00e7\u00e3o autom\u00e1tica de dados em ensaios de laborat\u00f3rio e a constru\u00e7\u00e3o de p\u00e1gina na internet para difus\u00e3o de informa\u00e7\u00f5es, dados e trabalhos desenvolvidos no LECIV. Isto vai permitir o desenvolvimento de pesquisas de ponta e a divulga\u00e7\u00e3o de importantes informa\u00e7\u00f5es relativas ao laborat\u00f3rio de Engenharia Civil para os profissionais e alunos da \u00e1rea, em qualquer parte do mundo.<br \/>\n<em>Dura\u00e7\u00e3o:<\/em> 2004-2005<\/p>\n<p><strong>Aplica\u00e7\u00e3o de m\u00e9todos probabil\u00edsticos para dimensionamento racional de conten\u00e7\u00e3o de encostas em \u00e1reas de risco.<\/strong><br \/>\n<em>Aluno:<\/em> Mois\u00e9s Duarte Soares \u2013 Graduando em Engenharia Civil;<br \/>\nDiego de Jesus Ricardo \u2013 Eletromec\u00e2nico.<br \/>\n<em>Resumo:<\/em> O projeto tem por objetivo avalia\u00e7\u00e3o de diferentes solu\u00e7\u00f5es para estruturas de conten\u00e7\u00f5es, considerando as varia\u00e7\u00f5es das vari\u00e1veis inerentes ao problema. Esta considera\u00e7\u00e3o permite uma avalia\u00e7\u00e3o mais racional das estruturas de conten\u00e7\u00f5es. Al\u00e9m disto, a introdu\u00e7\u00e3o das varia\u00e7\u00f5es das vari\u00e1veis pode minimizar as diferen\u00e7as entre o comportamento real das obras e a previs\u00e3o de projetos.<br \/>\n<em>Dura\u00e7\u00e3o:<\/em> 2004-2005<\/p>\n","protected":false},"excerpt":{"rendered":"<p>Estudo Comparativo dos M\u00e9todos de C\u00e1lculo de Estabilidade de Taludes Coordenador: Aldo Duran Farf\u00e1n Aluno: Jean Crispim Ferreira Resumo: O&#8230;<\/p>\n","protected":false},"author":8,"featured_media":0,"parent":813,"menu_order":2,"comment_status":"open","ping_status":"open","template":"","meta":{"footnotes":""},"class_list":["post-817","page","type-page","status-publish","hentry"],"_links":{"self":[{"href":"https:\/\/uenf.br\/cct\/leciv\/wp-json\/wp\/v2\/pages\/817","targetHints":{"allow":["GET"]}}],"collection":[{"href":"https:\/\/uenf.br\/cct\/leciv\/wp-json\/wp\/v2\/pages"}],"about":[{"href":"https:\/\/uenf.br\/cct\/leciv\/wp-json\/wp\/v2\/types\/page"}],"author":[{"embeddable":true,"href":"https:\/\/uenf.br\/cct\/leciv\/wp-json\/wp\/v2\/users\/8"}],"replies":[{"embeddable":true,"href":"https:\/\/uenf.br\/cct\/leciv\/wp-json\/wp\/v2\/comments?post=817"}],"version-history":[{"count":0,"href":"https:\/\/uenf.br\/cct\/leciv\/wp-json\/wp\/v2\/pages\/817\/revisions"}],"up":[{"embeddable":true,"href":"https:\/\/uenf.br\/cct\/leciv\/wp-json\/wp\/v2\/pages\/813"}],"wp:attachment":[{"href":"https:\/\/uenf.br\/cct\/leciv\/wp-json\/wp\/v2\/media?parent=817"}],"curies":[{"name":"wp","href":"https:\/\/api.w.org\/{rel}","templated":true}]}}