{"id":82,"date":"2014-12-10T14:02:20","date_gmt":"2014-12-10T14:02:20","guid":{"rendered":"http:\/\/uenf.br\/cct\/leciv\/?page_id=82"},"modified":"2014-12-10T14:02:36","modified_gmt":"2014-12-10T14:02:36","slug":"identidade-visual-do-leciv","status":"publish","type":"page","link":"https:\/\/uenf.br\/cct\/leciv\/apresentacao\/identidade-visual-do-leciv\/","title":{"rendered":"Identidade Visual do LECIV"},"content":{"rendered":"<p>Segue abaixo o link para download do arquivo ZIP, que cont\u00eam 8 varia\u00e7\u00f5es de exten\u00e7\u00e3o de imagens da Identidade Visual do LECIV para serem utilizadas em Apresenta\u00e7\u00f5es, Documentos, Banners, Folders e Cartazes.<\/p>\n<p><a href=\"http:\/\/uenf.br\/cct\/leciv\/files\/2014\/12\/LECIV_3380_1149596285.zip\">Identidade Visual<\/a><\/p>\n","protected":false},"excerpt":{"rendered":"<p>Segue abaixo o link para download do arquivo ZIP, que cont\u00eam 8 varia\u00e7\u00f5es de exten\u00e7\u00e3o de imagens da Identidade Visual&#8230;<\/p>\n","protected":false},"author":8,"featured_media":0,"parent":5,"menu_order":8,"comment_status":"open","ping_status":"open","template":"","meta":{"footnotes":""},"class_list":["post-82","page","type-page","status-publish","hentry"],"_links":{"self":[{"href":"https:\/\/uenf.br\/cct\/leciv\/wp-json\/wp\/v2\/pages\/82","targetHints":{"allow":["GET"]}}],"collection":[{"href":"https:\/\/uenf.br\/cct\/leciv\/wp-json\/wp\/v2\/pages"}],"about":[{"href":"https:\/\/uenf.br\/cct\/leciv\/wp-json\/wp\/v2\/types\/page"}],"author":[{"embeddable":true,"href":"https:\/\/uenf.br\/cct\/leciv\/wp-json\/wp\/v2\/users\/8"}],"replies":[{"embeddable":true,"href":"https:\/\/uenf.br\/cct\/leciv\/wp-json\/wp\/v2\/comments?post=82"}],"version-history":[{"count":0,"href":"https:\/\/uenf.br\/cct\/leciv\/wp-json\/wp\/v2\/pages\/82\/revisions"}],"up":[{"embeddable":true,"href":"https:\/\/uenf.br\/cct\/leciv\/wp-json\/wp\/v2\/pages\/5"}],"wp:attachment":[{"href":"https:\/\/uenf.br\/cct\/leciv\/wp-json\/wp\/v2\/media?parent=82"}],"curies":[{"name":"wp","href":"https:\/\/api.w.org\/{rel}","templated":true}]}}