{"id":838,"date":"2015-01-12T11:53:15","date_gmt":"2015-01-12T11:53:15","guid":{"rendered":"http:\/\/uenf.br\/cct\/leciv\/?page_id=838"},"modified":"2016-12-01T19:56:39","modified_gmt":"2016-12-01T19:56:39","slug":"aline-de-azevedo-dias-estruturas","status":"publish","type":"page","link":"https:\/\/uenf.br\/cct\/leciv\/pos-graduacao\/dissertacoes-de-mestrado\/aline-de-azevedo-dias-estruturas\/","title":{"rendered":"Aline de Azevedo Dias- Estruturas"},"content":{"rendered":"<p align=\"justify\"><strong>ESTUDO DA DEGRADA\u00c7\u00c3O DE ARGAMASSA GEOPOLIM\u00c9RICA POR \u00c1CIDO AC\u00c9TICO E SULF\u00daRICO<\/strong><\/p>\n<p align=\"justify\"><em>Orientador:<\/em> Prof. Dylmar Penteado Dias<br \/>\n<em>N\u00edvel:<\/em> Mestrado<br \/>\n<em>\u00c1rea de Concentra\u00e7\u00e3o:<\/em> Estruturas<br \/>\n<em>Situa\u00e7\u00e3o:<\/em> Conclu\u00edda \u2013 Dezembro\/2008<\/p>\n<p><em>Resumo:<\/em> O objetivo do presente trabalho consistiu na avalia\u00e7\u00e3o da durabilidade de argamassas geopolim\u00e9ricas e convencionais por meio de ataque qu\u00edmico com \u00e1cidos sulf\u00farico e ac\u00e9tico com 5% e 10% de concentra\u00e7\u00e3o, respectivamente. O ataque foi feito com ciclagens a cada 10 dias em solu\u00e7\u00f5es de \u00e1cido ac\u00e9tico e \u00e1gua e imers\u00e3o cont\u00ednua em solu\u00e7\u00f5es de \u00e1cido sulf\u00farico, \u00e1cido ac\u00e9tico e em \u00e1gua. O programa experimental consistiu na determina\u00e7\u00e3o da resist\u00eancia \u00e0 compress\u00e3o axial, absor\u00e7\u00e3o de \u00e1gua por imers\u00e3o e acompanhamento da varia\u00e7\u00e3o de massa, ensaios estes feitos em argamassas. Visando facilitar a caracteriza\u00e7\u00e3o microestrutural e qu\u00edmica, foram feitos ensaios anal\u00edticos de difra\u00e7\u00e3o de raios X (DRX), microscopia eletr\u00f4nica de varredura (MEV) e an\u00e1lise termodiferencial (ATD) e<br \/>\ntermogravim\u00e9trica (ATG) em pastas geopolim\u00e9ricas. Os resultados mostraram que o cimento<br \/>\ngeopolim\u00e9rico n\u00e3o apresentou resist\u00eancia mec\u00e2nica superior ao cimento Portland devido ao<br \/>\nmetacaulim utilizado, que apresentou elevada cristalinidade. Em solu\u00e7\u00e3o de \u00e1cido sulf\u00farico, a<br \/>\nan\u00e1lise estat\u00edstica da resist\u00eancia \u00e0 compress\u00e3o axial mostrou que a argamassa<br \/>\ngeopolim\u00e9rica n\u00e3o apresentou diferen\u00e7a significativa, em nenhum ciclo, em rela\u00e7\u00e3o \u00e0<br \/>\nargamassa convencional, j\u00e1 que para ambas as argamassas a brusca queda de resist\u00eancia<br \/>\nmec\u00e2nica foi evidenciada pelo forte efeito desse \u00e1cido. J\u00e1 em ciclagem em solu\u00e7\u00e3o de \u00e1cido<br \/>\nac\u00e9tico, a resist\u00eancia \u00e0 compress\u00e3o da argamassa geopolim\u00e9rica foi ligeiramente superior \u00e0<br \/>\nargamassa convencional em todos os ciclos examinados.<\/p>\n<p align=\"justify\"><a href=\"http:\/\/uenf.br\/cct\/leciv\/files\/2015\/01\/2.pdf\">Download aqui!<\/a><\/p>\n","protected":false},"excerpt":{"rendered":"<p>ESTUDO DA DEGRADA\u00c7\u00c3O DE ARGAMASSA GEOPOLIM\u00c9RICA POR \u00c1CIDO AC\u00c9TICO E SULF\u00daRICO Orientador: Prof. Dylmar Penteado Dias N\u00edvel: Mestrado \u00c1rea de&#8230;<\/p>\n","protected":false},"author":8,"featured_media":0,"parent":807,"menu_order":6,"comment_status":"open","ping_status":"open","template":"","meta":{"footnotes":""},"class_list":["post-838","page","type-page","status-publish","hentry"],"_links":{"self":[{"href":"https:\/\/uenf.br\/cct\/leciv\/wp-json\/wp\/v2\/pages\/838","targetHints":{"allow":["GET"]}}],"collection":[{"href":"https:\/\/uenf.br\/cct\/leciv\/wp-json\/wp\/v2\/pages"}],"about":[{"href":"https:\/\/uenf.br\/cct\/leciv\/wp-json\/wp\/v2\/types\/page"}],"author":[{"embeddable":true,"href":"https:\/\/uenf.br\/cct\/leciv\/wp-json\/wp\/v2\/users\/8"}],"replies":[{"embeddable":true,"href":"https:\/\/uenf.br\/cct\/leciv\/wp-json\/wp\/v2\/comments?post=838"}],"version-history":[{"count":0,"href":"https:\/\/uenf.br\/cct\/leciv\/wp-json\/wp\/v2\/pages\/838\/revisions"}],"up":[{"embeddable":true,"href":"https:\/\/uenf.br\/cct\/leciv\/wp-json\/wp\/v2\/pages\/807"}],"wp:attachment":[{"href":"https:\/\/uenf.br\/cct\/leciv\/wp-json\/wp\/v2\/media?parent=838"}],"curies":[{"name":"wp","href":"https:\/\/api.w.org\/{rel}","templated":true}]}}