{"id":841,"date":"2015-01-12T11:54:47","date_gmt":"2015-01-12T11:54:47","guid":{"rendered":"http:\/\/uenf.br\/cct\/leciv\/?page_id=841"},"modified":"2016-12-01T19:58:48","modified_gmt":"2016-12-01T19:58:48","slug":"aline-nogueira-costa-geotecnia","status":"publish","type":"page","link":"https:\/\/uenf.br\/cct\/leciv\/pos-graduacao\/dissertacoes-de-mestrado\/aline-nogueira-costa-geotecnia\/","title":{"rendered":"Aline Nogueira Costa &#8211; Geotecnia"},"content":{"rendered":"<div id=\"materiaPrincipal\">\n<div align=\"justify\"><strong>Mapeamento Geol\u00f3gico-Geot\u00e9cnico e T\u00e9cnicas de Geoprocessamento como subs\u00eddio ao Planejamento da Expans\u00e3o Urbana no Munic\u00edpio de Campos dos Goytacazes\/R.J.<br \/>\n<\/strong><br \/>\n<em>Orientador:<\/em> Maria da Gl\u00f3ria<br \/>\n<em>N\u00edvel:<\/em> Mestrado<br \/>\n<em>\u00c1rea de Concentra\u00e7\u00e3o:<\/em> Geotecnia<br \/>\n<em>Situa\u00e7\u00e3o:<\/em> Conclu\u00edda \u2013 Abril\/2005<br \/>\n<em><br \/>\nResumo:<\/em> O Munic\u00edpio de Campos dos Goytacazes, localizado no litoral norte do Estado do Rio de Janeiro, apresenta caracter\u00edsticas sociais, econ\u00f4micas, pol\u00edticas e ambientais marcantes no processo de planejamento municipal. Como a maioria dos munic\u00edpios do Estado do Rio de Janeiro encontra-se carente de mapas e instrumentos que orientem os planejadores municipais em suas atividades. A cidade desenvolveu-se sobre uma plan\u00edcie de inunda\u00e7\u00e3o e, como conseq\u00fc\u00eancia dessa ocupa\u00e7\u00e3o vem sofrendo problemas com o n\u00edvel do len\u00e7ol fre\u00e1tico, sistema de drenagem, capacidade de suporte dos solos e contamina\u00e7\u00e3o de aq\u00fc\u00edferos. o prop\u00f3sito geral desta disserta\u00e7\u00e3o foi produzir um mapa de unidades geol\u00f3gicas-geot\u00e9cnicas para analisar o grau de aptid\u00f5es ou restri\u00e7\u00f5es das diferentes unidades para fins de expans\u00e3o urbana. A partir de ent\u00e3o, foi produzido o mapa de potencial de uso e ocupa\u00e7\u00e3o urbana do solo do Munic\u00edpio de Campos dos Goytacazes &#8211; R.J., relacionando-o com os impactos provenientes da ocupa\u00e7\u00e3o indevida do solo. Este mapa foi gerado atrav\u00e9s do cruzamento do mapa de unidades geol\u00f3gico-geot\u00e9cnicas, carta de declividades e informa\u00e7\u00f5es de campo. A aplica\u00e7\u00e3o das t\u00e9cnicas de geoprocessamento foi de fundamental import\u00e2ncia na elabora\u00e7\u00e3o dos mapas. As ferramentas de sensoriamento remoto, SIG e GPS, agilizaram a elabora\u00e7\u00e3o dos planos de informa\u00e7\u00e3o. Por fim, a falta de planejamento adequado gera v\u00e1rias conseq\u00fc\u00eancias ecol\u00f3gicas, sociais e econ\u00f4micas, muitas vezes irrevers\u00edveis. Sabe-se que os problemas decorrentes da intera\u00e7\u00e3o entre a\u00e7\u00e3o antr\u00f3pica e o meio f\u00edsico s\u00e3o causados principalmente pela n\u00e3o considera\u00e7\u00e3o das limita\u00e7\u00f5es e aptid\u00f5es desse meio.<\/div>\n<div align=\"justify\"><\/div>\n<div align=\"justify\"><\/div>\n<div align=\"justify\"><a href=\"http:\/\/uenf.br\/cct\/leciv\/files\/2015\/01\/3.pdf\">Download aqui!<\/a><\/div>\n<\/div>\n","protected":false},"excerpt":{"rendered":"<p>Mapeamento Geol\u00f3gico-Geot\u00e9cnico e T\u00e9cnicas de Geoprocessamento como subs\u00eddio ao Planejamento da Expans\u00e3o Urbana no Munic\u00edpio de Campos dos Goytacazes\/R.J. Orientador:&#8230;<\/p>\n","protected":false},"author":8,"featured_media":0,"parent":807,"menu_order":7,"comment_status":"open","ping_status":"open","template":"","meta":{"footnotes":""},"class_list":["post-841","page","type-page","status-publish","hentry"],"_links":{"self":[{"href":"https:\/\/uenf.br\/cct\/leciv\/wp-json\/wp\/v2\/pages\/841","targetHints":{"allow":["GET"]}}],"collection":[{"href":"https:\/\/uenf.br\/cct\/leciv\/wp-json\/wp\/v2\/pages"}],"about":[{"href":"https:\/\/uenf.br\/cct\/leciv\/wp-json\/wp\/v2\/types\/page"}],"author":[{"embeddable":true,"href":"https:\/\/uenf.br\/cct\/leciv\/wp-json\/wp\/v2\/users\/8"}],"replies":[{"embeddable":true,"href":"https:\/\/uenf.br\/cct\/leciv\/wp-json\/wp\/v2\/comments?post=841"}],"version-history":[{"count":0,"href":"https:\/\/uenf.br\/cct\/leciv\/wp-json\/wp\/v2\/pages\/841\/revisions"}],"up":[{"embeddable":true,"href":"https:\/\/uenf.br\/cct\/leciv\/wp-json\/wp\/v2\/pages\/807"}],"wp:attachment":[{"href":"https:\/\/uenf.br\/cct\/leciv\/wp-json\/wp\/v2\/media?parent=841"}],"curies":[{"name":"wp","href":"https:\/\/api.w.org\/{rel}","templated":true}]}}