{"id":844,"date":"2015-01-12T11:55:24","date_gmt":"2015-01-12T11:55:24","guid":{"rendered":"http:\/\/uenf.br\/cct\/leciv\/?page_id=844"},"modified":"2016-12-01T20:00:20","modified_gmt":"2016-12-01T20:00:20","slug":"aliny-amaral-tebaldi-estruturas","status":"publish","type":"page","link":"https:\/\/uenf.br\/cct\/leciv\/pos-graduacao\/dissertacoes-de-mestrado\/aliny-amaral-tebaldi-estruturas\/","title":{"rendered":"Aliny Amaral Tebaldi &#8211; Estruturas"},"content":{"rendered":"<p><strong>ESTUDO DE PAR\u00c2METROS TECNOL\u00d3GICOS PARA A QUALIFICA\u00c7\u00c3O DE ARGAMASSAS PROJETADAS<\/strong><\/p>\n<p>Orientador: Jonas Alexandre<br \/>\nN\u00edvel: Mestrado<br \/>\n\u00c1rea de Concentra\u00e7\u00e3o: Estruturas<br \/>\nSitua\u00e7\u00e3o: Conclu\u00edda \u2013 Outubro\/2009<\/p>\n<div>\u00a0Resumo: A competitividade no crescente mercado da Constru\u00e7\u00e3o Civil tem levado as empresas \u00e0 busca de inova\u00e7\u00f5es tecnol\u00f3gicas que aumentam sua rentabilidade mantendo a qualidade de seus servi\u00e7os. Assim, processos artesanais passam por processos de automa\u00e7\u00e3o reduzindo custos e aumentando a produtividade, motivo pelo quais essas n ovas tecnologias s\u00e3o cada vez mais difundidas e utilizadas no mercado.No entanto, s\u00e3o\u00a0 necess\u00e1rios par\u00e2metros de controle que garantam a qualidade dos produtos para a aceita\u00e7\u00e3o no mercado.Neste trabalho, tr\u00eas argamassas industrializadas utilizadas em proje\u00e7\u00e3o mecanizada foram analisadas nos seus estados, anidro, fresco e endurecido, visando o estudo das principais propriedades que inflem no processo de proje\u00e7\u00e3o e p\u00f3s \u2013 proje\u00e7\u00e3o. Com os resultados obtidos, foi poss\u00edvel analisar os principias par\u00e2metros para controle de qualidade das argamassas industrializadas, cujo destino \u00e9 a proje\u00e7\u00e3o mecanizada em paredes, como revestimento.<\/div>\n","protected":false},"excerpt":{"rendered":"<p>ESTUDO DE PAR\u00c2METROS TECNOL\u00d3GICOS PARA A QUALIFICA\u00c7\u00c3O DE ARGAMASSAS PROJETADAS Orientador: Jonas Alexandre N\u00edvel: Mestrado \u00c1rea de Concentra\u00e7\u00e3o: Estruturas Situa\u00e7\u00e3o:&#8230;<\/p>\n","protected":false},"author":8,"featured_media":0,"parent":807,"menu_order":9,"comment_status":"open","ping_status":"open","template":"","meta":{"footnotes":""},"class_list":["post-844","page","type-page","status-publish","hentry"],"_links":{"self":[{"href":"https:\/\/uenf.br\/cct\/leciv\/wp-json\/wp\/v2\/pages\/844","targetHints":{"allow":["GET"]}}],"collection":[{"href":"https:\/\/uenf.br\/cct\/leciv\/wp-json\/wp\/v2\/pages"}],"about":[{"href":"https:\/\/uenf.br\/cct\/leciv\/wp-json\/wp\/v2\/types\/page"}],"author":[{"embeddable":true,"href":"https:\/\/uenf.br\/cct\/leciv\/wp-json\/wp\/v2\/users\/8"}],"replies":[{"embeddable":true,"href":"https:\/\/uenf.br\/cct\/leciv\/wp-json\/wp\/v2\/comments?post=844"}],"version-history":[{"count":0,"href":"https:\/\/uenf.br\/cct\/leciv\/wp-json\/wp\/v2\/pages\/844\/revisions"}],"up":[{"embeddable":true,"href":"https:\/\/uenf.br\/cct\/leciv\/wp-json\/wp\/v2\/pages\/807"}],"wp:attachment":[{"href":"https:\/\/uenf.br\/cct\/leciv\/wp-json\/wp\/v2\/media?parent=844"}],"curies":[{"name":"wp","href":"https:\/\/api.w.org\/{rel}","templated":true}]}}