{"id":848,"date":"2015-01-12T12:07:50","date_gmt":"2015-01-12T12:07:50","guid":{"rendered":"http:\/\/uenf.br\/cct\/leciv\/?page_id=848"},"modified":"2016-12-01T20:01:57","modified_gmt":"2016-12-01T20:01:57","slug":"ana-laura-cassiano-dias-avila-geotecnia","status":"publish","type":"page","link":"https:\/\/uenf.br\/cct\/leciv\/pos-graduacao\/dissertacoes-de-mestrado\/ana-laura-cassiano-dias-avila-geotecnia\/","title":{"rendered":"Ana Laura Cassiano Dias Avila-Geotecnia"},"content":{"rendered":"<p align=\"justify\"><strong>AN\u00c1LISE ESPACIAL DA VARIABILIDADE DA RESIST\u00caNCIA \u00c0 COMPRESS\u00c3O DE UM GRANITO DE CAMPOS DOS GOYTACAZES<\/strong><\/p>\n<p align=\"justify\"><em>Orientador:<\/em> Aldo Durand Farf\u00e1n<br \/>\n<em>N\u00edvel:<\/em> Mestrado<br \/>\n<em>\u00c1rea de Concentra\u00e7\u00e3o:<\/em> Geotecnia<br \/>\n<em>Situa\u00e7\u00e3o: Conclu\u00edda<\/em> \u2013 Mar\u00e7o\/2009<\/p>\n<p><em>Resumo:<\/em> A preocupa\u00e7\u00e3o ambiental dos dias de hoje nos faz ter uma nova e necess\u00e1ria vis\u00e3o<br \/>\ndo desenvolvimento, \u00e9 preciso produzir para atender a demanda, por\u00e9m esse<br \/>\ncrescimento tem que vir acompanhado de uma pol\u00edtica de preserva\u00e7\u00e3o ambiental.<br \/>\nOs bens minerais, dentre eles o assunto deste trabalho, as rochas ornamentais, s\u00e3o<br \/>\na mat\u00e9ria prima para o desenvolvimento em diversas \u00e1reas. As rochas ornamentais,<br \/>\nbens n\u00e3o renov\u00e1veis, deve ter sua explora\u00e7\u00e3o feita de forma controlada,<br \/>\nminimizando a produ\u00e7\u00e3o de rejeitos e dos impactos ambientais. Os maci\u00e7os<br \/>\nrochosos s\u00e3o heterog\u00eaneos, suas propriedades e consequentemente os seus<br \/>\npar\u00e2metros de permeabilidade, durabilidade, deformabilidade e resist\u00eancia variam<br \/>\nno espa\u00e7o e no tempo. O conhecimento da variabilidade das caracter\u00edsticas<br \/>\ndesejada no produto final \u00e9 de suma import\u00e2ncia para uma produ\u00e7\u00e3o controlada.<br \/>\nNeste trabalho o par\u00e2metro escolhido para an\u00e1lise da variabilidade espacial foi<br \/>\nresist\u00eancia \u00e0 compress\u00e3o simples, por ser um par\u00e2metro com mais refer\u00eancia<br \/>\npublicadas e de ampla aplica\u00e7\u00e3o. Sendo os dados geol\u00f3gicos produto de fen\u00f4menos<br \/>\nnaturais que ocorreram h\u00e1 um determinado tempo e que sofre modifica\u00e7\u00f5es<br \/>\nconstantes devido a a\u00e7\u00f5es da natureza, a variabilidade dos par\u00e2metros pode ocorrer<br \/>\nde diversas formas para um mesmo tipo de material em locais diferentes, essa \u00e9<br \/>\numa peculiaridade geol\u00f3gica frente a outros materiais. O presente trabalho faz uma<br \/>\nan\u00e1lise do par\u00e2metro resist\u00eancia \u00e0 compress\u00e3o simples, a partir do ensaio de<br \/>\nResist\u00eancia a compress\u00e3o Point-Load, utilizando o m\u00e9todo geoestat\u00edstico da<br \/>\nkrigagem e comparando-o a m\u00e9todos de interpola\u00e7\u00e3o espacial cl\u00e1ssicos de<br \/>\nRegress\u00e3o Polinomial, Inverso da Dist\u00e2ncia e M\u00ednima Curvatura.<\/p>\n<p align=\"justify\"><a href=\"http:\/\/uenf.br\/cct\/leciv\/files\/2015\/01\/4.pdf\">Download aqui!<\/a><\/p>\n","protected":false},"excerpt":{"rendered":"<p>AN\u00c1LISE ESPACIAL DA VARIABILIDADE DA RESIST\u00caNCIA \u00c0 COMPRESS\u00c3O DE UM GRANITO DE CAMPOS DOS GOYTACAZES Orientador: Aldo Durand Farf\u00e1n N\u00edvel:&#8230;<\/p>\n","protected":false},"author":8,"featured_media":0,"parent":807,"menu_order":11,"comment_status":"open","ping_status":"open","template":"","meta":{"footnotes":""},"class_list":["post-848","page","type-page","status-publish","hentry"],"_links":{"self":[{"href":"https:\/\/uenf.br\/cct\/leciv\/wp-json\/wp\/v2\/pages\/848","targetHints":{"allow":["GET"]}}],"collection":[{"href":"https:\/\/uenf.br\/cct\/leciv\/wp-json\/wp\/v2\/pages"}],"about":[{"href":"https:\/\/uenf.br\/cct\/leciv\/wp-json\/wp\/v2\/types\/page"}],"author":[{"embeddable":true,"href":"https:\/\/uenf.br\/cct\/leciv\/wp-json\/wp\/v2\/users\/8"}],"replies":[{"embeddable":true,"href":"https:\/\/uenf.br\/cct\/leciv\/wp-json\/wp\/v2\/comments?post=848"}],"version-history":[{"count":0,"href":"https:\/\/uenf.br\/cct\/leciv\/wp-json\/wp\/v2\/pages\/848\/revisions"}],"up":[{"embeddable":true,"href":"https:\/\/uenf.br\/cct\/leciv\/wp-json\/wp\/v2\/pages\/807"}],"wp:attachment":[{"href":"https:\/\/uenf.br\/cct\/leciv\/wp-json\/wp\/v2\/media?parent=848"}],"curies":[{"name":"wp","href":"https:\/\/api.w.org\/{rel}","templated":true}]}}