{"id":851,"date":"2015-01-12T12:08:23","date_gmt":"2015-01-12T12:08:23","guid":{"rendered":"http:\/\/uenf.br\/cct\/leciv\/?page_id=851"},"modified":"2016-12-01T20:02:43","modified_gmt":"2016-12-01T20:02:43","slug":"anderson-de-oliveira-estruturas","status":"publish","type":"page","link":"https:\/\/uenf.br\/cct\/leciv\/pos-graduacao\/dissertacoes-de-mestrado\/anderson-de-oliveira-estruturas\/","title":{"rendered":"Anderson de Oliveira &#8211; Estruturas"},"content":{"rendered":"<div id=\"materiaPrincipal\">\n<p><span style=\"font-family: Verdana,sans-serif\"><b>LAJES TRELI\u00c7ADAS PR\u00c9-MOLDADAS PRODUZIDAS COM CONCRETO LEVE ESTRUTURAL<\/b><\/span><\/p>\n<p class=\"western\"><span style=\"font-family: Verdana,sans-serif\">Orientador: Sergio Luis Gonz\u00e1lez Garcia<br \/>\nCo-orientador: Guilherme Chagas Cordeiro<br \/>\nN\u00edvel: Mestrado<br \/>\n\u00c1rea de Concentra\u00e7\u00e3o: Estruturas<br \/>\nSitua\u00e7\u00e3o: Conclu\u00edda \u2013 Setembro\/2010<\/span><\/p>\n<p>&nbsp;<\/p>\n<div><span style=\"font-family: Verdana,sans-serif\">Resumo: O concreto leve tem sido cada vez mais empregado em raz\u00e3o de sua reduzida massa espec\u00edfica, elevado isolamento t\u00e9rmico e ac\u00fastico e melhoria na resist\u00eancia estrutural a carregamentos c\u00edclicos. Neste trabalho foram estudados concretos leves estruturais com resist\u00eancia \u00e0 compress\u00e3o de 25 MPa e seu uso em lajes treli\u00e7adas pr\u00e9-moldadas. Foram estudados tr\u00eas diferentes concretos com massas espec\u00edficas entre 1200 e 1600 kg\/m3. Os concretos foram avaliados com rela\u00e7\u00e3o \u00e0 resist\u00eancia \u00e0 compress\u00e3o (aos 3, 7 e 28 dias) e \u00e0 absor\u00e7\u00e3o total de \u00e1gua (aos 28 dias). Com os tr\u00eas tipos de concreto foram produzidas e ensaiadas lajes pr\u00e9-moldadas (duas para cada tipo de concreto) e avaliado seu comportamento no estado limite de servi\u00e7o. Os resultados mostraram a viabilidade do uso de concretos leves neste tipo de elemento estrutural.<\/span><\/div>\n<\/div>\n","protected":false},"excerpt":{"rendered":"<p>LAJES TRELI\u00c7ADAS PR\u00c9-MOLDADAS PRODUZIDAS COM CONCRETO LEVE ESTRUTURAL Orientador: Sergio Luis Gonz\u00e1lez Garcia Co-orientador: Guilherme Chagas Cordeiro N\u00edvel: Mestrado \u00c1rea&#8230;<\/p>\n","protected":false},"author":8,"featured_media":0,"parent":807,"menu_order":12,"comment_status":"open","ping_status":"open","template":"","meta":{"footnotes":""},"class_list":["post-851","page","type-page","status-publish","hentry"],"_links":{"self":[{"href":"https:\/\/uenf.br\/cct\/leciv\/wp-json\/wp\/v2\/pages\/851","targetHints":{"allow":["GET"]}}],"collection":[{"href":"https:\/\/uenf.br\/cct\/leciv\/wp-json\/wp\/v2\/pages"}],"about":[{"href":"https:\/\/uenf.br\/cct\/leciv\/wp-json\/wp\/v2\/types\/page"}],"author":[{"embeddable":true,"href":"https:\/\/uenf.br\/cct\/leciv\/wp-json\/wp\/v2\/users\/8"}],"replies":[{"embeddable":true,"href":"https:\/\/uenf.br\/cct\/leciv\/wp-json\/wp\/v2\/comments?post=851"}],"version-history":[{"count":0,"href":"https:\/\/uenf.br\/cct\/leciv\/wp-json\/wp\/v2\/pages\/851\/revisions"}],"up":[{"embeddable":true,"href":"https:\/\/uenf.br\/cct\/leciv\/wp-json\/wp\/v2\/pages\/807"}],"wp:attachment":[{"href":"https:\/\/uenf.br\/cct\/leciv\/wp-json\/wp\/v2\/media?parent=851"}],"curies":[{"name":"wp","href":"https:\/\/api.w.org\/{rel}","templated":true}]}}