{"id":853,"date":"2015-01-12T12:12:37","date_gmt":"2015-01-12T12:12:37","guid":{"rendered":"http:\/\/uenf.br\/cct\/leciv\/?page_id=853"},"modified":"2016-12-01T20:03:31","modified_gmt":"2016-12-01T20:03:31","slug":"andre-zotelle-destefani-estruturas","status":"publish","type":"page","link":"https:\/\/uenf.br\/cct\/leciv\/pos-graduacao\/dissertacoes-de-mestrado\/andre-zotelle-destefani-estruturas\/","title":{"rendered":"Andr\u00e9 Zotelle Destefani -Estruturas"},"content":{"rendered":"<p>Utiliza\u00e7\u00e3o do Planejamento Experimental Na Adi\u00e7\u00e3o do Res\u00edduo do Beneficiamento de Rochas Ornamentais para Produ\u00e7\u00e3o de Blocos Prensados de Encaixe<br \/>\nOrientador: Jonas Alexandre<br \/>\nCo-orientador: Gustavo de Castro Xavier<br \/>\nN\u00edvel: Mestrado<br \/>\n\u00c1rea de Concentra\u00e7\u00e3o: Estruturas<br \/>\nSitua\u00e7\u00e3o: Conclu\u00edda \u2013 Julho\/2009<\/p>\n<p align=\"justify\">Resumo: A ind\u00fastria de rochas ornamentais no Brasil \u00e9 uma \u00e1rea em crescente desenvolvimento, apresentando uma produ\u00e7\u00e3o estimada em 8,0 milh\u00f5es de toneladas em 2007, de acordo com ABIROCHAS (2008). O Estado do Esp\u00edrito Santo concentra 90% dos investimentos do setor em n\u00edvel nacional, possuindo aproximadamente 900 teares (m\u00e1quina de serrar blocos de m\u00e1rmore e granito) em opera\u00e7\u00e3o, respons\u00e1veis por 70% da produ\u00e7\u00e3o nacional de m\u00e1rmore e 30% da produ\u00e7\u00e3o nacional de granito. O grande desafio do setor de rochas ornamentais \u00e9 compatibilizar os benef\u00edcios gerados pelo setor e os impactos ambientais resultantes, principalmente devidos ao grande volume de res\u00edduo s\u00f3lido proveniente dos processos do beneficiamento das rochas. A reciclagem destes res\u00edduos como material de constru\u00e7\u00e3o \u00e9 uma alternativa para mitigar os impactos ambientais, promovendo a sustentabilidade do setor. Este trabalho visa o estudo da incorpora\u00e7\u00e3o do res\u00edduo do beneficiamento de rochas ornamentais em misturas para produ\u00e7\u00e3o de blocos prensados e de encaixe para alvenaria, a fim de se avaliar as diversas propor\u00e7\u00f5es dos constituintes por meio do Planejamento de Experimentos em Rede Simplex, buscando solu\u00e7\u00f5es t\u00e9cnicas, sem o tradicional empirismo existente na ind\u00fastria, com o objetivo de se alcan\u00e7ar um desempenho satisfat\u00f3rio da propriedade analisada (resist\u00eancia \u00e0 compress\u00e3o). Foram tomados treze pontos experimentais, cujos teores m\u00e1ximos de cimento, res\u00edduo e areia s\u00e3o respectivamente de 20, 50 e 60 % em massa, que delimitaram as superf\u00edcies de respostas.<\/p>\n","protected":false},"excerpt":{"rendered":"<p>Utiliza\u00e7\u00e3o do Planejamento Experimental Na Adi\u00e7\u00e3o do Res\u00edduo do Beneficiamento de Rochas Ornamentais para Produ\u00e7\u00e3o de Blocos Prensados de Encaixe&#8230;<\/p>\n","protected":false},"author":8,"featured_media":0,"parent":807,"menu_order":13,"comment_status":"open","ping_status":"open","template":"","meta":{"footnotes":""},"class_list":["post-853","page","type-page","status-publish","hentry"],"_links":{"self":[{"href":"https:\/\/uenf.br\/cct\/leciv\/wp-json\/wp\/v2\/pages\/853","targetHints":{"allow":["GET"]}}],"collection":[{"href":"https:\/\/uenf.br\/cct\/leciv\/wp-json\/wp\/v2\/pages"}],"about":[{"href":"https:\/\/uenf.br\/cct\/leciv\/wp-json\/wp\/v2\/types\/page"}],"author":[{"embeddable":true,"href":"https:\/\/uenf.br\/cct\/leciv\/wp-json\/wp\/v2\/users\/8"}],"replies":[{"embeddable":true,"href":"https:\/\/uenf.br\/cct\/leciv\/wp-json\/wp\/v2\/comments?post=853"}],"version-history":[{"count":0,"href":"https:\/\/uenf.br\/cct\/leciv\/wp-json\/wp\/v2\/pages\/853\/revisions"}],"up":[{"embeddable":true,"href":"https:\/\/uenf.br\/cct\/leciv\/wp-json\/wp\/v2\/pages\/807"}],"wp:attachment":[{"href":"https:\/\/uenf.br\/cct\/leciv\/wp-json\/wp\/v2\/media?parent=853"}],"curies":[{"name":"wp","href":"https:\/\/api.w.org\/{rel}","templated":true}]}}