{"id":865,"date":"2015-01-12T12:21:58","date_gmt":"2015-01-12T12:21:58","guid":{"rendered":"http:\/\/uenf.br\/cct\/leciv\/?page_id=865"},"modified":"2016-12-01T20:09:28","modified_gmt":"2016-12-01T20:09:28","slug":"caroline-vieira-lannes-estruturas","status":"publish","type":"page","link":"https:\/\/uenf.br\/cct\/leciv\/pos-graduacao\/dissertacoes-de-mestrado\/caroline-vieira-lannes-estruturas\/","title":{"rendered":"Caroline Vieira Lannes-Estruturas"},"content":{"rendered":"<p align=\"justify\"><strong>Modelagem de Cablagem de Viaduto com Protens\u00e3o Externa: Estudo de Caso<\/strong><\/p>\n<p align=\"justify\"><em>Orientador:<\/em> Prof. Sergio Luis Gonz\u00e1lez Garcia<br \/>\n<em>Co-orientador:<\/em> Prof. Jean Marie D\u00e9sir<br \/>\n<em>N\u00edvel:<\/em> Mestrado<br \/>\n<em>\u00c1rea de<\/em> <em>Concentra\u00e7\u00e3o:<\/em> Estruturas<br \/>\n<em>Situa\u00e7\u00e3o:<\/em> Conclu\u00eddo &#8211; Julho\/2008<\/p>\n<p><em>Resumo:<\/em> A protens\u00e3o constitui um sistema de for\u00e7as externas equilibrado e permite controlar, atrav\u00e9s da intensidade de for\u00e7a aplicada, as tens\u00f5es de trabalho da estrutura em fun\u00e7\u00e3o de sua finalidade. A previs\u00e3o apurada dos estados finais de tens\u00f5es instaladas reveste grande import\u00e2ncia por influenciar muito no custo final do projeto. Neste sentido \u00e9 fundamental a correta determina\u00e7\u00e3o dos esfor\u00e7os de protens\u00e3o, sobretudo para o caso de pe\u00e7as hiperest\u00e1ticas. A representa\u00e7\u00e3o da protens\u00e3o, etapa necess\u00e1ria no processo \u00e9 realizada, em geral, atrav\u00e9s de m\u00e9todos tradicionais como: for\u00e7as equivalentes nas se\u00e7\u00f5es, cargas externas equivalentes distribu\u00eddas, cargas concentradas equivalentes. Todos estes m\u00e9todos fazem um processamento pr\u00e9vio das for\u00e7as de protens\u00e3o e, na maioria dos casos, n\u00e3o consideram certos aspectos do sistema de protens\u00e3o tais como o deslizamento dos cabos sobre os desviadores. Nesta\u00a0 disserta\u00e7\u00e3o, apresenta-se a compara\u00e7\u00e3o entre um destes m\u00e9todos, o de cargas concentradas equivalentes, implementado atrav\u00e9s de um programa comercial de c\u00e1lculo estrutural (sistema ANSYS\u00ae) e uma formula\u00e7\u00e3o que utiliza o m\u00e9todo das linhas de influ\u00eancia para a considera\u00e7\u00e3o da protens\u00e3o, eliminando a etapa de processamento pr\u00e9vio das for\u00e7as de protens\u00e3o. Foi analisado, com os dois m\u00e9todos, um viaduto na situa\u00e7\u00e3o \u201ccomo constru\u00eddo\u201d na procura das causas da descompress\u00e3o observada entre algumas aduelas ap\u00f3s quatro anos em servi\u00e7o. Foram obtidos e comparados os resultados de momento fletor de ambas as simula\u00e7\u00f5es, chegando-se a resultados muito similares.<\/p>\n<p align=\"justify\"><a href=\"http:\/\/uenf.br\/cct\/leciv\/files\/2015\/01\/7.pdf\">Download aqui!<\/a><\/p>\n","protected":false},"excerpt":{"rendered":"<p>Modelagem de Cablagem de Viaduto com Protens\u00e3o Externa: Estudo de Caso Orientador: Prof. Sergio Luis Gonz\u00e1lez Garcia Co-orientador: Prof. Jean&#8230;<\/p>\n","protected":false},"author":8,"featured_media":0,"parent":807,"menu_order":18,"comment_status":"open","ping_status":"open","template":"","meta":{"footnotes":""},"class_list":["post-865","page","type-page","status-publish","hentry"],"_links":{"self":[{"href":"https:\/\/uenf.br\/cct\/leciv\/wp-json\/wp\/v2\/pages\/865","targetHints":{"allow":["GET"]}}],"collection":[{"href":"https:\/\/uenf.br\/cct\/leciv\/wp-json\/wp\/v2\/pages"}],"about":[{"href":"https:\/\/uenf.br\/cct\/leciv\/wp-json\/wp\/v2\/types\/page"}],"author":[{"embeddable":true,"href":"https:\/\/uenf.br\/cct\/leciv\/wp-json\/wp\/v2\/users\/8"}],"replies":[{"embeddable":true,"href":"https:\/\/uenf.br\/cct\/leciv\/wp-json\/wp\/v2\/comments?post=865"}],"version-history":[{"count":0,"href":"https:\/\/uenf.br\/cct\/leciv\/wp-json\/wp\/v2\/pages\/865\/revisions"}],"up":[{"embeddable":true,"href":"https:\/\/uenf.br\/cct\/leciv\/wp-json\/wp\/v2\/pages\/807"}],"wp:attachment":[{"href":"https:\/\/uenf.br\/cct\/leciv\/wp-json\/wp\/v2\/media?parent=865"}],"curies":[{"name":"wp","href":"https:\/\/api.w.org\/{rel}","templated":true}]}}