{"id":872,"date":"2015-01-12T12:24:24","date_gmt":"2015-01-12T12:24:24","guid":{"rendered":"http:\/\/uenf.br\/cct\/leciv\/?page_id=872"},"modified":"2016-12-01T20:11:15","modified_gmt":"2016-12-01T20:11:15","slug":"cristiano-pena-miller-estruturas","status":"publish","type":"page","link":"https:\/\/uenf.br\/cct\/leciv\/pos-graduacao\/dissertacoes-de-mestrado\/cristiano-pena-miller-estruturas\/","title":{"rendered":"Cristiano Pena Miller-Estruturas"},"content":{"rendered":"<p align=\"justify\"><strong>Determina\u00e7\u00e3o de Par\u00e2metros Mec\u00e2nicos e Modelagem Num\u00e9rica em Alvenaria Estrutural de Blocos Cer\u00e2micos da Ind\u00fastria de Campos dos Goytacazes<\/strong><\/p>\n<p align=\"justify\"><em>Orientador:<\/em> Prof. Jonas Alexandre<br \/>\n<em>Co-orientador:<\/em> Gustavo de Castro Xavier<br \/>\n<em>N\u00edvel:<\/em> Mestrado<br \/>\n<em>\u00c1rea de Concentra\u00e7\u00e3o:<\/em> Estruturas<br \/>\n<em>Situa\u00e7\u00e3o:<\/em> Conclu\u00edda \u2013 Mar\u00e7o\/2008<\/p>\n<p align=\"justify\"><em>Resumo:<\/em> As ind\u00fastrias cer\u00e2micas do munic\u00edpio de Campos dos Goytacazes s\u00e3o grandes produtoras de pe\u00e7as de cer\u00e2mica vermelha que s\u00e3o utilizadas na constru\u00e7\u00e3o civil do Brasil. Essa produ\u00e7\u00e3o concentra-se principalmente na fabrica\u00e7\u00e3o de elementos de veda\u00e7\u00e3o. A produ\u00e7\u00e3o de elementos cer\u00e2micos para alvenaria estrutural tem ainda baixa porcentagem e pequena aceita\u00e7\u00e3o pelo mercado local da constru\u00e7\u00e3o civil. Esta baixa aceita\u00e7\u00e3o deve-se principalmente ao desconhecimento por parte dos projetistas das caracter\u00edsticas mec\u00e2nicas dos blocos necess\u00e1rias ao dimensionamento racional da alvenaria, para a carga a que se destina. A determina\u00e7\u00e3o desses par\u00e2metros implica em uma a\u00e7\u00e3o impulsionadora da produ\u00e7\u00e3o deste tipo de bloco, de sua utiliza\u00e7\u00e3o e conseq\u00fcente aumento da produ\u00e7\u00e3o da ind\u00fastria ceramista, agregando maior valor ao seu produto. Desta forma este trabalho objetiva o estudo dos par\u00e2metros mec\u00e2nicos da alvenaria estrutural e seus componentes. Foram realizados ensaios de compress\u00e3o uniaxial em blocos, que s\u00e3o normalmente comercializados na regi\u00e3o, em corpos cil\u00edndricos de cer\u00e2mica, prismas de dois blocos e pain\u00e9is de paredes. Foi encontrado o valor de efici\u00eancia entre os componentes da alvenaria estruturais, e foram realizadas modelagens computacionais a fim de reproduzir o comportamento dos materiais ensaiados.<\/p>\n<p align=\"justify\"><a href=\"http:\/\/uenf.br\/cct\/leciv\/files\/2015\/01\/8.pdf\">Download aqui!<\/a><\/p>\n","protected":false},"excerpt":{"rendered":"<p>Determina\u00e7\u00e3o de Par\u00e2metros Mec\u00e2nicos e Modelagem Num\u00e9rica em Alvenaria Estrutural de Blocos Cer\u00e2micos da Ind\u00fastria de Campos dos Goytacazes Orientador:&#8230;<\/p>\n","protected":false},"author":8,"featured_media":0,"parent":807,"menu_order":21,"comment_status":"open","ping_status":"open","template":"","meta":{"footnotes":""},"class_list":["post-872","page","type-page","status-publish","hentry"],"_links":{"self":[{"href":"https:\/\/uenf.br\/cct\/leciv\/wp-json\/wp\/v2\/pages\/872","targetHints":{"allow":["GET"]}}],"collection":[{"href":"https:\/\/uenf.br\/cct\/leciv\/wp-json\/wp\/v2\/pages"}],"about":[{"href":"https:\/\/uenf.br\/cct\/leciv\/wp-json\/wp\/v2\/types\/page"}],"author":[{"embeddable":true,"href":"https:\/\/uenf.br\/cct\/leciv\/wp-json\/wp\/v2\/users\/8"}],"replies":[{"embeddable":true,"href":"https:\/\/uenf.br\/cct\/leciv\/wp-json\/wp\/v2\/comments?post=872"}],"version-history":[{"count":0,"href":"https:\/\/uenf.br\/cct\/leciv\/wp-json\/wp\/v2\/pages\/872\/revisions"}],"up":[{"embeddable":true,"href":"https:\/\/uenf.br\/cct\/leciv\/wp-json\/wp\/v2\/pages\/807"}],"wp:attachment":[{"href":"https:\/\/uenf.br\/cct\/leciv\/wp-json\/wp\/v2\/media?parent=872"}],"curies":[{"name":"wp","href":"https:\/\/api.w.org\/{rel}","templated":true}]}}