{"id":875,"date":"2015-01-12T12:24:56","date_gmt":"2015-01-12T12:24:56","guid":{"rendered":"http:\/\/uenf.br\/cct\/leciv\/?page_id=875"},"modified":"2016-12-01T20:12:00","modified_gmt":"2016-12-01T20:12:00","slug":"daniele-haffner-marques-de-oliveira-estruturas","status":"publish","type":"page","link":"https:\/\/uenf.br\/cct\/leciv\/pos-graduacao\/dissertacoes-de-mestrado\/daniele-haffner-marques-de-oliveira-estruturas\/","title":{"rendered":"Daniele Haffner Marques de Oliveira &#8211; Estruturas"},"content":{"rendered":"<p><strong>PROJETO \u00d3TIMO DE P\u00d3RTICOS DE A\u00c7O \u2013 SIMULA\u00c7\u00c3O COMPUTACIONAL DO COLAPSO PL\u00c1STICO<\/strong><br \/>\n<i>Orientador: Gines Arturo Santos Falcon <\/i><i><br \/>\n<\/i><i>N\u00edvel: Mestrado <\/i><i><br \/>\n<\/i><i>\u00c1rea de Concentra\u00e7\u00e3o: Estruturas <\/i><i><br \/>\n<\/i><i>Situa\u00e7\u00e3o: Conclu\u00edda \u2013 Fevereiro\/2010 <\/i><i><br \/>\n<\/i><i><br \/>\n<\/i><\/p>\n<p><i>Resumo<\/i>: No presente trabalho de disserta\u00e7\u00e3o de mestrado, apresenta-se uma nova metodologia para otimiza\u00e7\u00e3o de p\u00f3rticos de a\u00e7o considerando-se o problema de colapso pl\u00e1stico. Desta forma busca-se definir estruturas mecanicamente mais eficientes e de baixo custo, sem comprometer sua seguran\u00e7a e integridade.<br \/>\nO projeto visa minimizar o peso de p\u00f3rticos met\u00e1licos atrav\u00e9s da determina\u00e7\u00e3o de dimens\u00f5es \u00f3timas das se\u00e7\u00f5es transversais, satisfazendo restri\u00e7\u00f5es mec\u00e2nicas usuais como tens\u00f5es e deslocamentos. Adicionalmente, estuda-se o problema de An\u00e1lise Limite para determina\u00e7\u00e3o da carga \u00faltima e identifica\u00e7\u00e3o dos mecanismos de colapso calculados atrav\u00e9s de t\u00e9cnicas de Programa\u00e7\u00e3o Matem\u00e1tica. O presente trabalho cont\u00e9m a implementa\u00e7\u00e3o de c\u00f3digos computacionais pr\u00f3prios para An\u00e1lise Estrutural e Simula\u00e7\u00e3o do Colapso Estrutural.<br \/>\nO algoritmo de otimiza\u00e7\u00e3o utilizado neste trabalho, as an\u00e1lises estruturais e de sensibilidade, e a simula\u00e7\u00e3o do colapso s\u00e3o implementados no ambiente computacional MATLAB.<br \/>\nS\u00e3o apresentados alguns exemplos num\u00e9ricos para mostrar a validade da metodologia proposta e da implementa\u00e7\u00e3o desenvolvida.<\/p>\n","protected":false},"excerpt":{"rendered":"<p>PROJETO \u00d3TIMO DE P\u00d3RTICOS DE A\u00c7O \u2013 SIMULA\u00c7\u00c3O COMPUTACIONAL DO COLAPSO PL\u00c1STICO Orientador: Gines Arturo Santos Falcon N\u00edvel: Mestrado \u00c1rea&#8230;<\/p>\n","protected":false},"author":8,"featured_media":0,"parent":807,"menu_order":22,"comment_status":"open","ping_status":"open","template":"","meta":{"footnotes":""},"class_list":["post-875","page","type-page","status-publish","hentry"],"_links":{"self":[{"href":"https:\/\/uenf.br\/cct\/leciv\/wp-json\/wp\/v2\/pages\/875","targetHints":{"allow":["GET"]}}],"collection":[{"href":"https:\/\/uenf.br\/cct\/leciv\/wp-json\/wp\/v2\/pages"}],"about":[{"href":"https:\/\/uenf.br\/cct\/leciv\/wp-json\/wp\/v2\/types\/page"}],"author":[{"embeddable":true,"href":"https:\/\/uenf.br\/cct\/leciv\/wp-json\/wp\/v2\/users\/8"}],"replies":[{"embeddable":true,"href":"https:\/\/uenf.br\/cct\/leciv\/wp-json\/wp\/v2\/comments?post=875"}],"version-history":[{"count":0,"href":"https:\/\/uenf.br\/cct\/leciv\/wp-json\/wp\/v2\/pages\/875\/revisions"}],"up":[{"embeddable":true,"href":"https:\/\/uenf.br\/cct\/leciv\/wp-json\/wp\/v2\/pages\/807"}],"wp:attachment":[{"href":"https:\/\/uenf.br\/cct\/leciv\/wp-json\/wp\/v2\/media?parent=875"}],"curies":[{"name":"wp","href":"https:\/\/api.w.org\/{rel}","templated":true}]}}