{"id":877,"date":"2015-01-12T12:26:19","date_gmt":"2015-01-12T12:26:19","guid":{"rendered":"http:\/\/uenf.br\/cct\/leciv\/?page_id=877"},"modified":"2016-12-01T20:12:38","modified_gmt":"2016-12-01T20:12:38","slug":"edio-soares-pereira-junior-titulado-no-ppg-em-ciencias-de-engenharia-geotecnia","status":"publish","type":"page","link":"https:\/\/uenf.br\/cct\/leciv\/pos-graduacao\/dissertacoes-de-mestrado\/edio-soares-pereira-junior-titulado-no-ppg-em-ciencias-de-engenharia-geotecnia\/","title":{"rendered":"Edio Soares Pereira J\u00fanior- Titulado no PPG em Ci\u00eancias de Engenharia- Geotecnia"},"content":{"rendered":"<p><strong>An\u00e1lise de confiabilidade na crava\u00e7\u00e3o de estacas de concreto Pr\u00e9-Moldado<\/strong><\/p>\n<p><em>Orientador:<\/em> Fernando Saboya Albuquerque J\u00fanior<br \/>\n<em>N\u00edvel:<\/em> Mestrado<br \/>\n<em>\u00c1rea de Concentra\u00e7\u00e3o:<\/em> Geotecnia<br \/>\n<em>Situa\u00e7\u00e3o:<\/em> Defendido \u2013 Setembro 2003<\/p>\n<p><em>Resumo:<\/em> As obras geot\u00e9cnicas no geral t\u00eam sido estudadas tradicionalmente de forma determin\u00edstica. Contudo a engenharia geot\u00e9cnica lida com uma gama de materiais com propriedades e par\u00e2metros altamente vari\u00e1veis e influenciados por diversos fatores. Visando quantificar a variabilidade inerente as previs\u00f5es determin\u00edsticas, conceitos de probabilidade e estat\u00edstica s\u00e3o utilizados como forma de racionalizar as incertezas ocasionadas.<br \/>\nNeste \u00e2mbito, torna-se poss\u00edvel inferir sobre a confiabilidade dos resultados apresentados pelos procedimentos convencionais e estimar o risco de insucesso intr\u00ednseco ao projeto.<br \/>\nDesta maneira, este trabalho prop\u00f5e um estudo do controle de crava\u00e7\u00e3o de estacas via repique el\u00e1stico, enfocando aspectos probabil\u00edsticos das vari\u00e1veis envolvidas no c\u00e1lculo da capacidade de carga de estacas pr\u00e9-moldadas. Apresenta um resumo com os conceitos b\u00e1sicos de probabilidade e estat\u00edstica necess\u00e1rios para a compreens\u00e3o do assunto. Desenvolve-se o M\u00e9todo do Segundo Momento de Primeira Ordem para quantifica\u00e7\u00e3o da confiabilidade inerente ao desempenho de funda\u00e7\u00f5es.<br \/>\nOs c\u00e1lculos s\u00e3o apresentados com base no controle de crava\u00e7\u00e3o de estacas de concreto pr\u00e9-moldado, numa obra localizada na regi\u00e3o central de Campos dos Goytacazes-RJ.<\/p>\n<p>&nbsp;<\/p>\n<p><a href=\"http:\/\/uenf.br\/cct\/leciv\/files\/2015\/01\/9.pdf\">Download aqui!<\/a><\/p>\n","protected":false},"excerpt":{"rendered":"<p>An\u00e1lise de confiabilidade na crava\u00e7\u00e3o de estacas de concreto Pr\u00e9-Moldado Orientador: Fernando Saboya Albuquerque J\u00fanior N\u00edvel: Mestrado \u00c1rea de Concentra\u00e7\u00e3o:&#8230;<\/p>\n","protected":false},"author":8,"featured_media":0,"parent":807,"menu_order":23,"comment_status":"open","ping_status":"open","template":"","meta":{"footnotes":""},"class_list":["post-877","page","type-page","status-publish","hentry"],"_links":{"self":[{"href":"https:\/\/uenf.br\/cct\/leciv\/wp-json\/wp\/v2\/pages\/877","targetHints":{"allow":["GET"]}}],"collection":[{"href":"https:\/\/uenf.br\/cct\/leciv\/wp-json\/wp\/v2\/pages"}],"about":[{"href":"https:\/\/uenf.br\/cct\/leciv\/wp-json\/wp\/v2\/types\/page"}],"author":[{"embeddable":true,"href":"https:\/\/uenf.br\/cct\/leciv\/wp-json\/wp\/v2\/users\/8"}],"replies":[{"embeddable":true,"href":"https:\/\/uenf.br\/cct\/leciv\/wp-json\/wp\/v2\/comments?post=877"}],"version-history":[{"count":0,"href":"https:\/\/uenf.br\/cct\/leciv\/wp-json\/wp\/v2\/pages\/877\/revisions"}],"up":[{"embeddable":true,"href":"https:\/\/uenf.br\/cct\/leciv\/wp-json\/wp\/v2\/pages\/807"}],"wp:attachment":[{"href":"https:\/\/uenf.br\/cct\/leciv\/wp-json\/wp\/v2\/media?parent=877"}],"curies":[{"name":"wp","href":"https:\/\/api.w.org\/{rel}","templated":true}]}}