{"id":880,"date":"2015-01-12T12:27:07","date_gmt":"2015-01-12T12:27:07","guid":{"rendered":"http:\/\/uenf.br\/cct\/leciv\/?page_id=880"},"modified":"2016-12-01T20:13:14","modified_gmt":"2016-12-01T20:13:14","slug":"elaine-de-souza-freitas-estruturas","status":"publish","type":"page","link":"https:\/\/uenf.br\/cct\/leciv\/pos-graduacao\/dissertacoes-de-mestrado\/elaine-de-souza-freitas-estruturas\/","title":{"rendered":"Elaine de Souza Freitas-Estruturas"},"content":{"rendered":"<p align=\"justify\"><strong>Caracteriza\u00e7\u00e3o da cinza do baga\u00e7o da cana-de-a\u00e7\u00facar do Munic\u00edpio de Campos dos Goytacazes para uso na Constru\u00e7\u00e3o Civil <\/strong><\/p>\n<p align=\"justify\"><em>Orientador:<\/em> Jean Marie D\u00e9sir<br \/>\n<em>N\u00edvel:<\/em> Mestrado<br \/>\n<em>\u00c1rea de Concentra\u00e7\u00e3o:<\/em> Estruturas<br \/>\n<em>Situa\u00e7\u00e3o:<\/em> Defendido &#8211; Abril de 2005<\/p>\n<p>Resumo: A procura cada vez maior de produtos de consumo industrializados tem aumentado significativamente a demanda por mat\u00e9rias-primas, assim como a gera\u00e7\u00e3o de res\u00edduos s\u00f3lidos. Este fato exige um gerenciamento eficaz dos res\u00edduos para a minimiza\u00e7\u00e3o de seu impacto ambiental. A ind\u00fastria da cana-de-a\u00e7\u00facar no Munic\u00edpio de Campos dos Goytacazes &#8211; RJ \u00e9 uma atividade tradicional que produz grande quantidade de cinza do baga\u00e7o da cana-de-a\u00e7\u00facar (CBCA) em suas sete unidades atualmente em funcionamento. A CBCA resulta da queima do baga\u00e7o de cana-de-a\u00e7\u00facar nas fornalhas das caldeiras. Este trabalho visa ao estudo da potencialidade do emprego da cinza do baga\u00e7o da cana-de-a\u00e7\u00facar na constru\u00e7\u00e3o civil, por meio da pesquisa de suas caracter\u00edsticas pozol\u00e2nicas, uma vez que o aproveitamento deste produto em matrizes ciment\u00edcias representa uma boa alternativa para diminui\u00e7\u00e3o de gastos com locais para deposi\u00e7\u00e3o do res\u00edduo, evita a degrada\u00e7\u00e3o do meio ambiente, al\u00e9m de garantir uma redu\u00e7\u00e3o do consumo de cimento e, conseq\u00fcentemente, do pre\u00e7o do produto final. Foi realizada uma s\u00e9rie de ensaios de caracteriza\u00e7\u00e3o da CBCA. Iniciou-se pela an\u00e1lise t\u00e9rmica diferencial do material. Na seq\u00fc\u00eancia, foram realizados ensaios incluindo an\u00e1lise granulom\u00e9trica, composi\u00e7\u00e3o qu\u00edmica, composi\u00e7\u00e3o mineral\u00f3gica, atividade pozol\u00e2nica e resist\u00eancia mec\u00e2nica (em argamassas com diversos teores de substitui\u00e7\u00e3o de cimento por CBCA). A atividade pozol\u00e2nica foi averiguada por meio de m\u00e9todos propostos pela norma brasileira e pelo ensaio Chapelle. Foi realizado um estudo de temperatura e tempo \u00f3timos de calcina\u00e7\u00e3o, uma vez que as cinzas, quando cristalinas, devem ser submetidas a um processo de calcina\u00e7\u00e3o adicional, a fim de se obter maior grau de amorficidade e, conseq\u00fcentemente, maior reatividade. A moagem tamb\u00e9m foi efetuada a fim de melhorar a reatividade da cinza. Os resultados obtidos no programa experimental mostraram que a CBCA pode ser classificada como uma pozolana, desde que passe por um tratamento adequado (calcina\u00e7\u00e3o e moagem em determinados tempos). Al\u00e9m do efeito f\u00edler, esta caracter\u00edstica \u00e9 decisiva para a contribui\u00e7\u00e3o na resist\u00eancia mec\u00e2nica da matriz e fundamental para a defini\u00e7\u00e3o de um estudo mais detalhado objetivando seu emprego de forma satisfat\u00f3ria e sistem\u00e1tica na fabrica\u00e7\u00e3o de argamassas.<\/p>\n<p align=\"justify\"><a href=\"http:\/\/uenf.br\/cct\/leciv\/files\/2015\/01\/10.pdf\">Download aqui!<\/a><\/p>\n","protected":false},"excerpt":{"rendered":"<p>Caracteriza\u00e7\u00e3o da cinza do baga\u00e7o da cana-de-a\u00e7\u00facar do Munic\u00edpio de Campos dos Goytacazes para uso na Constru\u00e7\u00e3o Civil Orientador: Jean&#8230;<\/p>\n","protected":false},"author":8,"featured_media":0,"parent":807,"menu_order":24,"comment_status":"open","ping_status":"open","template":"","meta":{"footnotes":""},"class_list":["post-880","page","type-page","status-publish","hentry"],"_links":{"self":[{"href":"https:\/\/uenf.br\/cct\/leciv\/wp-json\/wp\/v2\/pages\/880","targetHints":{"allow":["GET"]}}],"collection":[{"href":"https:\/\/uenf.br\/cct\/leciv\/wp-json\/wp\/v2\/pages"}],"about":[{"href":"https:\/\/uenf.br\/cct\/leciv\/wp-json\/wp\/v2\/types\/page"}],"author":[{"embeddable":true,"href":"https:\/\/uenf.br\/cct\/leciv\/wp-json\/wp\/v2\/users\/8"}],"replies":[{"embeddable":true,"href":"https:\/\/uenf.br\/cct\/leciv\/wp-json\/wp\/v2\/comments?post=880"}],"version-history":[{"count":0,"href":"https:\/\/uenf.br\/cct\/leciv\/wp-json\/wp\/v2\/pages\/880\/revisions"}],"up":[{"embeddable":true,"href":"https:\/\/uenf.br\/cct\/leciv\/wp-json\/wp\/v2\/pages\/807"}],"wp:attachment":[{"href":"https:\/\/uenf.br\/cct\/leciv\/wp-json\/wp\/v2\/media?parent=880"}],"curies":[{"name":"wp","href":"https:\/\/api.w.org\/{rel}","templated":true}]}}