{"id":884,"date":"2015-01-12T12:29:18","date_gmt":"2015-01-12T12:29:18","guid":{"rendered":"http:\/\/uenf.br\/cct\/leciv\/?page_id=884"},"modified":"2016-12-01T20:13:54","modified_gmt":"2016-12-01T20:13:54","slug":"eliane-maria-vieira-estruturas","status":"publish","type":"page","link":"https:\/\/uenf.br\/cct\/leciv\/pos-graduacao\/dissertacoes-de-mestrado\/eliane-maria-vieira-estruturas\/","title":{"rendered":"Eliane Maria Vieira-Estruturas"},"content":{"rendered":"<p><span style=\"font-family: Arial\"><strong>Avalia\u00e7\u00e3o da contamina\u00e7\u00e3o do solo e das \u00e1guas superficiais e subterr\u00e2neas por defensivos agr\u00edcolas e fertilizantes em uma microbacia do rio Para\u00edba do Sul.<\/strong><br \/>\n<em><br \/>\nOrientador:<\/em> Frederico Terra de Almeida<br \/>\n<em>N\u00edvel:<\/em> Mestrado<br \/>\n<em>\u00c1rea de Concentra\u00e7\u00e3o:<\/em> Estrutura<br \/>\n<em>Situa\u00e7\u00e3o:<\/em>\u00a0Conclu\u00edda \/ Setembro 2005<\/span><\/p>\n<p><em>Resumo:<\/em> O crescimento demogr\u00e1fico e desenvolvimento agr\u00edcola mundial ocorrido nas \u00faltimas d\u00e9cadas trouxeram como conseq\u00fc\u00eancia a intensifica\u00e7\u00e3o da produ\u00e7\u00e3o agr\u00edcola e utiliza\u00e7\u00e3o degradante dos recursos naturais (h\u00eddricos, minerais, &#8230;) causando um consider\u00e1vel aumento no n\u00edvel de contamina\u00e7\u00e3o ambiental (\u00e1gua, ar e solo). Os res\u00edduos dos defensivos agr\u00edcolas e fertilizantes, geralmente aplicados sobre as plantas ou sobre o solo, podem se movimentar juntamente com a \u00e1gua, por meio do escoamento superficial, pela infiltra\u00e7\u00e3o, ou ainda, ficar retidos \u00e0s part\u00edculas de solo. Como o carreamento destes res\u00edduos est\u00e1 diretamente ligado ao movimento da \u00e1gua no solo, \u00e9 de crucial import\u00e2ncia que estes estudos sejam feitos em uma \u00e1rea onde se possa mensurar os fatores intervenientes do ciclo hidrol\u00f3gico, como por exemplo, em uma bacia ou microbacia hidrogr\u00e1fica. Neste contexto, surgiu este trabalho, que \u00e9 oriundo de um grande projeto que vem sendo conduzido em uma microbacia do rio Para\u00edba do Sul, localizado no Munic\u00edpio de Varre Sai, RJ (Projeto CT-HIDRO), em que o objetivo deste trabalho \u00e9 o de diagn\u00f3stico ambiental da contamina\u00e7\u00e3o do solo e das \u00e1guas desta microbacia, por meio de estudos geol\u00f3gico-geot\u00e9cnicos da \u00e1rea e an\u00e1lises f\u00edsico-qu\u00edmicas da \u00e1gua e do solo, e que, servir\u00e1 de subs\u00eddio para futuros estudos de modelagem do transporte de contaminante na \u00e1rea em quest\u00e3o.<\/p>\n<p>&nbsp;<\/p>\n<p><a href=\"http:\/\/uenf.br\/cct\/leciv\/files\/2015\/01\/11.pdf\">Download aqui!<\/a><\/p>\n","protected":false},"excerpt":{"rendered":"<p>Avalia\u00e7\u00e3o da contamina\u00e7\u00e3o do solo e das \u00e1guas superficiais e subterr\u00e2neas por defensivos agr\u00edcolas e fertilizantes em uma microbacia do&#8230;<\/p>\n","protected":false},"author":8,"featured_media":0,"parent":807,"menu_order":25,"comment_status":"open","ping_status":"open","template":"","meta":{"footnotes":""},"class_list":["post-884","page","type-page","status-publish","hentry"],"_links":{"self":[{"href":"https:\/\/uenf.br\/cct\/leciv\/wp-json\/wp\/v2\/pages\/884","targetHints":{"allow":["GET"]}}],"collection":[{"href":"https:\/\/uenf.br\/cct\/leciv\/wp-json\/wp\/v2\/pages"}],"about":[{"href":"https:\/\/uenf.br\/cct\/leciv\/wp-json\/wp\/v2\/types\/page"}],"author":[{"embeddable":true,"href":"https:\/\/uenf.br\/cct\/leciv\/wp-json\/wp\/v2\/users\/8"}],"replies":[{"embeddable":true,"href":"https:\/\/uenf.br\/cct\/leciv\/wp-json\/wp\/v2\/comments?post=884"}],"version-history":[{"count":0,"href":"https:\/\/uenf.br\/cct\/leciv\/wp-json\/wp\/v2\/pages\/884\/revisions"}],"up":[{"embeddable":true,"href":"https:\/\/uenf.br\/cct\/leciv\/wp-json\/wp\/v2\/pages\/807"}],"wp:attachment":[{"href":"https:\/\/uenf.br\/cct\/leciv\/wp-json\/wp\/v2\/media?parent=884"}],"curies":[{"name":"wp","href":"https:\/\/api.w.org\/{rel}","templated":true}]}}