{"id":894,"date":"2015-01-19T10:53:45","date_gmt":"2015-01-19T10:53:45","guid":{"rendered":"http:\/\/uenf.br\/cct\/leciv\/?page_id=894"},"modified":"2016-12-01T20:15:25","modified_gmt":"2016-12-01T20:15:25","slug":"enio-carlos-do-amaral-estruturas","status":"publish","type":"page","link":"https:\/\/uenf.br\/cct\/leciv\/pos-graduacao\/dissertacoes-de-mestrado\/enio-carlos-do-amaral-estruturas\/","title":{"rendered":"Enio Carlos do Amaral-Estruturas"},"content":{"rendered":"<p><span style=\"font-family: Arial\"><strong>Otimiza\u00e7\u00e3o de Forma para Problemas de Estado Plano Utilizando o M\u00e9todo dos Elementos de Contorno<br \/>\n<\/strong><em><br \/>\nOrientador:<\/em> V\u00e2nia Jos\u00e9 Karam<br \/>\n<em>N\u00edvel:<\/em> Mestrado<br \/>\n<em>\u00c1rea de Concentra\u00e7\u00e3o:<\/em> Estruturas<br \/>\n<em>Situa\u00e7\u00e3o:<\/em> Conclu\u00edda \u2013 Outubro\/2004<br \/>\n<em><br \/>\nResumo:<\/em> O presente trabalho tem o objetivo de apresentar um m\u00e9todo que permita, mediante o emprego de t\u00e9cnicas de otimiza\u00e7\u00e3o de forma e utilizando o m\u00e9todo dos elementos de contorno, reduzir a concentra\u00e7\u00e3o de tens\u00f5es em problemas de estado plano. Procura-se, de modo iterativo, a forma \u00f3tima do contorno, no qual resulta uma distribui\u00e7\u00e3o de tens\u00f5es o mais pr\u00f3ximo poss\u00edvel da ideal. Na medida em que o procedimento tende a uniformizar a distribui\u00e7\u00e3o de tens\u00f5es no contorno, o mesmo acarreta uma maior economia de material.<br \/>\nCom esta finalidade, \u00e9 definido um modelo que integra t\u00e9cnicas de modelagem do projeto \u00f3timo, implanta\u00e7\u00e3o de c\u00f3digos computacionais para defini\u00e7\u00e3o autom\u00e1tica de dados para an\u00e1lise estrutural via m\u00e9todo dos elementos de contorno, implementa\u00e7\u00e3o de t\u00e9cnicas de an\u00e1lise de sensibilidade e implementa\u00e7\u00e3o das rotinas que fazem as interfaces entre o analisador estrutural, o m\u00f3dulo de an\u00e1lise de sensibilidade e o otimizador.<br \/>\nS\u00e3o apresentadas as express\u00f5es utilizadas para an\u00e1lise de problemas bidimensionais pelo m\u00e9todo dos elementos de contorno e, em seguida, s\u00e3o descritas as t\u00e9cnicas do processo de otimiza\u00e7\u00e3o pelo m\u00e9todo de pontos interiores. A an\u00e1lise de sensibilidade \u00e9 feita utilizando o m\u00e9todo das diferen\u00e7as finitas e s\u00e3o usadas curvas B-splines para definir a aproxima\u00e7\u00e3o do contorno. Alguns exemplos num\u00e9ricos s\u00e3o apresentados para mostrar a validade da metodologia proposta.<\/span><\/p>\n<p>&nbsp;<\/p>\n<p><a href=\"http:\/\/uenf.br\/cct\/leciv\/files\/2015\/01\/LECIV_1693_1171391337.pdf\">Download aqui!<\/a><\/p>\n","protected":false},"excerpt":{"rendered":"<p>Otimiza\u00e7\u00e3o de Forma para Problemas de Estado Plano Utilizando o M\u00e9todo dos Elementos de Contorno Orientador: V\u00e2nia Jos\u00e9 Karam N\u00edvel:&#8230;<\/p>\n","protected":false},"author":8,"featured_media":0,"parent":807,"menu_order":26,"comment_status":"open","ping_status":"open","template":"","meta":{"footnotes":""},"class_list":["post-894","page","type-page","status-publish","hentry"],"_links":{"self":[{"href":"https:\/\/uenf.br\/cct\/leciv\/wp-json\/wp\/v2\/pages\/894","targetHints":{"allow":["GET"]}}],"collection":[{"href":"https:\/\/uenf.br\/cct\/leciv\/wp-json\/wp\/v2\/pages"}],"about":[{"href":"https:\/\/uenf.br\/cct\/leciv\/wp-json\/wp\/v2\/types\/page"}],"author":[{"embeddable":true,"href":"https:\/\/uenf.br\/cct\/leciv\/wp-json\/wp\/v2\/users\/8"}],"replies":[{"embeddable":true,"href":"https:\/\/uenf.br\/cct\/leciv\/wp-json\/wp\/v2\/comments?post=894"}],"version-history":[{"count":0,"href":"https:\/\/uenf.br\/cct\/leciv\/wp-json\/wp\/v2\/pages\/894\/revisions"}],"up":[{"embeddable":true,"href":"https:\/\/uenf.br\/cct\/leciv\/wp-json\/wp\/v2\/pages\/807"}],"wp:attachment":[{"href":"https:\/\/uenf.br\/cct\/leciv\/wp-json\/wp\/v2\/media?parent=894"}],"curies":[{"name":"wp","href":"https:\/\/api.w.org\/{rel}","templated":true}]}}