{"id":897,"date":"2015-01-19T10:54:52","date_gmt":"2015-01-19T10:54:52","guid":{"rendered":"http:\/\/uenf.br\/cct\/leciv\/?page_id=897"},"modified":"2016-12-01T20:16:30","modified_gmt":"2016-12-01T20:16:30","slug":"fabia-da-silva-dias-estruturas","status":"publish","type":"page","link":"https:\/\/uenf.br\/cct\/leciv\/pos-graduacao\/dissertacoes-de-mestrado\/fabia-da-silva-dias-estruturas\/","title":{"rendered":"F\u00e1bia da Silva Dias -Estruturas"},"content":{"rendered":"<p>Avalia\u00e7\u00e3o das Etapas e dos Procedimentos nos Canteiros de Obra e sua Influ\u00eancia no Desperd\u00edcio da Constru\u00e7\u00e3o Civil<br \/>\nOrientador: Jonas Alexandre<br \/>\nN\u00edvel: Mestrado<br \/>\n\u00c1rea de Concentra\u00e7\u00e3o: Estruturas<br \/>\nSitua\u00e7\u00e3o: Conclu\u00edda \u2013 Dezembro\/2006<\/p>\n<p align=\"justify\">Resumo: A ind\u00fastria da constru\u00e7\u00e3o civil tem sido apontada como a grande consumidora de recursos naturais e ao mesmo tempo a grande geradora de res\u00edduos. Existem muitas discuss\u00f5es quanto \u00e0 necessidade de se buscar maiores n\u00edveis de qualidade e efici\u00eancia nos processos atrav\u00e9s de uma racionaliza\u00e7\u00e3o da produ\u00e7\u00e3o, para que as obras reafirmem o conceito de desenvolvimento sustent\u00e1vel. O grande n\u00famero de res\u00edduos e rejeitos produzidos pelas atividades construtivas representa um grave problema, principalmente no que diz respeito \u00e0 quest\u00e3o ambiental agravada pela falta de espa\u00e7o para destina\u00e7\u00e3o final dos mesmos. Com o objetivo de contribuir para a minimiza\u00e7\u00e3o dessas quest\u00f5es e para o planejamento adequado dos recursos f\u00edsicos da constru\u00e7\u00e3o civil, o presente trabalho visou relacionar os principais fatores de desperd\u00edcios gerados pela tecnologia construtiva tradicional aplicada no pa\u00eds. O enfoque fundamental foi abordar as principais perdas de materiais, buscando identificar os pontos deficientes no planejamento, no uso inadequado de materiais dentro de canteiros de obras, e m\u00e3o-de-obra que em sua maioria \u00e9 desqualificada. Para tal, a metodologia adotada envolveu visitas em cinco canteiros de obras em diferentes etapas como: estrutura, instala\u00e7\u00f5es e acabamentos, levando em considera\u00e7\u00e3o as particularidades de cada material nos diversos usos e situa\u00e7\u00f5es em que s\u00e3o empregados. A pesquisa abrangeu observa\u00e7\u00e3o e diagnose de problemas de execu\u00e7\u00e3o respaldados em referenciais te\u00f3ricos adequados e em pesquisas j\u00e1 realizadas anteriormente. Os resultados mostraram que a falta de padroniza\u00e7\u00e3o de projetos e de execu\u00e7\u00e3o de obras como: simplifica\u00e7\u00e3o, rela\u00e7\u00e3o custo ambiental e m\u00e3o-de-obra qualificada geram significativo desperd\u00edcio da constru\u00e7\u00e3o civil.<\/p>\n","protected":false},"excerpt":{"rendered":"<p>Avalia\u00e7\u00e3o das Etapas e dos Procedimentos nos Canteiros de Obra e sua Influ\u00eancia no Desperd\u00edcio da Constru\u00e7\u00e3o Civil Orientador: Jonas&#8230;<\/p>\n","protected":false},"author":8,"featured_media":0,"parent":807,"menu_order":27,"comment_status":"open","ping_status":"open","template":"","meta":{"footnotes":""},"class_list":["post-897","page","type-page","status-publish","hentry"],"_links":{"self":[{"href":"https:\/\/uenf.br\/cct\/leciv\/wp-json\/wp\/v2\/pages\/897","targetHints":{"allow":["GET"]}}],"collection":[{"href":"https:\/\/uenf.br\/cct\/leciv\/wp-json\/wp\/v2\/pages"}],"about":[{"href":"https:\/\/uenf.br\/cct\/leciv\/wp-json\/wp\/v2\/types\/page"}],"author":[{"embeddable":true,"href":"https:\/\/uenf.br\/cct\/leciv\/wp-json\/wp\/v2\/users\/8"}],"replies":[{"embeddable":true,"href":"https:\/\/uenf.br\/cct\/leciv\/wp-json\/wp\/v2\/comments?post=897"}],"version-history":[{"count":0,"href":"https:\/\/uenf.br\/cct\/leciv\/wp-json\/wp\/v2\/pages\/897\/revisions"}],"up":[{"embeddable":true,"href":"https:\/\/uenf.br\/cct\/leciv\/wp-json\/wp\/v2\/pages\/807"}],"wp:attachment":[{"href":"https:\/\/uenf.br\/cct\/leciv\/wp-json\/wp\/v2\/media?parent=897"}],"curies":[{"name":"wp","href":"https:\/\/api.w.org\/{rel}","templated":true}]}}