{"id":899,"date":"2015-01-19T10:55:21","date_gmt":"2015-01-19T10:55:21","guid":{"rendered":"http:\/\/uenf.br\/cct\/leciv\/?page_id=899"},"modified":"2016-12-01T20:17:13","modified_gmt":"2016-12-01T20:17:13","slug":"io-araujo-pereira-geotecnia","status":"publish","type":"page","link":"https:\/\/uenf.br\/cct\/leciv\/pos-graduacao\/dissertacoes-de-mestrado\/io-araujo-pereira-geotecnia\/","title":{"rendered":"F\u00e1bio Ara\u00fajo Pereira &#8211; Geotecnia"},"content":{"rendered":"<p><strong>AN\u00c1LISE NUM\u00c9RICA DE UMA BARRAGEM DE ENROCAMENTO COM N\u00daCLEO ASF\u00c1LTICO.<\/strong><br \/>\n<i>Orientador: Aldo Durand Farf\u00e1n<\/i><i><br \/>\n<\/i><i>N\u00edvel: Mestrado <\/i><i><br \/>\n<\/i><i>\u00c1rea de Concentra\u00e7\u00e3o: Geotecnia<\/i><i><br \/>\n<\/i><i>Situa\u00e7\u00e3o: Conclu\u00edda \u2013 Dezembro\/2010 <\/i><i><br \/>\n<\/i><i><br \/>\n<\/i><i>Resumo<\/i>: Barragens de enrocamento com n\u00facleo asf\u00e1ltico s\u00e3o utilizadas h\u00e1 muitos anos em diversos pa\u00edses, principalmente no hemisf\u00e9rio norte, e s\u00e3o uma alternativa interessante \u00e0s tradicionais barragens de enrocamento com n\u00facleo de material argiloso. Apesar do conhecimento, no Brasil, a respeito de barragens de enrocamento ser amplo, pouco se conhece sobre o comportamento e o desempenho de barragens de enrocamento com n\u00facleo asf\u00e1ltico.<br \/>\nEste estudo apresenta resultados de simula\u00e7\u00f5es num\u00e9ricas por elementos finitos com o uso do programa comercial Abaqus\u00ae das etapas de constru\u00e7\u00e3o e enchimento do reservat\u00f3rio, a fim de analisar o comportamento da barragem e de seu n\u00facleo asf\u00e1ltico. Para tanto foram simuladas duas situa\u00e7\u00f5es para cada etapa, a primeira em que se considerou o uso de materiais na transi\u00e7\u00e3o entre o enrocamento e o n\u00facleo e a segunda em que n\u00e3o foi simulada a exist\u00eancia deste material.<br \/>\nOs par\u00e2metros usados na simula\u00e7\u00e3o do enrocamento e do n\u00facleo asf\u00e1ltico foram obtidos a partir da literatura pertinente ao assunto.<\/p>\n","protected":false},"excerpt":{"rendered":"<p>AN\u00c1LISE NUM\u00c9RICA DE UMA BARRAGEM DE ENROCAMENTO COM N\u00daCLEO ASF\u00c1LTICO. Orientador: Aldo Durand Farf\u00e1n N\u00edvel: Mestrado \u00c1rea de Concentra\u00e7\u00e3o: Geotecnia&#8230;<\/p>\n","protected":false},"author":8,"featured_media":0,"parent":807,"menu_order":28,"comment_status":"open","ping_status":"open","template":"","meta":{"footnotes":""},"class_list":["post-899","page","type-page","status-publish","hentry"],"_links":{"self":[{"href":"https:\/\/uenf.br\/cct\/leciv\/wp-json\/wp\/v2\/pages\/899","targetHints":{"allow":["GET"]}}],"collection":[{"href":"https:\/\/uenf.br\/cct\/leciv\/wp-json\/wp\/v2\/pages"}],"about":[{"href":"https:\/\/uenf.br\/cct\/leciv\/wp-json\/wp\/v2\/types\/page"}],"author":[{"embeddable":true,"href":"https:\/\/uenf.br\/cct\/leciv\/wp-json\/wp\/v2\/users\/8"}],"replies":[{"embeddable":true,"href":"https:\/\/uenf.br\/cct\/leciv\/wp-json\/wp\/v2\/comments?post=899"}],"version-history":[{"count":0,"href":"https:\/\/uenf.br\/cct\/leciv\/wp-json\/wp\/v2\/pages\/899\/revisions"}],"up":[{"embeddable":true,"href":"https:\/\/uenf.br\/cct\/leciv\/wp-json\/wp\/v2\/pages\/807"}],"wp:attachment":[{"href":"https:\/\/uenf.br\/cct\/leciv\/wp-json\/wp\/v2\/media?parent=899"}],"curies":[{"name":"wp","href":"https:\/\/api.w.org\/{rel}","templated":true}]}}