{"id":903,"date":"2015-01-19T10:57:20","date_gmt":"2015-01-19T10:57:20","guid":{"rendered":"http:\/\/uenf.br\/cct\/leciv\/?page_id=903"},"modified":"2016-12-01T20:20:21","modified_gmt":"2016-12-01T20:20:21","slug":"fabricia-benda-geotecnia","status":"publish","type":"page","link":"https:\/\/uenf.br\/cct\/leciv\/pos-graduacao\/dissertacoes-de-mestrado\/fabricia-benda-geotecnia\/","title":{"rendered":"Fabricia Benda -Geotecnia"},"content":{"rendered":"<p>Favorabilidade de \u00c1reas para Implanta\u00e7\u00e3o de Aterros Controlados no Munic\u00edpio de Campos dos Goytacazes\/Rj Utilizando Sistemas de Informa\u00e7\u00e3o Geogr\u00e1fica<\/p>\n<p>Orientador: Maria da Gl\u00f3ria Alves<br \/>\nCo-orientador: Doracy Pessoa Ramos<br \/>\nCo-orientador: S\u00e9rgio Tibana e Doracy Pessoa Ramos<br \/>\nN\u00edvel: Mestrado<br \/>\n\u00c1rea de Concentra\u00e7\u00e3o: Geotecnia<br \/>\nSitua\u00e7\u00e3o: Conclu\u00edda \u2013 Julho\/2008<\/p>\n<p align=\"justify\">Resumo: Este trabalho apresenta a metodologia utilizada na avalia\u00e7\u00e3o e sele\u00e7\u00e3o de \u00e1reas para implanta\u00e7\u00e3o de aterros controlados no munic\u00edpio de Campos dos Goytacazes\/RJ, Brasil, com o uso de an\u00e1lise multicrit\u00e9rio e sistemas de informa\u00e7\u00e3o<br \/>\ngeogr\u00e1fica. Fez-se uma compara\u00e7\u00e3o utilizando-se diversas combina\u00e7\u00f5es de crit\u00e9rios, a fim de observar as mudan\u00e7as impostas em conseq\u00fc\u00eancia dos crit\u00e9rios adotados e uma an\u00e1lise final onde utilizou-se todos os crit\u00e9rios. Na an\u00e1lise final foram encontradas 21 \u00e1reas maiores que 20ha, que apresentam adequabilidade alta, superior a 220, na escala de 0 a 255. O dep\u00f3sito atual de lixo encontra-se sobre uma \u00e1rea de aptid\u00e3o nula, distante aproximadamente 1km de regi\u00f5es que possuem aptid\u00e3o superior a 220. Os resultados obtidos revelam que o m\u00e9todo da an\u00e1lise estrat\u00e9gica de decis\u00e3o, viabilizada pela potencialidade do SIG, permite a integra\u00e7\u00e3o de informa\u00e7\u00f5es espaciais para tomada de decis\u00e3o no processo de avalia\u00e7\u00e3o e sele\u00e7\u00e3o de \u00e1reas para a implanta\u00e7\u00e3o de empreendimentos impactantes.<\/p>\n","protected":false},"excerpt":{"rendered":"<p>Favorabilidade de \u00c1reas para Implanta\u00e7\u00e3o de Aterros Controlados no Munic\u00edpio de Campos dos Goytacazes\/Rj Utilizando Sistemas de Informa\u00e7\u00e3o Geogr\u00e1fica Orientador:&#8230;<\/p>\n","protected":false},"author":8,"featured_media":0,"parent":807,"menu_order":30,"comment_status":"open","ping_status":"open","template":"","meta":{"footnotes":""},"class_list":["post-903","page","type-page","status-publish","hentry"],"_links":{"self":[{"href":"https:\/\/uenf.br\/cct\/leciv\/wp-json\/wp\/v2\/pages\/903","targetHints":{"allow":["GET"]}}],"collection":[{"href":"https:\/\/uenf.br\/cct\/leciv\/wp-json\/wp\/v2\/pages"}],"about":[{"href":"https:\/\/uenf.br\/cct\/leciv\/wp-json\/wp\/v2\/types\/page"}],"author":[{"embeddable":true,"href":"https:\/\/uenf.br\/cct\/leciv\/wp-json\/wp\/v2\/users\/8"}],"replies":[{"embeddable":true,"href":"https:\/\/uenf.br\/cct\/leciv\/wp-json\/wp\/v2\/comments?post=903"}],"version-history":[{"count":0,"href":"https:\/\/uenf.br\/cct\/leciv\/wp-json\/wp\/v2\/pages\/903\/revisions"}],"up":[{"embeddable":true,"href":"https:\/\/uenf.br\/cct\/leciv\/wp-json\/wp\/v2\/pages\/807"}],"wp:attachment":[{"href":"https:\/\/uenf.br\/cct\/leciv\/wp-json\/wp\/v2\/media?parent=903"}],"curies":[{"name":"wp","href":"https:\/\/api.w.org\/{rel}","templated":true}]}}