{"id":98,"date":"2014-12-11T11:52:03","date_gmt":"2014-12-11T11:52:03","guid":{"rendered":"http:\/\/uenf.br\/cct\/leciv\/?page_id=98"},"modified":"2017-01-04T18:42:33","modified_gmt":"2017-01-04T18:42:33","slug":"contato","status":"publish","type":"page","link":"https:\/\/uenf.br\/cct\/leciv\/graduacao\/contato\/","title":{"rendered":"Contato"},"content":{"rendered":"<div><\/div>\n<div><strong>Localiza\u00e7\u00e3o e endere\u00e7o:<\/strong><\/div>\n<p><strong>Universidade Estadual do Norte Fluminense Darcy Ribeiro &#8211; UENF<\/strong><\/p>\n<div id=\"materiaPrincipal\">\n<p>Centro de Ci\u00eancia e Tecnologia &#8211; CCT &#8211; Curso de Gradua\u00e7\u00e3o em Engenharia Civil<br \/>\nLocal: UENF\/CCT\/Pr\u00e9dio das Oficinas<\/p>\n<p><strong>Endere\u00e7o da Secretaria Acad\u00eamica do CCT:<\/strong><\/p>\n<p>UENF\/CCT\/Secr. Acad\u00eamica do CCT\/Secr. de\u00a0Gradua\u00e7\u00e3o em Eng. Civil:\u00a0<strong><span style=\"line-height: 1.5\">Sala 101\/P5<\/span><\/strong><br \/>\n<span style=\"line-height: 1.5\">Avenida Alberto Lamego, 2000, Bairro: Parque Calif\u00f3rnia, Cidade-Estado: Campos dos Goytacazes-RJ CEP: 28013-602<\/span><br \/>\n<strong>Tel.:<\/strong> (22) 2739-7150<\/p>\n<\/div>\n","protected":false},"excerpt":{"rendered":"<p>Localiza\u00e7\u00e3o e endere\u00e7o: Universidade Estadual do Norte Fluminense Darcy Ribeiro &#8211; UENF Centro de Ci\u00eancia e Tecnologia &#8211; CCT &#8211;&#8230;<\/p>\n","protected":false},"author":8,"featured_media":0,"parent":33,"menu_order":3,"comment_status":"open","ping_status":"open","template":"","meta":{"footnotes":""},"class_list":["post-98","page","type-page","status-publish","hentry"],"_links":{"self":[{"href":"https:\/\/uenf.br\/cct\/leciv\/wp-json\/wp\/v2\/pages\/98","targetHints":{"allow":["GET"]}}],"collection":[{"href":"https:\/\/uenf.br\/cct\/leciv\/wp-json\/wp\/v2\/pages"}],"about":[{"href":"https:\/\/uenf.br\/cct\/leciv\/wp-json\/wp\/v2\/types\/page"}],"author":[{"embeddable":true,"href":"https:\/\/uenf.br\/cct\/leciv\/wp-json\/wp\/v2\/users\/8"}],"replies":[{"embeddable":true,"href":"https:\/\/uenf.br\/cct\/leciv\/wp-json\/wp\/v2\/comments?post=98"}],"version-history":[{"count":0,"href":"https:\/\/uenf.br\/cct\/leciv\/wp-json\/wp\/v2\/pages\/98\/revisions"}],"up":[{"embeddable":true,"href":"https:\/\/uenf.br\/cct\/leciv\/wp-json\/wp\/v2\/pages\/33"}],"wp:attachment":[{"href":"https:\/\/uenf.br\/cct\/leciv\/wp-json\/wp\/v2\/media?parent=98"}],"curies":[{"name":"wp","href":"https:\/\/api.w.org\/{rel}","templated":true}]}}