{"id":175,"date":"2010-10-13T20:02:17","date_gmt":"2010-10-13T20:02:17","guid":{"rendered":"http:\/\/uenf.br\/cct\/lenep-prh20anp\/?page_id=2"},"modified":"2013-08-29T19:41:23","modified_gmt":"2013-08-29T19:41:23","slug":"sobre","status":"publish","type":"page","link":"https:\/\/uenf.br\/cct\/lenep-prh20anp\/","title":{"rendered":"APRESENTA\u00c7\u00c3O"},"content":{"rendered":"<div style=\"text-align: center\"><a href=\"http:\/\/uenf.br\/cct\/lenep-prh20anp\/files\/2010\/11\/logo.jpg\"><img loading=\"lazy\" decoding=\"async\" style=\"margin-top: 40px;margin-bottom: 40px\" alt=\"\" src=\"http:\/\/uenf.br\/cct\/lenep-prh20anp\/files\/2010\/11\/logo.jpg\" width=\"116\" height=\"200\" \/><\/a><a href=\"http:\/\/uenf.br\/cct\/lenep-prh20anp\/files\/2010\/11\/logo1.gif\"><img loading=\"lazy\" decoding=\"async\" style=\"margin-top: 40px;margin-bottom: 40px\" alt=\"\" src=\"http:\/\/uenf.br\/cct\/lenep-prh20anp\/files\/2010\/11\/logo1.gif\" width=\"211\" height=\"85\" \/><\/a><\/div>\n<div style=\"text-align: justify\"><\/div>\n<div style=\"text-align: justify\">O Programa de Recursos Humanos PRH-20 \u00e9 um programa h\u00edbrido do LENEP (Laborat\u00f3rio de Engenharia em Explora\u00e7\u00e3o de Petr\u00f3leo) que visa \u00e0 forma\u00e7\u00e3o integrada de recursos humanos qualificados Engenharia de Explora\u00e7\u00e3o, Engenharia de Reservat\u00f3rio, Geologia, Geof\u00edsica, F\u00edsica, Qu\u00edmica, Matem\u00e1tica, GeoInform\u00e1tica. para a explora\u00e7\u00e3o de petr\u00f3leo e g\u00e1s natural. O conv\u00eanio da ANP com o LENEP (PRH-20) foi aprovado no ano de 2000. Este prev\u00ea a dota\u00e7\u00e3o de recursos para bolsas e custeio de servi\u00e7os e material permanente atrav\u00e9s da taxa de bancada. As bolsas existem na modalidade de inicia\u00e7\u00e3o cient\u00edfica, mestrado, doutorado, pesquisador visitante e coordenador. O valor da taxa de bancada corresponde ao somat\u00f3rio do valor de todas as bolsas de estudo e tem sido fundamental para o bom funcionamento do LENEP, pois se constitui na sua principal fonte de financiamento. Dentre os programas de integra\u00e7\u00e3o Universidade-Empresa, o PRH da ANP situa-se como um dos que mais aporta recursos para a forma\u00e7\u00e3o de alunos.<\/div>\n<div style=\"text-align: justify\">A grande maioria dos ex-bolsistas da ANP, formados pelo LENEP, est\u00e3o empregados na ind\u00fastria ou ent\u00e3o decidiram continuar seus estudos. Tais bolsas, al\u00e9m de pagar melhor do que as concedidas por outras institui\u00e7\u00f5es, funcionam como um diferencial no curr\u00edculo do formando. O bolsista da ANP ainda conta com uma s\u00e9rie de benef\u00edcios como pagamento de di\u00e1rias e passagens para participa\u00e7\u00e3o em trabalhos de campo e congressos. O PRH-20 tem demonstrado um \u00edndice de empregabilidade de 100%, tendo participado com uma grande porcentagem no total de m\u00e3o de obra absorvida dos 36 programas da ANP em funcionamento no Brasil.<\/div>\n","protected":false},"excerpt":{"rendered":"<p>O Programa de Recursos Humanos PRH-20 \u00e9 um programa h\u00edbrido do LENEP (Laborat\u00f3rio de Engenharia em Explora\u00e7\u00e3o de Petr\u00f3leo) que&#8230;<\/p>\n","protected":false},"author":6,"featured_media":0,"parent":0,"menu_order":1,"comment_status":"open","ping_status":"closed","template":"","meta":{"footnotes":""},"class_list":["post-175","page","type-page","status-publish","hentry"],"_links":{"self":[{"href":"https:\/\/uenf.br\/cct\/lenep-prh20anp\/wp-json\/wp\/v2\/pages\/175","targetHints":{"allow":["GET"]}}],"collection":[{"href":"https:\/\/uenf.br\/cct\/lenep-prh20anp\/wp-json\/wp\/v2\/pages"}],"about":[{"href":"https:\/\/uenf.br\/cct\/lenep-prh20anp\/wp-json\/wp\/v2\/types\/page"}],"author":[{"embeddable":true,"href":"https:\/\/uenf.br\/cct\/lenep-prh20anp\/wp-json\/wp\/v2\/users\/6"}],"replies":[{"embeddable":true,"href":"https:\/\/uenf.br\/cct\/lenep-prh20anp\/wp-json\/wp\/v2\/comments?post=175"}],"version-history":[{"count":0,"href":"https:\/\/uenf.br\/cct\/lenep-prh20anp\/wp-json\/wp\/v2\/pages\/175\/revisions"}],"wp:attachment":[{"href":"https:\/\/uenf.br\/cct\/lenep-prh20anp\/wp-json\/wp\/v2\/media?parent=175"}],"curies":[{"name":"wp","href":"https:\/\/api.w.org\/{rel}","templated":true}]}}