{"id":275,"date":"2013-06-04T16:40:47","date_gmt":"2013-06-04T16:40:47","guid":{"rendered":"http:\/\/uenf.br\/cct\/lenep-prh20anp\/?page_id=275"},"modified":"2013-08-29T20:36:15","modified_gmt":"2013-08-29T20:36:15","slug":"modelos-documentos","status":"publish","type":"page","link":"https:\/\/uenf.br\/cct\/lenep-prh20anp\/modelos-documentos\/","title":{"rendered":"MODELOS DOCUMENTOS"},"content":{"rendered":"<p>Com o objetivo de facilitar e agilizar o atendimento as demandas de bolsistas e professores, estamos disponibilizando, atrav\u00e9s da p\u00e1gina do PRH20-ANP, um conjunto de modelos de documentos a serem utilizados por alunos e professores na sua intera\u00e7\u00e3o com o Programa PRH20-ANP.<\/p>\n<p>Veja\u00a0<a href=\"http:\/\/uenf.br\/cct\/lenep-prh20anp\/files\/2013\/08\/PRH20-ANP-00-InformacoesGerais-Modelo-3-2013.doc\" target=\"_blank\">aqui<\/a>\u00a0informa\u00e7\u00f5es gerais associadas aos processos do PRH20-ANP; O documento explica como as solicita\u00e7\u00f5es s\u00e3o atendidas, os respons\u00e1veis em cada setor da universidade e o passo a passo de sua execu\u00e7\u00e3o. Esta leitura esclarece a import\u00e2ncia dos pedidos serem realizados no in\u00edcio do ano e serem encaminhados obrigatoriamente com pelo menos 3 meses de anteced\u00eancia.<\/p>\n<p><strong>Resumo<\/strong>:<br \/>\nNo in\u00edcio do ano o coordenador do PRH20-ANP envia a bolsista e professores do programa uma planilha em que cada um coloca suas solicita\u00e7\u00f5es. \u00c9 feito um levantamento de todas as demandas do programa pelo comit\u00ea-gestor do PRH20-ANP. Algumas solicita\u00e7\u00f5es s\u00e3o pr\u00e9-aprovados. Noventa dias antes do evento, o aluno\/professor deve encaminhar a solicita\u00e7\u00e3o detalhada. Pedidos previamente aprovados s\u00e3o encaminhados diretamente para aprova\u00e7\u00e3o da ANP\/ou\/PETROBRAS sem necessidade de nova reuni\u00e3o do comit\u00ea-gestor. Pedidos sem pr\u00e9via autoriza\u00e7\u00e3o do comit\u00ea-gestor, requerem reuni\u00e3o do comit\u00ea-gestor e verifica\u00e7\u00f5es adicionais sobre disponibilidade de recursos (demoram cerca de 60 dias a mais para serem processados). Notem a import\u00e2ncia de encaminhar os pedidos no in\u00edcio do ano.<br \/>\nCabe lembrar que por orienta\u00e7\u00e3o do DGA\/UENF, pedidos entregues com menos de 90 dias de anteced\u00eancia n\u00e3o ser\u00e3o executados (casos excepcionais ser\u00e3o considerados pelo comit\u00ea-gestor e, mesmo sendo aprovados internamente, dependem da agilidade\/disponibilidade t\u00e9cnicos UENF para sua execu\u00e7\u00e3o).<br \/>\nVamos a um exemplo. Se voc\u00ea vai apresentar um trabalho em um congresso, fa\u00e7a uma programa\u00e7\u00e3o com um ano de anteced\u00eancia. Envie a solicita\u00e7\u00e3o de di\u00e1rias\/inscri\u00e7\u00e3o\/passagens no in\u00edcio do ano. Termine o artigo e encaminhe o mesmo para organizadores do evento. Quando receber o aceite (e\/ou com 90 dias de anteced\u00eancia) encaminhe por e-mail para o coordenador do programa as 3 solicita\u00e7\u00f5es (inscri\u00e7\u00e3o, di\u00e1rias, passagens) anexando todos os comprovantes solicitados. A solicita\u00e7\u00e3o \u00e9 encaminhada para aprova\u00e7\u00e3o da ANP\/PETROBRAS, passa pela elabora\u00e7\u00e3o das 3 CIs no setor de conv\u00eanios do LENEP e ent\u00e3o \u00e9 encaminhada e processada na UENF\/Campos. Todas as etapas envolvem documentos f\u00edsicos (papel\/malote\/escaninhos), e aprova\u00e7\u00f5es em sistemas eletr\u00f4nicos (como siconv, siga, etc) que fazem com que o processo passe pelas m\u00e3os de no m\u00ednimo 6 setores diferentes da UENF e seja lento. Considere ainda que o processo entra numa fila.<\/p>\n<p><strong>Modelos Solicita\u00e7\u00f5es<\/strong><\/p>\n<p>Veja a seguir modelos para solicita\u00e7\u00f5es de bolsistas e professores. Baixar o modelo correto; ler e preencher com aten\u00e7\u00e3o, pois pequenos erros tem feito com que as solicita\u00e7\u00f5es sejam devolvidas e\/ou canceladas. Encaminhar com 90 dias de anteced\u00eancia.<\/p>\n<p><a href=\"http:\/\/uenf.br\/cct\/lenep-prh20anp\/files\/2013\/08\/PRH20-ANP-01-Solicitacao-Modelo-3-2013.doc\">PRH20-ANP-01-SolicitacaoGenerica<\/a><br \/>\n<a href=\"http:\/\/uenf.br\/cct\/lenep-prh20anp\/files\/2013\/08\/PRH20-ANP-02-SolicitacaoInscricaoEvento-Modelo-3-2013.doc\">PRH20-ANP-02-SolicitacaoInscricaoEvento<\/a><br \/>\n<a href=\"http:\/\/uenf.br\/cct\/lenep-prh20anp\/files\/2013\/08\/PRH20-ANP-03-SolicitacaoDiarias-Modelo-3-2013.doc\">PRH20-ANP-03-SolicitacaoDiarias<\/a><br \/>\n<a href=\"http:\/\/uenf.br\/cct\/lenep-prh20anp\/files\/2013\/08\/PRH20-ANP-04-SolicitacaoPassagens-Modelo-3-2013.doc\">PRH20-ANP-04-SolicitacaoPassagens<\/a><br \/>\n<a href=\"http:\/\/uenf.br\/cct\/lenep-prh20anp\/files\/2013\/08\/PRH20-ANP-05-SolicitacaoEquipamentos-Modelo-3-2013.doc\">PRH20-ANP-05-SolicitacaoEquipamentos<\/a><br \/>\n<a href=\"http:\/\/uenf.br\/cct\/lenep-prh20anp\/files\/2013\/08\/PRH20-ANP-06-SolicitacaoMaterialConsumo-Modelo-3-2013.doc\">PRH20-ANP-06-SolicitacaoMaterialConsumo<\/a><br \/>\n<a href=\"http:\/\/uenf.br\/cct\/lenep-prh20anp\/files\/2013\/08\/PRH20-ANP-07-SolicitacaoReembolso-Modelo-7-2013.doc\">PRH20-ANP-07-SolicitacaoReembolso<\/a><\/p>\n<p>Reembolso s\u00f3 \u00e9 pago pelo PRH20-ANP\/CTPETRO e em condi\u00e7\u00f5es muito espec\u00edficas previamente autorizadas pela ANP. Ent\u00e3o, n\u00e3o fa\u00e7a nenhuma despesa pensando em pedir reembolso sem esta autoriza\u00e7\u00e3o pr\u00e9via!<\/p>\n<p><strong><br \/>\nModelo Pasta Bolsista<\/strong><\/p>\n<p>Cada aluno, ao longo do seu per\u00edodo como bolsista no PRH20-ANP, precisa gerar uma s\u00e9rie de documentos que est\u00e3o associados: a implementa\u00e7\u00e3o e renova\u00e7\u00e3o da bolsa, ao seu projeto de pesquisa, relat\u00f3rios mensais e semestrais (fevereiro e agosto), relat\u00f3rio final, documento final e relat\u00f3rios p\u00f3s-formados por 3 anos. Al\u00e9m de documentos cont\u00e1beis, como recibos de bolsas, relat\u00f3rios associados a solicita\u00e7\u00f5es atendidas (ex: comprovantes despesas participa\u00e7\u00e3o em congresso).<\/p>\n<p>Veja a seguir um conjunto de links ou diret\u00f3rios com arquivos modelos a serem utilizados pelos bolsistas:<\/p>\n<p>Pasta eletr\u00f4nica bolsista <a title=\"00-Modelo-ArquivosObrigatoriosBolsista-CTPETRO\" href=\"http:\/\/uenf.br\/cct\/lenep-prh20anp\/2013\/08\/29\/00-modelo-arquivosobrigatoriosbolsista-ctpetro\/\" target=\"_blank\">PRH20-ANP\/CTPETRO<\/a><\/p>\n<p>Pasta eletr\u00f4nica bolsista <a title=\"00-Modelo-ArquivosObrigatoriosBolsista-PETROBRAS\" href=\"http:\/\/uenf.br\/cct\/lenep-prh20anp\/2013\/08\/29\/00-modelo-arquivosobrigatoriosbolsista-petrobras\/\" target=\"_blank\">PRH20-ANP\/PETROBRAS<\/a><\/p>\n<p>01-Modelo-RelatoriosMensais<br \/>\n[<a href=\"http:\/\/uenf.br\/cct\/lenep-prh20anp\/files\/2013\/08\/PRH20-ANP-ModeloRelatorioMensal.doc\" target=\"_blank\">.doc<\/a>] [.odt] [<a href=\"http:\/\/uenf.br\/cct\/lenep-prh20anp\/files\/2013\/08\/PRH20-ANP-ModeloRelatorioMensal.pdf\" target=\"_blank\">.pdf<\/a>]<\/p>\n<p>02-Modelo-Solicitacoes<\/p>\n<p><a href=\"http:\/\/uenf.br\/cct\/lenep-prh20anp\/files\/2013\/08\/PRH20-ANP-01-Solicitacao-Modelo-3-2013.doc\">PRH20-ANP-01-SolicitacaoGenerica<\/a><br \/>\n<a href=\"http:\/\/uenf.br\/cct\/lenep-prh20anp\/files\/2013\/08\/PRH20-ANP-02-SolicitacaoInscricaoEvento-Modelo-3-2013.doc\">PRH20-ANP-02-SolicitacaoInscricaoEvento<\/a><br \/>\n<a href=\"http:\/\/uenf.br\/cct\/lenep-prh20anp\/files\/2013\/08\/PRH20-ANP-03-SolicitacaoDiarias-Modelo-3-2013.doc\">PRH20-ANP-03-SolicitacaoDiarias<\/a><br \/>\n<a href=\"http:\/\/uenf.br\/cct\/lenep-prh20anp\/files\/2013\/08\/PRH20-ANP-04-SolicitacaoPassagens-Modelo-3-2013.doc\">PRH20-ANP-04-SolicitacaoPassagens<\/a><br \/>\n<a href=\"http:\/\/uenf.br\/cct\/lenep-prh20anp\/files\/2013\/08\/PRH20-ANP-05-SolicitacaoEquipamentos-Modelo-3-2013.doc\">PRH20-ANP-05-SolicitacaoEquipamentos<\/a><br \/>\n<a href=\"http:\/\/uenf.br\/cct\/lenep-prh20anp\/files\/2013\/08\/PRH20-ANP-06-SolicitacaoMaterialConsumo-Modelo-3-2013.doc\">PRH20-ANP-06-SolicitacaoMaterialConsumo<\/a><br \/>\n<a href=\"http:\/\/uenf.br\/cct\/lenep-prh20anp\/files\/2013\/08\/PRH20-ANP-07-SolicitacaoReembolso-Modelo-7-2013.doc\">PRH20-ANP-07-SolicitacaoReembolso<\/a><\/p>\n<p>03-Modelo-RelatoriosViagens<br \/>\n[<a href=\"http:\/\/uenf.br\/cct\/lenep-prh20anp\/files\/2013\/08\/PRH20-ANP-ModeloRelatorioViagem.doc\" target=\"_blank\">.doc<\/a>] [.odt] [.pdf]<\/p>\n<p>04-Modelo-Resumo<br \/>\n[<a href=\"http:\/\/uenf.br\/cct\/lenep-prh20anp\/files\/2013\/08\/PRH20-ANP-ModeloResumo.doc\" target=\"_blank\">.doc<\/a>] [.odt] [.pdf]<\/p>\n<p>05-Modelo-ApresentacaoBolsista<br \/>\n[<a href=\"http:\/\/uenf.br\/cct\/lenep-prh20anp\/files\/2013\/08\/ApresentacaoDoBolsista-PRH20ANP-Modelo.ppt\" target=\"_blank\">.ppt<\/a>] [.odp] [.pdf]<\/p>\n<p>06-Modelo-Recibo<br \/>\n[.doc] [.odt] [.pdf]<\/p>\n<p>07-Modelo-Poster<br \/>\n[.<a href=\"http:\/\/uenf.br\/cct\/lenep-prh20anp\/files\/2013\/08\/PRH20-ANP-Modelo_poster.ppt\" target=\"_blank\">ppt<\/a>]\u00a0[.<a href=\"http:\/\/uenf.br\/cct\/lenep-prh20anp\/files\/2013\/08\/PRH20-ANP-Modelo_poster-RAA-2012.odp_.rar\" target=\"_blank\">odp<\/a>] [.pdf]<\/p>\n<p>&nbsp;<\/p>\n<p><strong>Manuais ANP e PETROBRAS<\/strong><\/p>\n<p><a href=\"http:\/\/uenf.br\/cct\/lenep-prh20anp\/files\/2013\/06\/ManualUsuario-ParteI-65965.pdf\">Manual do Usu\u00e1rio do Programa de recursos humanos da ANP para o setor de Petr\u00f3leo e G\u00e1s PRH-ANP\/MCTI (Parte I &#8211; bolsistas)<br \/>\n<\/a><br \/>\n<a href=\"http:\/\/uenf.br\/cct\/lenep-prh20anp\/files\/2013\/06\/Manual-PFRH-Superior-Parte-I-rev03.02.11.pdf\">Manual do Usu\u00e1rio do Programa Petrobras de Forma\u00e7\u00e3o de Recursos Humanos (PFRH) (Parte I &#8211; bolsistas)<\/a><\/p>\n","protected":false},"excerpt":{"rendered":"<p>Com o objetivo de facilitar e agilizar o atendimento as demandas de bolsistas e professores, estamos disponibilizando, atrav\u00e9s da p\u00e1gina&#8230;<\/p>\n","protected":false},"author":6,"featured_media":0,"parent":0,"menu_order":11,"comment_status":"closed","ping_status":"open","template":"","meta":{"footnotes":""},"class_list":["post-275","page","type-page","status-publish","hentry"],"_links":{"self":[{"href":"https:\/\/uenf.br\/cct\/lenep-prh20anp\/wp-json\/wp\/v2\/pages\/275","targetHints":{"allow":["GET"]}}],"collection":[{"href":"https:\/\/uenf.br\/cct\/lenep-prh20anp\/wp-json\/wp\/v2\/pages"}],"about":[{"href":"https:\/\/uenf.br\/cct\/lenep-prh20anp\/wp-json\/wp\/v2\/types\/page"}],"author":[{"embeddable":true,"href":"https:\/\/uenf.br\/cct\/lenep-prh20anp\/wp-json\/wp\/v2\/users\/6"}],"replies":[{"embeddable":true,"href":"https:\/\/uenf.br\/cct\/lenep-prh20anp\/wp-json\/wp\/v2\/comments?post=275"}],"version-history":[{"count":0,"href":"https:\/\/uenf.br\/cct\/lenep-prh20anp\/wp-json\/wp\/v2\/pages\/275\/revisions"}],"wp:attachment":[{"href":"https:\/\/uenf.br\/cct\/lenep-prh20anp\/wp-json\/wp\/v2\/media?parent=275"}],"curies":[{"name":"wp","href":"https:\/\/api.w.org\/{rel}","templated":true}]}}