{"id":33,"date":"2010-11-09T16:13:06","date_gmt":"2010-11-09T16:13:06","guid":{"rendered":"http:\/\/uenf.br\/cct\/lenep-prh20anp\/"},"modified":"2012-05-07T14:32:21","modified_gmt":"2012-05-07T14:32:21","slug":"linhas-de-pesquisa","status":"publish","type":"page","link":"https:\/\/uenf.br\/cct\/lenep-prh20anp\/linhas-de-pesquisa\/","title":{"rendered":"LINHAS DE PESQUISA"},"content":{"rendered":"<p><strong>ENGENHARIA DE PRODU\u00c7\u00c3O DE PETR\u00d3LEO<\/strong><\/p>\n<p><a href=\"http:\/\/uenf.br\/cct\/lenep-prh20anp\/files\/2010\/11\/ju289pg09a.jpg\"><strong><img loading=\"lazy\" decoding=\"async\" class=\"aligncenter size-full wp-image-38\" src=\"http:\/\/uenf.br\/cct\/lenep-prh20anp\/files\/2010\/11\/ju289pg09a.jpg\" alt=\"\" width=\"400\" height=\"300\" srcset=\"https:\/\/uenf.br\/cct\/lenep-prh20anp\/files\/2010\/11\/ju289pg09a.jpg 400w, https:\/\/uenf.br\/cct\/lenep-prh20anp\/files\/2010\/11\/ju289pg09a-300x225.jpg 300w\" sizes=\"auto, (max-width: 400px) 100vw, 400px\" \/><\/strong><\/a><strong>MODELAGEM DE MIGRA\u00c7\u00c3O SECUND\u00c1RIA E PREVIS\u00c3O DE ACUMULA\u00c7\u00c3O DE HIDROCARBONETOS<\/strong><\/p>\n<ul>\n<li>Estudo laboratorial de migra\u00e7\u00e3o secundaria de hidrocarbonetos<\/li>\n<li>Engenharia de Po\u00e7o<\/li>\n<li>Po\u00e7os horizontais<\/li>\n<li>Po\u00e7os fraturados<\/li>\n<li>Gravel pack<\/li>\n<li>Modelos de intera\u00e7\u00e3o po\u00e7o-reservatorio<\/li>\n<li>Modelos de produ\u00e7\u00e3o de \u00f3leos pesados<\/li>\n<li>Modelos de produ\u00e7\u00e3o de \u00f3leo de reservat\u00f3rios mal consolidados<\/li>\n<li>Previs\u00e3o de perda da produtividade com produ\u00e7\u00e3o de \u00e1rea<\/li>\n<li>Fluxo em Meios Porosos<\/li>\n<li>Recupera\u00e7\u00e3o Prim\u00e1ria<\/li>\n<li>Recupera\u00e7\u00e3o Secund\u00e1ria<\/li>\n<li>Recupera\u00e7\u00e3o Avan\u00e7ada\/Melhorada<\/li>\n<li>An\u00e1lise de Testes em Po\u00e7os<\/li>\n<li>Caracterizar\u00e3o de reservat\u00f3rios a partir de dados de produ\u00e7\u00e3o<\/li>\n<\/ul>\n<p><a href=\"http:\/\/uenf.br\/cct\/lenep-prh20anp\/files\/2010\/11\/plataforma2.gif\"><img loading=\"lazy\" decoding=\"async\" class=\"aligncenter size-full wp-image-91\" src=\"http:\/\/uenf.br\/cct\/lenep-prh20anp\/files\/2010\/11\/plataforma2.gif\" alt=\"\" width=\"280\" height=\"300\" \/><\/a><\/p>\n<table width=\"908\" border=\"0\" cellspacing=\"0\" cellpadding=\"0\">\n<tbody>\n<tr>\n<td><\/td>\n<td width=\"139\"><\/td>\n<\/tr>\n<\/tbody>\n<\/table>\n<table>\n<tbody>\n<tr>\n<td><strong>MODELAGEM MATEM\u00c1TICA<strong> e GEO-INFORM\u00c1TICA<\/strong><\/strong><\/td>\n<td width=\"139\"><\/td>\n<\/tr>\n<\/tbody>\n<\/table>\n<ul type=\"disc\">\n<li>Modelagem matem\u00e1tica de processos de recupera\u00e7\u00e3o de petr\u00f3leo<\/li>\n<li>Modelagem matem\u00e1tica e laboratorial de dano de forma\u00e7\u00e3o<\/li>\n<li>Modelagem matem\u00e1tica de migra\u00e7\u00e3o de \u00f3leo e g\u00e1s e forma\u00e7\u00e3o de acumula\u00e7\u00f5es petrol\u00edferas<\/li>\n<li>Modelagem matem\u00e1tica de propaga\u00e7\u00e3o de contaminantes em meios porosos e aq\u00fc\u00edferos<\/li>\n<li>Sistemas de equa\u00e7\u00f5es hiperb\u00f3licas<\/li>\n<li>Termodin\u00e2mica do Equil\u00edbrio de Fases em Sistema Petrol\u00edferos<\/li>\n<li>Solu\u00e7\u00e3o num\u00e9rica da evolu\u00e7\u00e3o da onda para simula\u00e7\u00e3o do sinal s\u00edsmico<\/li>\n<li>Problemas inversos para a determina\u00e7\u00e3o de par\u00e2metros petrof\u00edsicos a partir de dados geof\u00edsicos<\/li>\n<li>Explora\u00e7\u00e3o de Recursos Naturais Modelagem, Processamento e Interpreta\u00e7\u00e3o de Dados de E&amp;P<\/li>\n<li>Problemas inversos para determina\u00e7\u00e3o de par\u00e2metros petrof\u00edsicos a partir de dados geof\u00edsicos<\/li>\n<li>Micro-modelagem de Rochas Reservat\u00f3rio Usando An\u00e1lise e Processamento de Imagens<\/li>\n<li>Modelos e Algoritmos para Segmenta\u00e7\u00e3o de Imagens de Rochas Reservat\u00f3rio<\/li>\n<li>Modelos e Algoritmos para Caracteriza\u00e7\u00e3o de Imagens de Rochas Reservat\u00f3rio<\/li>\n<li>Modelos e Algoritmos para C\u00e1lculo da Permeabilidade<\/li>\n<li>Modelos e Algoritmos para Determina\u00e7\u00e3o das Configura\u00e7\u00f5es de Equil\u00edbrio e C\u00e1lculo da Permeabilidade Relativa<\/li>\n<li>Micro-modelagem de Rochas Reservat\u00f3rio Usando Redes de Percola\u00e7\u00e3o<\/li>\n<li>Eleva\u00e7\u00e3o e Escoamento<\/li>\n<li>M\u00e9todos Num\u00e9ricos e Experimentais em Eleva\u00e7\u00e3o e Escoamento<\/li>\n<li>Gera\u00e7\u00e3o e Testes de Rotina para Implementa\u00e7\u00e3o do Modelo de Mistura no Simulador Marlim<\/li>\n<li>Estudo de Sistemas BHJ<\/li>\n<li>Caracteriza\u00e7\u00e3o de Reservat\u00f3rios<\/li>\n<li>Caracteriza\u00e7\u00e3o,odelagem e Simula\u00e7\u00e3o Microestrutural de Rochas Reservat\u00f3rio de Petr\u00f3leo com An\u00e1lise de Imagem<\/li>\n<li>Escoamento de Fluidos em Meios Porosos<\/li>\n<li>Desenvolvimento de Softwares Cient\u00edficos para \u00c1rea de Engenharia de Petr\u00f3leo.<\/li>\n<\/ul>\n<p>&nbsp;<\/p>\n<p style=\"text-align: justify\"><strong>ENGENHARIA DE EXPLORA\u00c7\u00c3O DE PETR\u00d3LEO<\/strong><\/p>\n<p style=\"text-align: justify\"><a href=\"http:\/\/uenf.br\/cct\/lenep-prh20anp\/files\/2010\/11\/1.jpg\"><img loading=\"lazy\" decoding=\"async\" class=\"aligncenter size-full wp-image-93\" src=\"http:\/\/uenf.br\/cct\/lenep-prh20anp\/files\/2010\/11\/1.jpg\" alt=\"\" width=\"677\" height=\"482\" srcset=\"https:\/\/uenf.br\/cct\/lenep-prh20anp\/files\/2010\/11\/1.jpg 677w, https:\/\/uenf.br\/cct\/lenep-prh20anp\/files\/2010\/11\/1-300x213.jpg 300w\" sizes=\"auto, (max-width: 677px) 100vw, 677px\" \/><\/a><\/p>\n<p><strong>GEOLOGIA<\/strong><\/p>\n<ul type=\"disc\">\n<li>An\u00e1lise de bacias sedimentares<\/li>\n<li>An\u00e1lise de bacias costeiras brasileiras: caracteriza\u00e7\u00e3o regional e evolu\u00e7\u00e3o tect\u00f4nica<\/li>\n<li>Mineralogia, Petrologia e Geoqu\u00edmica de Rochas \u00cdgneas e Metam\u00f3rficas<\/li>\n<li>Mineraliza\u00e7\u00f5es Associadas \u00e0s Rochas \u00cdgneas e Metam\u00f3rficas<\/li>\n<li>Mapeamento Geol\u00f3gico Regional<\/li>\n<li>Caracteriza\u00e7\u00e3o Mineral\u00f3gica de Min\u00e9rios<\/li>\n<li>Caracteriza\u00e7\u00e3o geol\u00f3gica de reservat\u00f3rios analogos<\/li>\n<li>Geologia do Petr\u00f3leo<\/li>\n<li>Estratigrafia e Sedimentologia<\/li>\n<li>Sismoestratigrafia<\/li>\n<\/ul>\n<table width=\"100%\" border=\"0\" cellspacing=\"0\" cellpadding=\"0\">\n<tbody>\n<tr>\n<td><\/td>\n<td width=\"139\"><\/td>\n<\/tr>\n<\/tbody>\n<\/table>\n<p><a href=\"http:\/\/uenf.br\/cct\/lenep-prh20anp\/files\/2010\/11\/plataforma22.gif\"><img loading=\"lazy\" decoding=\"async\" class=\"aligncenter size-full wp-image-95\" src=\"http:\/\/uenf.br\/cct\/lenep-prh20anp\/files\/2010\/11\/plataforma22.gif\" alt=\"\" width=\"280\" height=\"300\" \/><\/a><\/p>\n<table width=\"100%\" border=\"0\" cellspacing=\"0\" cellpadding=\"0\">\n<tbody>\n<tr>\n<td><strong>GEOQU\u00cdMICA<\/strong><\/td>\n<td width=\"139\"><\/td>\n<\/tr>\n<\/tbody>\n<\/table>\n<ul type=\"disc\">\n<li>Problemas ambientais na ind\u00fastria do petr\u00f3leo<\/li>\n<li>Intera\u00e7\u00e3o de \u00f3leos com sedimentos na zona costeira da bacia de Campos.<\/li>\n<li>Avalia\u00e7\u00e3o de reservat\u00f3rios atrav\u00e9s de geoqu\u00edmica e geof\u00edsica<\/li>\n<li>Geoqu\u00edmica de is\u00f3topos est\u00e1veis para hidrocarbonetos<\/li>\n<\/ul>\n<table width=\"100%\" border=\"0\" cellspacing=\"0\" cellpadding=\"0\">\n<tbody>\n<tr>\n<td><strong>GEOF\u00cdSICA<\/strong><\/td>\n<td width=\"139\"><\/td>\n<\/tr>\n<\/tbody>\n<\/table>\n<ul>\n<li>Processamento s\u00edsmico<\/li>\n<li>Modelagem S\u00edsmica<\/li>\n<li>Invers\u00e3o s\u00edsmica<\/li>\n<li>Caracteriza\u00e7\u00e3o e monitoramento geof\u00edsico de reservat\u00f3rios<\/li>\n<li>M\u00e9todos potenciais<\/li>\n<li>M\u00e9todos eletromagn\u00e9ticos<\/li>\n<\/ul>\n","protected":false},"excerpt":{"rendered":"<p>ENGENHARIA DE PRODU\u00c7\u00c3O DE PETR\u00d3LEO MODELAGEM DE MIGRA\u00c7\u00c3O SECUND\u00c1RIA E PREVIS\u00c3O DE ACUMULA\u00c7\u00c3O DE HIDROCARBONETOS Estudo laboratorial de migra\u00e7\u00e3o secundaria&#8230;<\/p>\n","protected":false},"author":6,"featured_media":0,"parent":0,"menu_order":7,"comment_status":"open","ping_status":"closed","template":"","meta":{"footnotes":""},"class_list":["post-33","page","type-page","status-publish","hentry"],"_links":{"self":[{"href":"https:\/\/uenf.br\/cct\/lenep-prh20anp\/wp-json\/wp\/v2\/pages\/33","targetHints":{"allow":["GET"]}}],"collection":[{"href":"https:\/\/uenf.br\/cct\/lenep-prh20anp\/wp-json\/wp\/v2\/pages"}],"about":[{"href":"https:\/\/uenf.br\/cct\/lenep-prh20anp\/wp-json\/wp\/v2\/types\/page"}],"author":[{"embeddable":true,"href":"https:\/\/uenf.br\/cct\/lenep-prh20anp\/wp-json\/wp\/v2\/users\/6"}],"replies":[{"embeddable":true,"href":"https:\/\/uenf.br\/cct\/lenep-prh20anp\/wp-json\/wp\/v2\/comments?post=33"}],"version-history":[{"count":0,"href":"https:\/\/uenf.br\/cct\/lenep-prh20anp\/wp-json\/wp\/v2\/pages\/33\/revisions"}],"wp:attachment":[{"href":"https:\/\/uenf.br\/cct\/lenep-prh20anp\/wp-json\/wp\/v2\/media?parent=33"}],"curies":[{"name":"wp","href":"https:\/\/api.w.org\/{rel}","templated":true}]}}