{"id":63,"date":"2010-11-09T16:35:54","date_gmt":"2010-11-09T16:35:54","guid":{"rendered":"http:\/\/uenf.br\/cct\/lenep-prh20anp\/"},"modified":"2015-10-02T18:32:40","modified_gmt":"2015-10-02T18:32:40","slug":"projetos","status":"publish","type":"page","link":"https:\/\/uenf.br\/cct\/lenep-prh20anp\/projetos\/","title":{"rendered":"PROJETOS"},"content":{"rendered":"<h2>INFORMA\u00c7\u00d5ES COMPLEMENTARES RELATIVAS AO ANO DE 2014<\/h2>\n<p>&nbsp;<\/p>\n<table style=\"height: 3244px\" width=\"951\">\n<tbody>\n<tr>\n<td colspan=\"5\" width=\"624\"><strong>12.1 &#8211; PROJETOS SUBMETIDOS EM 2014<\/strong><\/td>\n<\/tr>\n<tr>\n<td width=\"104\"><strong>Edital<\/strong><\/p>\n<p><strong>ou<\/strong><\/p>\n<p><strong>Empresa<\/strong><\/td>\n<td width=\"283\"><strong>T\u00edtulo e Coordenador<\/strong><\/p>\n<p><strong>(informar tamb\u00e9m o per\u00edodo previsto para realiza\u00e7\u00e3o)<\/strong><\/td>\n<td width=\"66\"><strong>Situa\u00e7\u00e3o<\/strong><\/td>\n<td width=\"85\"><strong>Valor proposto<\/strong><\/p>\n<p><strong>(R$ 1.000,00)<\/strong><\/td>\n<td width=\"85\"><strong>Valor Aprovado<\/strong><\/p>\n<p><strong>(R$ 1.000,00)<\/strong><\/td>\n<\/tr>\n<tr>\n<td width=\"104\">PETROBRAS<\/td>\n<td width=\"283\">Estudo de dano \u00e0 forma\u00e7\u00e3o com fluido aquoso \u00e0 base de glicerina e dimensionamento de part\u00edculas aplicadas em fluidos de perfura\u00e7\u00e3o<\/p>\n<p>Alexandre S\u00e9rvulo Lima Vaz Junior<\/p>\n<p>(1712\/2014 a 16\/12\/2016)<\/td>\n<td width=\"66\">Vigente<\/td>\n<td width=\"85\"><strong>\u00a0<\/strong><\/td>\n<td width=\"85\">R$ 923.739,60<\/td>\n<\/tr>\n<tr>\n<td width=\"104\">PETROBRAS<\/td>\n<td width=\"283\">Dimensionamento de part\u00edculas em fluidos de perfura\u00e7\u00e3o e previs\u00e3o de perda de produtividade em po\u00e7os causados pela invas\u00e3o de fluidos de perfura\u00e7\u00e3o(rede tem\u00e1tica de eng. de po\u00e7os).<\/p>\n<p>Alexandre S\u00e9rvulo Lima Vaz Junior<\/p>\n<p>(13\/05\/2014 a 12\/05\/2014)<\/td>\n<td width=\"66\">Encerrado em 2014<\/td>\n<td width=\"85\">&nbsp;<\/td>\n<td width=\"85\">R$ 822.566,80<\/td>\n<\/tr>\n<tr>\n<td width=\"104\">PETROBRAS<\/td>\n<td width=\"283\">Simula\u00e7\u00e3o numerica tridimencional de perfis resistivos em po\u00e7o na determina\u00e7\u00e3o da invas\u00e3o do filtrado do fluido de perfurta\u00e7\u00e3o em reservatorio de petroleo da Bacia de Campos<\/p>\n<p>Antonio Abel Gonz\u00e1lez Carrasquilla<\/p>\n<p>(16\/12\/2009 a 11\/12\/2014)<\/td>\n<td width=\"66\">Encerrado em 2014<\/td>\n<td width=\"85\">&nbsp;<\/td>\n<td width=\"85\">R$ 1.573.847,44<\/td>\n<\/tr>\n<tr>\n<td width=\"104\">PETROBRAS<\/td>\n<td width=\"283\">Montagem complementar do Laborat\u00f3rio de petrof\u00edsica e melhoria instrumental de um sistema eletromagn\u00e9tico a multifrequ\u00eancia.<\/p>\n<p>Fernando Sergio de Moraes<\/p>\n<p>(01\/12\/2010 a 20\/05\/2015)<\/p>\n<p>&nbsp;<\/td>\n<td width=\"66\">Vigente<\/td>\n<td width=\"85\">&nbsp;<\/td>\n<td width=\"85\">R$\u00a0999.600,00<\/td>\n<\/tr>\n<tr>\n<td width=\"104\">PETROBRAS<\/td>\n<td width=\"283\">Infer\u00eancia Petrof\u00edsica de Propriedades de Reservat\u00f3rios Carbon\u00e1ticos<\/p>\n<p>Fernando Sergio de Moraes<\/p>\n<p>(19\/12\/2012 a 18\/12\/2015)<\/td>\n<td width=\"66\">Vigente<\/td>\n<td width=\"85\">&nbsp;<\/td>\n<td width=\"85\">R$\u00a02.800.13,80<\/td>\n<\/tr>\n<tr>\n<td width=\"104\">PETROBRAS<\/td>\n<td width=\"283\">Conv\u00eanio PRH20-ANP\/Petrobras -2<\/p>\n<p>Andr\u00e9 Duarte Bueno<\/p>\n<p>(28\/03\/13 a 25\/06\/16)<\/td>\n<td width=\"66\">Vigente<\/td>\n<td width=\"85\">&nbsp;<\/td>\n<td width=\"85\">R$ 882.469,20<\/td>\n<\/tr>\n<tr>\n<td width=\"104\">PETROBRAS<\/td>\n<td width=\"283\">Conv\u00eanio PRH20-ANP\/Petrobras -3<\/p>\n<p>Andr\u00e9 Duarte Bueno<\/p>\n<p>(16\/04\/2013 a 13\/07\/2017)<\/p>\n<p>&nbsp;<\/td>\n<td width=\"66\">Vigente<\/td>\n<td width=\"85\">&nbsp;<\/td>\n<td width=\"85\">R$ 869.529,60<\/td>\n<\/tr>\n<tr>\n<td width=\"104\">PETROBRAS<\/td>\n<td width=\"283\">Fomento \u00e0 forma\u00e7\u00e3o de recursos humanos em Geof\u00edsica por meio da cria\u00e7\u00e3o do PRH-PB 226<\/p>\n<p>Fernando Sergio de Moraes<\/p>\n<p>(16\/04\/2013 a 16\/09\/2021)<\/td>\n<td width=\"66\">Vigente<\/td>\n<td width=\"85\">&nbsp;<\/td>\n<td width=\"85\">R$10.604.392,00<\/td>\n<\/tr>\n<tr>\n<td width=\"104\">PETROBRAS<\/td>\n<td width=\"283\">Modelagem do Acoplamento Po\u00e7o-Reservat\u00f3rio com Varia\u00e7\u00e3o de Propriedades Termodin\u00e2micas em Reservat\u00f3rios com Alto Teor de CO<sub>2<\/sub><\/p>\n<p>Andr\u00e9 Duarte Bueno<\/p>\n<p>(27\/05\/2013 a 25\/05\/2016)<\/td>\n<td width=\"66\">Vigente<\/td>\n<td width=\"85\">&nbsp;<\/td>\n<td width=\"85\">R$ 3.889.544,93<\/td>\n<\/tr>\n<tr>\n<td width=\"104\">PETROBRAS<\/td>\n<td width=\"283\">Invers\u00e3o Bayesiana de AVO aplicada \u00e0 explora\u00e7\u00e3o e ao desnvolvimento de reservat\u00f3rio<\/p>\n<p>Fernando Sergio de Moraes<\/p>\n<p>(26\/07\/2010 a 15\/06\/2015)<\/td>\n<td width=\"66\">Vigente<\/td>\n<td width=\"85\">&nbsp;<\/td>\n<td width=\"85\">R$ 2.058.496,00<\/td>\n<\/tr>\n<tr>\n<td width=\"104\">PETROBRAS<\/td>\n<td width=\"283\">Conv\u00eanio PRH20-ANP\/Petrobras -2<\/p>\n<p>Andr\u00e9 Duarte Bueno<\/p>\n<p>(26\/04\/2012 a 26\/06\/2014)<\/td>\n<td width=\"66\">Vigente<\/td>\n<td width=\"85\">&nbsp;<\/td>\n<td width=\"85\">R$ 589.219,20<\/td>\n<\/tr>\n<tr>\n<td width=\"104\">ANP<\/td>\n<td width=\"283\">Conv\u00eanio PRH20-ANP\/CTPETRO &#8211; Termo Aditivo C<\/p>\n<p>Andr\u00e9 Duarte Bueno<\/p>\n<p>(16\/09\/2014 a 17\/09\/2019)<\/td>\n<td width=\"66\">Vigente<\/td>\n<td width=\"85\">&nbsp;<\/td>\n<td width=\"85\">R$ 542.508,00<\/td>\n<\/tr>\n<tr>\n<td width=\"104\">CAPES<\/td>\n<td width=\"283\"><strong>PVE &#8211; Pesquisador Visitante<\/strong><\/p>\n<p><strong>Especial &#8211; <\/strong>Low Salinity Fines-Migration-Assisted Waterflooding: Mathematical modelling &amp; Reservoir prediction<\/p>\n<p>Alexandre S\u00e9rvulo Lima Vaz Junior<\/p>\n<p>(01\/07\/2014 a 30\/08\/2017)<\/td>\n<td width=\"66\">Vigente<\/td>\n<td width=\"85\">&nbsp;<\/td>\n<td width=\"85\">R$ 120.000,00<\/td>\n<\/tr>\n<tr>\n<td width=\"104\">CAPES<\/td>\n<td width=\"283\"><strong>PVE &#8211; Pesquisador Visitante Especial<\/strong><\/p>\n<p><strong>\u00a0<\/strong><\/p>\n<p><strong>\u00a0<\/strong><\/td>\n<td width=\"66\">&nbsp;<\/td>\n<td width=\"85\">&nbsp;<\/td>\n<td width=\"85\">&nbsp;<\/td>\n<\/tr>\n<tr>\n<td width=\"104\">CAPES<\/td>\n<td width=\"283\"><strong>PVE &#8211; Pesquisador Visitante Especial<\/strong><\/p>\n<p><strong>\u00a0<\/strong><\/p>\n<p>&nbsp;<\/td>\n<td width=\"66\">&nbsp;<\/td>\n<td width=\"85\">&nbsp;<\/td>\n<td width=\"85\">&nbsp;<\/td>\n<\/tr>\n<\/tbody>\n<\/table>\n<div>\n<hr align=\"left\" size=\"1\" width=\"33%\" \/>\n<div>\n<div>\n<p>&nbsp;<\/p>\n<\/div>\n<\/div>\n<\/div>\n","protected":false},"excerpt":{"rendered":"<p>INFORMA\u00c7\u00d5ES COMPLEMENTARES RELATIVAS AO ANO DE 2014 &nbsp; 12.1 &#8211; PROJETOS SUBMETIDOS EM 2014 Edital ou Empresa T\u00edtulo e Coordenador&#8230;<\/p>\n","protected":false},"author":6,"featured_media":0,"parent":0,"menu_order":8,"comment_status":"open","ping_status":"closed","template":"","meta":{"footnotes":""},"class_list":["post-63","page","type-page","status-publish","hentry"],"_links":{"self":[{"href":"https:\/\/uenf.br\/cct\/lenep-prh20anp\/wp-json\/wp\/v2\/pages\/63","targetHints":{"allow":["GET"]}}],"collection":[{"href":"https:\/\/uenf.br\/cct\/lenep-prh20anp\/wp-json\/wp\/v2\/pages"}],"about":[{"href":"https:\/\/uenf.br\/cct\/lenep-prh20anp\/wp-json\/wp\/v2\/types\/page"}],"author":[{"embeddable":true,"href":"https:\/\/uenf.br\/cct\/lenep-prh20anp\/wp-json\/wp\/v2\/users\/6"}],"replies":[{"embeddable":true,"href":"https:\/\/uenf.br\/cct\/lenep-prh20anp\/wp-json\/wp\/v2\/comments?post=63"}],"version-history":[{"count":0,"href":"https:\/\/uenf.br\/cct\/lenep-prh20anp\/wp-json\/wp\/v2\/pages\/63\/revisions"}],"wp:attachment":[{"href":"https:\/\/uenf.br\/cct\/lenep-prh20anp\/wp-json\/wp\/v2\/media?parent=63"}],"curies":[{"name":"wp","href":"https:\/\/api.w.org\/{rel}","templated":true}]}}