{"id":67,"date":"2010-11-09T16:36:47","date_gmt":"2010-11-09T16:36:47","guid":{"rendered":"http:\/\/uenf.br\/cct\/lenep-prh20anp\/"},"modified":"2010-11-09T16:36:47","modified_gmt":"2010-11-09T16:36:47","slug":"visitas-tecnicas","status":"publish","type":"page","link":"https:\/\/uenf.br\/cct\/lenep-prh20anp\/visitas-tecnicas\/","title":{"rendered":"VISITAS T\u00c9CNICAS"},"content":{"rendered":"<p>&nbsp;<\/p>\n<p style=\"text-align: center\"><a href=\"http:\/\/uenf.br\/cct\/lenep-prh20anp\/files\/2010\/11\/visita_clip_image002.jpg\"><img loading=\"lazy\" decoding=\"async\" class=\"aligncenter size-full wp-image-154\" src=\"http:\/\/uenf.br\/cct\/lenep-prh20anp\/files\/2010\/11\/visita_clip_image002.jpg\" alt=\"\" width=\"313\" height=\"51\" srcset=\"https:\/\/uenf.br\/cct\/lenep-prh20anp\/files\/2010\/11\/visita_clip_image002.jpg 313w, https:\/\/uenf.br\/cct\/lenep-prh20anp\/files\/2010\/11\/visita_clip_image002-300x48.jpg 300w\" sizes=\"auto, (max-width: 313px) 100vw, 313px\" \/><\/a><\/p>\n<p><strong>Visita ao Laborat\u00f3rio de Geologia da PETROBRAS, na Unidade de Neg\u00f3cios da Bacia de Campos (UN-BC), em Maca\u00e9 (RJ)<\/strong><\/p>\n<p><strong>Os alunos do 5o. per\u00edodo do curso de grdua\u00e7\u00e3o do<\/strong> LENEP\/UENF visitaram, no dia 05 de junho de 2006, o Laborat\u00f3rio de Geologia da PETROBRAS, na Unidade de Neg\u00f3cios da Bacia de Campos (UN-BC), em Maca\u00e9 (RJ), atrav\u00e9s da disciplina &#8220;Mineralogia e Petrologia das Rochas Reservat\u00f3rios&#8221;, ministrada pela Profa. Mar\u00edlia I. M. Barbosa.<\/p>\n<p style=\"text-align: justify\">Os alunos que participaram dessa visita t\u00e9cnica foram: Cl\u00e1udia, Daniele, Dayvison, Felipe, Jonathan, Juliana, Leandro Ferreira, Leandro Pinho, Luiz Afonso, M\u00f4nica, Peter, Priscia, Rita de C\u00e1ssia, Rondinely e Thiago. O Pesquisador Visitante do PRH-20 do LENEP Victor Hugo tamb\u00e9m participou dessa visita.<\/p>\n<p>O ge\u00f3logo Miguel Pittella ministrou uma elucidativa e esclarecedora palestra sobre a &#8220;Geologia da Bacia de Campos e suas Principais Rochas Reservat\u00f3rio&#8221;. Depois da palestra, foram perocorridos os diversos setores do Laborat\u00f3rio de Geologia, entre os quais, descri\u00e7\u00e3o de testemunhos de sondagens, lamina\u00e7\u00e3o, petrografia e petrof\u00edsica.<br \/>\nFicam registrados nossos agradecimentos aos funcion\u00e1rios da PETROBRAS pela receptividade calorosa e cordialidade de sempre, em especial Dra. Helga Voelcker, Chefe do Laborat\u00f3rio de Geologia.<\/p>\n<p style=\"text-align: center\"><a href=\"http:\/\/uenf.br\/cct\/lenep-prh20anp\/files\/2010\/11\/petrobras1.gif\"><img loading=\"lazy\" decoding=\"async\" class=\"aligncenter size-full wp-image-157\" src=\"http:\/\/uenf.br\/cct\/lenep-prh20anp\/files\/2010\/11\/petrobras1.gif\" alt=\"\" width=\"502\" height=\"377\" srcset=\"https:\/\/uenf.br\/cct\/lenep-prh20anp\/files\/2010\/11\/petrobras1.gif 502w, https:\/\/uenf.br\/cct\/lenep-prh20anp\/files\/2010\/11\/petrobras1-300x225.gif 300w\" sizes=\"auto, (max-width: 502px) 100vw, 502px\" \/><\/a><\/p>\n<p style=\"text-align: center\"><a href=\"http:\/\/uenf.br\/cct\/lenep-prh20anp\/files\/2010\/11\/link_clip_image0011.gif\"><img loading=\"lazy\" decoding=\"async\" class=\"aligncenter size-full wp-image-159\" src=\"http:\/\/uenf.br\/cct\/lenep-prh20anp\/files\/2010\/11\/link_clip_image0011.gif\" alt=\"\" width=\"183\" height=\"68\" \/><\/a><\/p>\n<p style=\"text-align: justify\"><strong>Visita t\u00e9cnica dos alunos do LENEP \u00e0 empresa COOPER CAMERON do Brasil \u2013 Unidade Maca\u00e9<\/strong><\/p>\n<p>Dando continuidade ao programa de visitas t\u00e9cnicas dos alunos do LENEP \u00e0s empresas do ramo da ind\u00fastria de petr\u00f3leo, coordenado pelos professores Mar\u00edlia Barbosa e Victor Hugo, os alunos do 7\u00ba per\u00edodo visitaram no dia 30\/06\/2006, as instala\u00e7\u00f5es da empresa COPPER CAMERON do Brasil \u2013 Unidade Maca\u00e9 que atua na fabrica\u00e7\u00e3o e manuten\u00e7\u00e3o de conjuntos de v\u00e1lvulas utilizadas nos po\u00e7os de produ\u00e7\u00e3o de petr\u00f3leo conhecidos como \u00e1rvores de natal.<br \/>\nParticiparam da visita t\u00e9cnica os seguintes alunos Abrah\u00e3o, Adelson, Allysson, Cristiano, Daniela, Diego, Douglas, Edivar, Eduardo, Fernando, Hugo, Josana, Koren, Leonardo, Manoela, Pablo, Renato, Rodrigo, Saulo, Thiago, e Vitor Nascimento.<\/p>\n<p>Os engenheiros de petr\u00f3leo Carlos Jofre (aftermarket sup. I), Leonardo Marques (coordenador I), ambos formados no LENEP, e o respons\u00e1vel pelo HS&amp;E (Seguran\u00e7a Sa\u00fade e Meio Ambiente) recepcionaram e ministraram brilhantes palestras aos alunos a respeito da atua\u00e7\u00e3o da empresa, bem como e sua preocupa\u00e7\u00e3o com o meio ambiente, seguran\u00e7a e bem estar do profissional. Em seguida, foram visitados os diversos setores da empresa, e a estrutura oferecida aos clientes, principalmente a PETROBR\u00c1S, de manuten\u00e7\u00e3o de equipamentos utilizados na explora\u00e7\u00e3o de petr\u00f3leo off-shore na Bacia de Campos.<\/p>\n<p style=\"text-align: center\"><a href=\"http:\/\/uenf.br\/cct\/lenep-prh20anp\/files\/2010\/11\/cameron1.gif\"><img loading=\"lazy\" decoding=\"async\" class=\"aligncenter size-full wp-image-161\" src=\"http:\/\/uenf.br\/cct\/lenep-prh20anp\/files\/2010\/11\/cameron1.gif\" alt=\"\" width=\"589\" height=\"442\" srcset=\"https:\/\/uenf.br\/cct\/lenep-prh20anp\/files\/2010\/11\/cameron1.gif 589w, https:\/\/uenf.br\/cct\/lenep-prh20anp\/files\/2010\/11\/cameron1-300x225.gif 300w\" sizes=\"auto, (max-width: 589px) 100vw, 589px\" \/><\/a><\/p>\n<p style=\"text-align: center\"><a href=\"http:\/\/uenf.br\/cct\/lenep-prh20anp\/files\/2010\/11\/cameron2.gif\"><img loading=\"lazy\" decoding=\"async\" class=\"aligncenter size-full wp-image-162\" src=\"http:\/\/uenf.br\/cct\/lenep-prh20anp\/files\/2010\/11\/cameron2.gif\" alt=\"\" width=\"589\" height=\"442\" srcset=\"https:\/\/uenf.br\/cct\/lenep-prh20anp\/files\/2010\/11\/cameron2.gif 589w, https:\/\/uenf.br\/cct\/lenep-prh20anp\/files\/2010\/11\/cameron2-300x225.gif 300w\" sizes=\"auto, (max-width: 589px) 100vw, 589px\" \/><\/a><\/p>\n<p style=\"text-align: justify\"><a href=\"http:\/\/uenf.br\/cct\/lenep-prh20anp\/files\/2010\/11\/cameron3.gif\"><\/a><\/p>\n<p style=\"text-align: center\"><a href=\"http:\/\/uenf.br\/cct\/lenep-prh20anp\/files\/2010\/11\/cameron4.gif\"><img loading=\"lazy\" decoding=\"async\" class=\"aligncenter size-full wp-image-164\" src=\"http:\/\/uenf.br\/cct\/lenep-prh20anp\/files\/2010\/11\/cameron4.gif\" alt=\"\" width=\"589\" height=\"442\" srcset=\"https:\/\/uenf.br\/cct\/lenep-prh20anp\/files\/2010\/11\/cameron4.gif 589w, https:\/\/uenf.br\/cct\/lenep-prh20anp\/files\/2010\/11\/cameron4-300x225.gif 300w\" sizes=\"auto, (max-width: 589px) 100vw, 589px\" \/><\/a><\/p>\n<p style=\"text-align: justify\"><a href=\"http:\/\/uenf.br\/cct\/lenep-prh20anp\/files\/2010\/11\/visita_clip_image002_0000.jpg\"><img loading=\"lazy\" decoding=\"async\" class=\"aligncenter size-full wp-image-165\" src=\"http:\/\/uenf.br\/cct\/lenep-prh20anp\/files\/2010\/11\/visita_clip_image002_0000.jpg\" alt=\"\" width=\"133\" height=\"100\" \/><\/a><\/p>\n<p><strong>Visita t\u00e9cnica dos alunos do LENEP ao Rio Oil &amp; Gas 2006 Conference<\/strong><\/p>\n<p style=\"text-align: justify\">Como principal evento de Petr\u00f3leo e G\u00e1s da Am\u00e9rica Latina, a Rio Oil &amp; Gas Expo and Conference foi realizada entre os dias 11 e 14 de setembro de 2006, no Centro de Conven\u00e7\u00f5es do Riocentro, Rio de Janeiro. Nesse evento foi poss\u00edvel 60 (sessenta) alunos do LENEP participar da visita guiada pelo IBP (Instituto Brasileiro de Petr\u00f3leo), onde puderam conhecer diversas empresas da ind\u00fastria de petr\u00f3leo, tendo um contato direto com profissionais das mais variadas empresas (como a PETROBRAS, SHELL, MAU\u00c1- JURONG, REPSOL). A visita contou com a participa\u00e7\u00e3o de tr\u00eas professores-coordenadores da visita sendo: Adolfo Pu\u00edme, Andr\u00e9 Bueno e Victor Hugo.<\/p>\n<p style=\"text-align: justify\"><a href=\"http:\/\/uenf.br\/cct\/lenep-prh20anp\/files\/2010\/11\/oilgas1.gif\"><img loading=\"lazy\" decoding=\"async\" class=\"aligncenter size-full wp-image-167\" src=\"http:\/\/uenf.br\/cct\/lenep-prh20anp\/files\/2010\/11\/oilgas1.gif\" alt=\"\" width=\"451\" height=\"339\" srcset=\"https:\/\/uenf.br\/cct\/lenep-prh20anp\/files\/2010\/11\/oilgas1.gif 451w, https:\/\/uenf.br\/cct\/lenep-prh20anp\/files\/2010\/11\/oilgas1-300x225.gif 300w\" sizes=\"auto, (max-width: 451px) 100vw, 451px\" \/><\/a><\/p>\n<p style=\"text-align: justify\"><a href=\"http:\/\/uenf.br\/cct\/lenep-prh20anp\/files\/2010\/11\/oilgas2.gif\"><img loading=\"lazy\" decoding=\"async\" class=\"aligncenter size-full wp-image-168\" src=\"http:\/\/uenf.br\/cct\/lenep-prh20anp\/files\/2010\/11\/oilgas2.gif\" alt=\"\" width=\"451\" height=\"339\" srcset=\"https:\/\/uenf.br\/cct\/lenep-prh20anp\/files\/2010\/11\/oilgas2.gif 451w, https:\/\/uenf.br\/cct\/lenep-prh20anp\/files\/2010\/11\/oilgas2-300x225.gif 300w\" sizes=\"auto, (max-width: 451px) 100vw, 451px\" \/><\/a><\/p>\n<p style=\"text-align: justify\"><a href=\"http:\/\/uenf.br\/cct\/lenep-prh20anp\/files\/2010\/11\/oilgas3.gif\"><img loading=\"lazy\" decoding=\"async\" class=\"aligncenter size-full wp-image-169\" src=\"http:\/\/uenf.br\/cct\/lenep-prh20anp\/files\/2010\/11\/oilgas3.gif\" alt=\"\" width=\"451\" height=\"339\" srcset=\"https:\/\/uenf.br\/cct\/lenep-prh20anp\/files\/2010\/11\/oilgas3.gif 451w, https:\/\/uenf.br\/cct\/lenep-prh20anp\/files\/2010\/11\/oilgas3-300x225.gif 300w\" sizes=\"auto, (max-width: 451px) 100vw, 451px\" \/><\/a><\/p>\n<p style=\"text-align: justify\"><a href=\"http:\/\/uenf.br\/cct\/lenep-prh20anp\/files\/2010\/11\/oilgas4.gif\"><\/a><\/p>\n<p style=\"text-align: justify\"><a href=\"http:\/\/uenf.br\/cct\/lenep-prh20anp\/files\/2010\/11\/oilgas5.gif\"><img loading=\"lazy\" decoding=\"async\" class=\"aligncenter size-full wp-image-171\" src=\"http:\/\/uenf.br\/cct\/lenep-prh20anp\/files\/2010\/11\/oilgas5.gif\" alt=\"\" width=\"451\" height=\"339\" srcset=\"https:\/\/uenf.br\/cct\/lenep-prh20anp\/files\/2010\/11\/oilgas5.gif 451w, https:\/\/uenf.br\/cct\/lenep-prh20anp\/files\/2010\/11\/oilgas5-300x225.gif 300w\" sizes=\"auto, (max-width: 451px) 100vw, 451px\" \/><\/a><\/p>\n<p style=\"text-align: justify\"><a href=\"http:\/\/uenf.br\/cct\/lenep-prh20anp\/files\/2010\/11\/oilgas6.gif\"><img loading=\"lazy\" decoding=\"async\" class=\"aligncenter size-full wp-image-172\" src=\"http:\/\/uenf.br\/cct\/lenep-prh20anp\/files\/2010\/11\/oilgas6.gif\" alt=\"\" width=\"451\" height=\"339\" srcset=\"https:\/\/uenf.br\/cct\/lenep-prh20anp\/files\/2010\/11\/oilgas6.gif 451w, https:\/\/uenf.br\/cct\/lenep-prh20anp\/files\/2010\/11\/oilgas6-300x225.gif 300w\" sizes=\"auto, (max-width: 451px) 100vw, 451px\" \/><\/a><\/p>\n<p style=\"text-align: justify\">&nbsp;<\/p>\n<p style=\"text-align: justify\"><a href=\"http:\/\/uenf.br\/cct\/lenep-prh20anp\/files\/2010\/11\/link_clip_image0021.gif\"><img loading=\"lazy\" decoding=\"async\" class=\"aligncenter size-full wp-image-173\" src=\"http:\/\/uenf.br\/cct\/lenep-prh20anp\/files\/2010\/11\/link_clip_image0021.gif\" alt=\"\" width=\"139\" height=\"85\" \/><\/a><\/p>\n<p><strong>Visita t\u00e9cnica dos alunos do LENEP a Backer Hughes &#8211; Unidade de Maca\u00e9.<\/strong><\/p>\n<p style=\"text-align: justify\">O programa de visitas t\u00e9cnicas dos alunos do LENEP \u00e0s empresas do ramo da ind\u00fastria de petr\u00f3leo, coordenado pelos professores Mar\u00edlia Barbosa e Victor Hugo (PV do PRH-20\/ANP), teve continuidade no dia 18 de novembro de 2006nas instala\u00e7\u00f5es da empresa Baker Hughes do Brasil \u2013 Unidade Maca\u00e9 que atua na fabrica\u00e7\u00e3o e manuten\u00e7\u00e3o de conjuntos de v\u00e1lvulas utilizadas nos po\u00e7os de produ\u00e7\u00e3o de petr\u00f3leo conhecidos como \u00e1rvores de natal.<br \/>\nParticiparam da visita t\u00e9cnica os seguintes alunos: Abrah\u00e3o, Adelson, Allysson, Cristiano, Daniela, Diego, Douglas, Edivar, Eduardo, Fernando, Hugo, Josana, Koren, Leonardo, Manoela, Pablo, Renato, Rodrigo, Saulo, Thiago, e Vitor Nascimento.<br \/>\nA visita foi orientada pela ge\u00f3loga Rose Mary e os engenheiros Marcos Freesz, e Ivonaldo J\u00fanior com brilhantes palestras sobre brocas de perfura\u00e7\u00e3o e perfilagem. Bem como, a visita ao p\u00e1tio de equipamentos, que foi muito esclarecedora. Parab\u00e9ns pela qualidade dos servi\u00e7os e principalmente pela compet\u00eancia no desenvolvimento de tecnologia nos trabalhos dos engenheiros e ge\u00f3logos da Baker Hughes na Unidade de Maca\u00e9, na explora\u00e7\u00e3o de petr\u00f3leo na Bacia de Campos.<\/p>\n<p style=\"text-align: justify\"><a href=\"http:\/\/uenf.br\/cct\/lenep-prh20anp\/files\/2010\/11\/baker1.gif\"><img loading=\"lazy\" decoding=\"async\" class=\"aligncenter size-full wp-image-174\" src=\"http:\/\/uenf.br\/cct\/lenep-prh20anp\/files\/2010\/11\/baker1.gif\" alt=\"\" width=\"590\" height=\"443\" srcset=\"https:\/\/uenf.br\/cct\/lenep-prh20anp\/files\/2010\/11\/baker1.gif 590w, https:\/\/uenf.br\/cct\/lenep-prh20anp\/files\/2010\/11\/baker1-300x225.gif 300w\" sizes=\"auto, (max-width: 590px) 100vw, 590px\" \/><\/a><\/p>\n<p style=\"text-align: justify\"><a href=\"http:\/\/uenf.br\/cct\/lenep-prh20anp\/files\/2010\/11\/baker2.gif\"><img loading=\"lazy\" decoding=\"async\" class=\"aligncenter size-full wp-image-175\" src=\"http:\/\/uenf.br\/cct\/lenep-prh20anp\/files\/2010\/11\/baker2.gif\" alt=\"\" width=\"590\" height=\"443\" \/><\/a><\/p>\n<p style=\"text-align: justify\"><a href=\"http:\/\/uenf.br\/cct\/lenep-prh20anp\/files\/2010\/11\/baker3.gif\"><img loading=\"lazy\" decoding=\"async\" class=\"aligncenter size-full wp-image-176\" src=\"http:\/\/uenf.br\/cct\/lenep-prh20anp\/files\/2010\/11\/baker3.gif\" alt=\"\" width=\"590\" height=\"443\" \/><\/a><\/p>\n<p style=\"text-align: justify\"><a href=\"http:\/\/uenf.br\/cct\/lenep-prh20anp\/files\/2010\/11\/baker4.gif\"><img loading=\"lazy\" decoding=\"async\" class=\"aligncenter size-full wp-image-177\" src=\"http:\/\/uenf.br\/cct\/lenep-prh20anp\/files\/2010\/11\/baker4.gif\" alt=\"\" width=\"590\" height=\"443\" \/><\/a><\/p>\n<p style=\"text-align: justify\"><a href=\"http:\/\/uenf.br\/cct\/lenep-prh20anp\/files\/2010\/11\/baker5.gif\"><img loading=\"lazy\" decoding=\"async\" class=\"aligncenter size-full wp-image-178\" src=\"http:\/\/uenf.br\/cct\/lenep-prh20anp\/files\/2010\/11\/baker5.gif\" alt=\"\" width=\"590\" height=\"443\" \/><\/a><\/p>\n<p style=\"text-align: justify\"><a href=\"http:\/\/uenf.br\/cct\/lenep-prh20anp\/files\/2010\/11\/baker7.gif\"><img loading=\"lazy\" decoding=\"async\" class=\"aligncenter size-full wp-image-179\" src=\"http:\/\/uenf.br\/cct\/lenep-prh20anp\/files\/2010\/11\/baker7.gif\" alt=\"\" width=\"590\" height=\"443\" \/><\/a><\/p>\n<p style=\"text-align: justify\">&nbsp;<\/p>\n","protected":false},"excerpt":{"rendered":"<p>&nbsp; Visita ao Laborat\u00f3rio de Geologia da PETROBRAS, na Unidade de Neg\u00f3cios da Bacia de Campos (UN-BC), em Maca\u00e9 (RJ)&#8230;<\/p>\n","protected":false},"author":6,"featured_media":0,"parent":0,"menu_order":9,"comment_status":"open","ping_status":"closed","template":"","meta":{"footnotes":""},"class_list":["post-67","page","type-page","status-publish","hentry"],"_links":{"self":[{"href":"https:\/\/uenf.br\/cct\/lenep-prh20anp\/wp-json\/wp\/v2\/pages\/67","targetHints":{"allow":["GET"]}}],"collection":[{"href":"https:\/\/uenf.br\/cct\/lenep-prh20anp\/wp-json\/wp\/v2\/pages"}],"about":[{"href":"https:\/\/uenf.br\/cct\/lenep-prh20anp\/wp-json\/wp\/v2\/types\/page"}],"author":[{"embeddable":true,"href":"https:\/\/uenf.br\/cct\/lenep-prh20anp\/wp-json\/wp\/v2\/users\/6"}],"replies":[{"embeddable":true,"href":"https:\/\/uenf.br\/cct\/lenep-prh20anp\/wp-json\/wp\/v2\/comments?post=67"}],"version-history":[{"count":0,"href":"https:\/\/uenf.br\/cct\/lenep-prh20anp\/wp-json\/wp\/v2\/pages\/67\/revisions"}],"wp:attachment":[{"href":"https:\/\/uenf.br\/cct\/lenep-prh20anp\/wp-json\/wp\/v2\/media?parent=67"}],"curies":[{"name":"wp","href":"https:\/\/api.w.org\/{rel}","templated":true}]}}