{"id":125,"date":"2020-11-20T11:18:08","date_gmt":"2020-11-20T14:18:08","guid":{"rendered":"http:\/\/uenf.br\/cct\/lenep-prh25-anp-finep\/?page_id=125"},"modified":"2020-11-25T06:57:27","modified_gmt":"2020-11-25T09:57:27","slug":"estimativa-da-composicao-mineralogica-analise-microscopica-analise-digital-de-imagens-e-integrada","status":"publish","type":"page","link":"https:\/\/uenf.br\/cct\/lenep-prh25-anp-finep\/projetos\/estimativa-da-composicao-mineralogica-analise-microscopica-analise-digital-de-imagens-e-integrada\/","title":{"rendered":"Estimativa da composi\u00e7\u00e3o mineral\u00f3gica, an\u00e1lise microsc\u00f3pica, an\u00e1lise digital de imagens e integrada"},"content":{"rendered":"<h2><span lang=\"pt-BR\">Caracteriza\u00e7\u00e3o Petrof\u00edsica de Amostras Carbon\u00e1ticas a partir de An\u00e1lise Digital de Imagens de L\u00e2minas Petrogr\u00e1ficas e Difra\u00e7\u00e3o de Raios-X<\/span><\/h2>\n<p class=\"western\">Bolsista:\u00a0 David Henrique Lima Dias\u00a0\u00a0\u00a0\u00a0\u00a0\u00a0 Contato:\u00a0 <a class=\"western\" href=\"mailto:daviddias@lenep.uenf.br\">daviddias@lenep.uenf.br<\/a><\/p>\n<p class=\"western\">Orientador:\u00a0 Marco Ant\u00f4nio Ceia<\/p>\n<p class=\"western\"><span lang=\"pt-BR\">RESUMO<\/span><\/p>\n<p class=\"western\" align=\"justify\"><span lang=\"pt-BR\">Este trabalho tem por objetivo determinar informa\u00e7\u00f5es petrof\u00edsicas a partir de l\u00e2minas petrogr\u00e1ficas e experimentos de Difra\u00e7\u00e3o de Raios-X. Utilizando recursos de An\u00e1lise Digital de Imagens obtidas atrav\u00e9s de microscopia \u00f3tica \u00e9 poss\u00edvel mapear o espa\u00e7o poroso das se\u00e7\u00f5es delgadas das rochas e inferir: a porosidade, a distribui\u00e7\u00e3o de tamanho de poros, a distribui\u00e7\u00e3o de raz\u00e3o de aspecto e outros par\u00e2metros geom\u00e9tricos dos poros (gama, Per\u00edmetro\/\u00c1rea, \u00e1rea de superf\u00edcie espec\u00edfica, tortuosidade, etc.). Com essas informa\u00e7\u00f5es ser\u00e1 poss\u00edvel predizer a microporosidade, a permeabilidade (utilizando rela\u00e7\u00f5es entre porosidade e permeabilidade) e calibrar modelos de f\u00edsica de rochas para a determina\u00e7\u00e3o das velocidades el\u00e1sticas e compar\u00e1-las com os resultados da caracteriza\u00e7\u00e3o petrof\u00edsica dos plugues das mesmas rochas (porosidade a g\u00e1s, permeabilidade a g\u00e1s, velocidades el\u00e1sticas, etc.). A difra\u00e7\u00e3o de raios-X ir\u00e1 prover a determina\u00e7\u00e3o do conte\u00fado mineral das amostras contribuindo para a estimativa dos m\u00f3dulos el\u00e1sticos minerais e da densidade de gr\u00e3os.<\/span><\/p>\n<p>EQUIPAMENTOS<\/p>\n<p class=\"western\" align=\"justify\"><span lang=\"pt-BR\"><b>Difrat\u00f4metro de Raios-X<\/b><\/span><span lang=\"pt-BR\">, a an\u00e1lise da Composi\u00e7\u00e3o Mineral\u00f3gica ser\u00e1 feita atrav\u00e9s da t\u00e9cnica de Difra\u00e7\u00e3o de Raios-X, a qual associa padr\u00f5es caracter\u00edsticos observados nos difratogramas com os minerais presentes na amostra. O m\u00e9todo de Rietveld (Archilha, 2015) possibilita a infer\u00eancia quantitativa da distribui\u00e7\u00e3o proporcional destes minerais, consolidando a composi\u00e7\u00e3o mineral\u00f3gica das amostras analisadas.<\/span><\/p>\n<p class=\"western\" align=\"justify\"><span lang=\"pt-BR\"><b>Software Fiji\/ImageJ,<\/b><\/span><span lang=\"pt-BR\"> utilizado para an\u00e1lise digital de imagem. Esta an\u00e1lise visa analisar a geometria do espa\u00e7o poroso das amostras de rochas atrav\u00e9s do <\/span><span lang=\"pt-BR\"><b>Microsc\u00f3pio \u00d3tico<\/b><\/span><span lang=\"pt-BR\">. Geralmente, consiste na segmenta\u00e7\u00e3o de uma imagem colorida obtida atrav\u00e9s de diferentes t\u00e9cnicas de microscopia. Desta forma, \u00e9 poss\u00edvel criar uma imagem que ressalte a diferencia\u00e7\u00e3o entre a matriz e o espa\u00e7o poroso (Lima Neto, 2015). A raz\u00e3o entre a contagem do n\u00famero de pixels correspondente ao espa\u00e7o poroso sobre o n\u00famero total de pixels da imagem fornece a porosidade da rocha. Diversas t\u00e9cnicas de an\u00e1lise da geometria dos poros podem ser utilizadas para prover caracteriza\u00e7\u00e3o geom\u00e9trica do espa\u00e7o poroso. Tiab &amp; Donaldson (2004), descrevem detalhes acerca da utiliza\u00e7\u00e3o desta t\u00e9cnica para estimativa da \u00e1rea de superf\u00edcie espec\u00edfica enquanto Oliveira (2019) descreve a utiliza\u00e7\u00e3o da DIA para estimativa da tortuosidade<\/span><\/p>\n<p align=\"justify\"><img loading=\"lazy\" decoding=\"async\" class=\"aligncenter wp-image-136 size-full\" src=\"http:\/\/uenf.br\/cct\/lenep-prh25-anp-finep\/files\/2020\/11\/David02-1.jpg\" alt=\"\" width=\"700\" height=\"446\" srcset=\"https:\/\/uenf.br\/cct\/lenep-prh25-anp-finep\/files\/2020\/11\/David02-1.jpg 700w, https:\/\/uenf.br\/cct\/lenep-prh25-anp-finep\/files\/2020\/11\/David02-1-300x191.jpg 300w, https:\/\/uenf.br\/cct\/lenep-prh25-anp-finep\/files\/2020\/11\/David02-1-150x96.jpg 150w, https:\/\/uenf.br\/cct\/lenep-prh25-anp-finep\/files\/2020\/11\/David02-1-400x255.jpg 400w\" sizes=\"auto, (max-width: 700px) 100vw, 700px\" \/><\/p>\n<p align=\"justify\"><img loading=\"lazy\" decoding=\"async\" class=\"aligncenter wp-image-134 size-full\" src=\"http:\/\/uenf.br\/cct\/lenep-prh25-anp-finep\/files\/2020\/11\/David03.jpg\" alt=\"\" width=\"700\" height=\"489\" srcset=\"https:\/\/uenf.br\/cct\/lenep-prh25-anp-finep\/files\/2020\/11\/David03.jpg 700w, https:\/\/uenf.br\/cct\/lenep-prh25-anp-finep\/files\/2020\/11\/David03-300x210.jpg 300w, https:\/\/uenf.br\/cct\/lenep-prh25-anp-finep\/files\/2020\/11\/David03-150x105.jpg 150w, https:\/\/uenf.br\/cct\/lenep-prh25-anp-finep\/files\/2020\/11\/David03-400x279.jpg 400w\" sizes=\"auto, (max-width: 700px) 100vw, 700px\" \/><\/p>\n<p align=\"justify\"><img loading=\"lazy\" decoding=\"async\" class=\"aligncenter wp-image-135 size-full\" src=\"http:\/\/uenf.br\/cct\/lenep-prh25-anp-finep\/files\/2020\/11\/David04.jpg\" alt=\"\" width=\"700\" height=\"494\" srcset=\"https:\/\/uenf.br\/cct\/lenep-prh25-anp-finep\/files\/2020\/11\/David04.jpg 700w, https:\/\/uenf.br\/cct\/lenep-prh25-anp-finep\/files\/2020\/11\/David04-300x212.jpg 300w, https:\/\/uenf.br\/cct\/lenep-prh25-anp-finep\/files\/2020\/11\/David04-150x106.jpg 150w, https:\/\/uenf.br\/cct\/lenep-prh25-anp-finep\/files\/2020\/11\/David04-400x282.jpg 400w\" sizes=\"auto, (max-width: 700px) 100vw, 700px\" \/><\/p>\n<p align=\"justify\"><img loading=\"lazy\" decoding=\"async\" class=\"aligncenter wp-image-133 size-full\" src=\"http:\/\/uenf.br\/cct\/lenep-prh25-anp-finep\/files\/2020\/11\/David01.jpg\" alt=\"\" width=\"700\" height=\"525\" srcset=\"https:\/\/uenf.br\/cct\/lenep-prh25-anp-finep\/files\/2020\/11\/David01.jpg 700w, https:\/\/uenf.br\/cct\/lenep-prh25-anp-finep\/files\/2020\/11\/David01-300x225.jpg 300w, https:\/\/uenf.br\/cct\/lenep-prh25-anp-finep\/files\/2020\/11\/David01-150x113.jpg 150w, https:\/\/uenf.br\/cct\/lenep-prh25-anp-finep\/files\/2020\/11\/David01-400x300.jpg 400w\" sizes=\"auto, (max-width: 700px) 100vw, 700px\" \/><\/p>\n<p align=\"justify\">\n","protected":false},"excerpt":{"rendered":"<p>Caracteriza\u00e7\u00e3o Petrof\u00edsica de Amostras Carbon\u00e1ticas a partir de An\u00e1lise Digital de Imagens de L\u00e2minas Petrogr\u00e1ficas e Difra\u00e7\u00e3o de Raios-X Bolsista:\u00a0&#8230;<\/p>\n","protected":false},"author":28,"featured_media":0,"parent":39,"menu_order":0,"comment_status":"closed","ping_status":"closed","template":"","meta":{"footnotes":""},"class_list":["post-125","page","type-page","status-publish","hentry"],"_links":{"self":[{"href":"https:\/\/uenf.br\/cct\/lenep-prh25-anp-finep\/wp-json\/wp\/v2\/pages\/125","targetHints":{"allow":["GET"]}}],"collection":[{"href":"https:\/\/uenf.br\/cct\/lenep-prh25-anp-finep\/wp-json\/wp\/v2\/pages"}],"about":[{"href":"https:\/\/uenf.br\/cct\/lenep-prh25-anp-finep\/wp-json\/wp\/v2\/types\/page"}],"author":[{"embeddable":true,"href":"https:\/\/uenf.br\/cct\/lenep-prh25-anp-finep\/wp-json\/wp\/v2\/users\/28"}],"replies":[{"embeddable":true,"href":"https:\/\/uenf.br\/cct\/lenep-prh25-anp-finep\/wp-json\/wp\/v2\/comments?post=125"}],"version-history":[{"count":0,"href":"https:\/\/uenf.br\/cct\/lenep-prh25-anp-finep\/wp-json\/wp\/v2\/pages\/125\/revisions"}],"up":[{"embeddable":true,"href":"https:\/\/uenf.br\/cct\/lenep-prh25-anp-finep\/wp-json\/wp\/v2\/pages\/39"}],"wp:attachment":[{"href":"https:\/\/uenf.br\/cct\/lenep-prh25-anp-finep\/wp-json\/wp\/v2\/media?parent=125"}],"curies":[{"name":"wp","href":"https:\/\/api.w.org\/{rel}","templated":true}]}}