{"id":139,"date":"2020-11-23T06:59:46","date_gmt":"2020-11-23T09:59:46","guid":{"rendered":"http:\/\/uenf.br\/cct\/lenep-prh25-anp-finep\/?page_id=139"},"modified":"2020-11-25T07:00:26","modified_gmt":"2020-11-25T10:00:26","slug":"modelagem-fisica-e-petrofisica-de-reservatorios","status":"publish","type":"page","link":"https:\/\/uenf.br\/cct\/lenep-prh25-anp-finep\/projetos\/modelagem-fisica-e-petrofisica-de-reservatorios\/","title":{"rendered":"Modelagem F\u00edsica e Petrof\u00edsica de Reservat\u00f3rios"},"content":{"rendered":"<h2 align=\"justify\"><span lang=\"pt-BR\">Determina\u00e7\u00e3o de caracter\u00edsticas petrof\u00edsicas de reservat\u00f3rio, a partir da resistividade espectral de testemunhos de bacias petrol\u00edferas, de reservat\u00f3rios an\u00e1logos, de amostras sint\u00e9ticas e amostras-padr\u00e3o.<\/span><\/h2>\n<p>&nbsp;<\/p>\n<p class=\"western\">Bolsista: Marcelo de Souza Bernardo\u00a0\u00a0\u00a0\u00a0\u00a0\u00a0\u00a0\u00a0\u00a0\u00a0\u00a0\u00a0 Contato:\u00a0 <a class=\"western\" href=\"MarceloBernardo@lenep.uenf.br\">MarceloBernardo@lenep.uenf.br<\/a><\/p>\n<p class=\"western\">Orientador:\u00a0<span lang=\"pt-BR\">Victor Hugo Santos<\/span><\/p>\n<p>&nbsp;<\/p>\n<p class=\"western\"><span lang=\"pt-BR\">RESUMO<\/span><\/p>\n<p align=\"justify\"><span lang=\"pt-BR\">O presente projeto tem como intuito principal conduzir a pesquisa a partir de estudos experimentais de modelagem f\u00edsica e petrof\u00edsica, como suporte \u00e0 aplica\u00e7\u00f5es de caracteriza\u00e7\u00e3o e monitoramento s\u00edsmico de reservat\u00f3rio. O estudo de modelagem f\u00edsica visa \u00e0 aquisi\u00e7\u00e3o de dados time-lapse (monitor e baseline) em escala ultrass\u00f4nica, ambos densamente amostrados com repetibilidade e subamostrados sem repetibilidade, e o processamento para obten\u00e7\u00e3o de se\u00e7\u00f5es 2D stacked. Estes dados servir\u00e3o de base para investigar t\u00e9cnicas de amostragem e processamento compressivo (compressive sensing (cs)), voltados para a melhoria da qualidade e efici\u00eancia no tratamento do sinal s\u00edsmico. Nesta proposta, tamb\u00e9m est\u00e1 sendo contemplado a montagem de um sistema de modelagem s\u00edsmica para aquisi\u00e7\u00e3o de dados 2D multicanal em laborat\u00f3rio. Este sistema propiciar\u00e1 \u00e0 aquisi\u00e7\u00e3o n\u00e3o convencional de dados s\u00edsmicos, redu\u00e7\u00e3o do tempo de aquisi\u00e7\u00e3o e incremento da redund\u00e2ncia do dado, que s\u00e3o importantes para o monitoramento do fluxo de fluidos dentro do reservat\u00f3rio. A investiga\u00e7\u00e3o petrof\u00edsica ser\u00e1 desenvolvida a partir da realiza\u00e7\u00e3o de ensaios em amostras de rochas, a serem determinadas pela Petrobras, para estimativa de velocidades el\u00e1sticas em diferentes cen\u00e1rios de satura\u00e7\u00e3o de fluidos, simulando uma aquisi\u00e7\u00e3o time-lapse.<\/span><\/p>\n<p class=\"western\"><span lang=\"pt-BR\">EQUIPAMENTOS<\/span><b><\/b><\/p>\n<p align=\"justify\"><span lang=\"pt-BR\"><b>Difrat\u00f4metro de Raio X<\/b><\/span> <span lang=\"pt-BR\"><b>e Espectr\u00f4metro por Fluoresc\u00eancia de Raio X<\/b><\/span> <span lang=\"pt-BR\">ser\u00e3o amplamente utilizados para caracteriza\u00e7\u00e3o de uma parte da amostra. Alternativamente, esta parte poder\u00e1 ser feita utilizando-se fragmentos das pr\u00f3prias amostras, caso estejam dispon\u00edveis. A parte restante ser\u00e3o os plugues a serem usados nos ensaios. Os primeiros visam \u00e0 caracteriza\u00e7\u00e3o petrof\u00edsica das amostras secas, fornecendo informa\u00e7\u00f5es de porosidade, permeabilidade, velocidade de ondas P e S. Um imageamento do sistema poroso usando micro tomografia de raios-X (\u00b5CT) tamb\u00e9m est\u00e1 planejado e ir\u00e1 contribuir para a identifica\u00e7\u00e3o da micro-porosidade (Archilha et al., 2016).<\/span><\/p>\n<p align=\"justify\"><span lang=\"pt-BR\"><b>O sistema de F\u00edsica de Rochas da UENF\/LENEP<\/b><\/span> <span lang=\"pt-BR\">ser\u00e1 utilizado nestes ensaios de monitoramento das velocidades. Com este sistema pode-se determinar as velocidades das ondas P (Vp) e S (Vs) no eixo axial e em 2 eixos radiais perpendiculares.<\/span><\/p>\n<p><img loading=\"lazy\" decoding=\"async\" class=\"alignnone wp-image-141 size-full\" src=\"http:\/\/uenf.br\/cct\/lenep-prh25-anp-finep\/files\/2020\/11\/fig1.jpg\" alt=\"\" width=\"700\" height=\"325\" srcset=\"https:\/\/uenf.br\/cct\/lenep-prh25-anp-finep\/files\/2020\/11\/fig1.jpg 700w, https:\/\/uenf.br\/cct\/lenep-prh25-anp-finep\/files\/2020\/11\/fig1-300x139.jpg 300w, https:\/\/uenf.br\/cct\/lenep-prh25-anp-finep\/files\/2020\/11\/fig1-150x70.jpg 150w, https:\/\/uenf.br\/cct\/lenep-prh25-anp-finep\/files\/2020\/11\/fig1-400x186.jpg 400w\" sizes=\"auto, (max-width: 700px) 100vw, 700px\" \/><img loading=\"lazy\" decoding=\"async\" class=\"alignnone wp-image-142 size-full\" src=\"http:\/\/uenf.br\/cct\/lenep-prh25-anp-finep\/files\/2020\/11\/fig2.jpg\" alt=\"\" width=\"700\" height=\"568\" srcset=\"https:\/\/uenf.br\/cct\/lenep-prh25-anp-finep\/files\/2020\/11\/fig2.jpg 700w, https:\/\/uenf.br\/cct\/lenep-prh25-anp-finep\/files\/2020\/11\/fig2-300x243.jpg 300w, https:\/\/uenf.br\/cct\/lenep-prh25-anp-finep\/files\/2020\/11\/fig2-150x122.jpg 150w, https:\/\/uenf.br\/cct\/lenep-prh25-anp-finep\/files\/2020\/11\/fig2-400x325.jpg 400w\" sizes=\"auto, (max-width: 700px) 100vw, 700px\" \/><\/p>\n","protected":false},"excerpt":{"rendered":"<p>Determina\u00e7\u00e3o de caracter\u00edsticas petrof\u00edsicas de reservat\u00f3rio, a partir da resistividade espectral de testemunhos de bacias petrol\u00edferas, de reservat\u00f3rios an\u00e1logos, de&#8230;<\/p>\n","protected":false},"author":28,"featured_media":0,"parent":39,"menu_order":0,"comment_status":"closed","ping_status":"closed","template":"","meta":{"footnotes":""},"class_list":["post-139","page","type-page","status-publish","hentry"],"_links":{"self":[{"href":"https:\/\/uenf.br\/cct\/lenep-prh25-anp-finep\/wp-json\/wp\/v2\/pages\/139","targetHints":{"allow":["GET"]}}],"collection":[{"href":"https:\/\/uenf.br\/cct\/lenep-prh25-anp-finep\/wp-json\/wp\/v2\/pages"}],"about":[{"href":"https:\/\/uenf.br\/cct\/lenep-prh25-anp-finep\/wp-json\/wp\/v2\/types\/page"}],"author":[{"embeddable":true,"href":"https:\/\/uenf.br\/cct\/lenep-prh25-anp-finep\/wp-json\/wp\/v2\/users\/28"}],"replies":[{"embeddable":true,"href":"https:\/\/uenf.br\/cct\/lenep-prh25-anp-finep\/wp-json\/wp\/v2\/comments?post=139"}],"version-history":[{"count":0,"href":"https:\/\/uenf.br\/cct\/lenep-prh25-anp-finep\/wp-json\/wp\/v2\/pages\/139\/revisions"}],"up":[{"embeddable":true,"href":"https:\/\/uenf.br\/cct\/lenep-prh25-anp-finep\/wp-json\/wp\/v2\/pages\/39"}],"wp:attachment":[{"href":"https:\/\/uenf.br\/cct\/lenep-prh25-anp-finep\/wp-json\/wp\/v2\/media?parent=139"}],"curies":[{"name":"wp","href":"https:\/\/api.w.org\/{rel}","templated":true}]}}